{"id":36,"date":"2014-07-22T17:11:55","date_gmt":"2014-07-22T17:11:55","guid":{"rendered":"http:\/\/end-educationconference.org\/?page_id=36"},"modified":"2017-06-14T15:15:39","modified_gmt":"2017-06-14T15:15:39","slug":"scientific-committee","status":"publish","type":"page","link":"http:\/\/end-educationconference.org\/2017\/scientific-committee\/","title":{"rendered":"Scientific Committee"},"content":{"rendered":"<p style=\"text-align: left;\"><span style=\"color: #ff6600;\"><strong>Conference and Program Chair\u00a0<\/strong><\/span><\/p>\n<p style=\"text-align: left;\"><span style=\"color: #ff6600;\"><span lang=\"EN-US\"><span style=\"font-size: small;\"><br \/>\n<\/span><\/span><\/span><span style=\"font-size: small;\"><span style=\"font-size: small;\"><b>Mafalda Carmo<br \/>\n<\/b>World Institute for Advanced Research and Science (WIARS), Portugal<\/span><\/span><\/p>\n<p>&nbsp;<\/p>\n<p style=\"text-align: left;\"><span style=\"color: #ff6600;\"><strong>International Scientific Committee<\/strong><\/span><\/p>\n<p style=\"text-align: left;\">Abdurrahman\u00a0Guelbeyaz,\u00a0University of Salahaddin \u2013 Erbil,\u00a0Irak<br \/>\nAdri\u00a0Vermeer,\u00a0Utrecht University, The\u00a0Netherlands<br \/>\nAdrian\u00a0Rosan,\u00a0Babes-Bolyai University,\u00a0Romania<br \/>\nAgn\u0117 Ju\u0161kevi\u010dien\u0117,\u00a0Lithuanian University of Educational Sciences,\u00a0Lithuania<br \/>\nAharon\u00a0Gero,\u00a0Technion &#8211; Israel Institute of Technology,\u00a0Israel<br \/>\nAhrar\u00a0Husain,\u00a0Jamia Millia Islamia,\u00a0India<br \/>\nAist\u0117 Bartkevi\u010dien\u0117,\u00a0Mykolas Romeris University,\u00a0Lithuania<br \/>\nAli\u00a0Baykal,\u00a0Bahcesehir University,\u00a0Turkey<br \/>\nAnastasia\u00a0Hadjiyiannakou,\u00a0European University Cyprus,\u00a0Cyprus<br \/>\nAnca Draghici, Politehnica University Timisoara, Romania<br \/>\nAnca-Olga\u00a0Andronic,\u00a0Spiru Haret University,\u00a0Romania<br \/>\nAndrea\u00a0Hathazi,\u00a0Babes-Bolyai University,\u00a0Romania<br \/>\n\u00c2ngela\u00a0Carrancho da Silva,\u00a0UERJ \/ Funda\u00e7\u00e3o Cesgranrio \/ Funda\u00e7\u00e3o CECIERJ,\u00a0Brazil<br \/>\nAngela\u00a0James,\u00a0University of Kwazulu-Natal,\u00a0South Africa<br \/>\nAngela Piu, University of Valle d&#8217;Aosta, Italy<br \/>\nAnnalene\u00a0Van Staden,\u00a0University of the Free State,\u00a0South Africa<br \/>\nBernard Mulo\u00a0Farenkia,\u00a0Cape Breton University,\u00a0Canada<br \/>\nBinnur Ye\u015filyaprak,\u00a0Ankara University,\u00a0Turkey<br \/>\nBrigita\u00a0Janiunaite,\u00a0Kaunas University of Technology,\u00a0Lithuania<br \/>\n\u00c7a\u011fla Atmaca,\u00a0Pamukkale University,\u00a0Turkey<br \/>\nCarolina\u00a0Bodea Hategan,\u00a0Babes-Bolyai University,\u00a0Romania<br \/>\nCezar\u00a0Scarlat,\u00a0University \u201cPolitehnica\u201d of Bucharest,\u00a0Romania<br \/>\nCharalampos\u00a0Karagiannidis,\u00a0University of Thessaly,\u00a0Greece<br \/>\nCharles\u00a0Elkabas,\u00a0University of Toronto,\u00a0Canada<br \/>\nChristine\u00a0Besnard,\u00a0Glendon College, York University,\u00a0Canada<br \/>\nChristine\u00a0Robinson,\u00a0The University of Notre Dame,\u00a0Australia<br \/>\nChristopher\u00a0Fowler,\u00a0University of Essex,\u00a0United Kingdom<br \/>\nClaire\u00a0Schonaerts,\u00a0Northern Arizona University,\u00a0USA<br \/>\nCristiano\u00a0Luchetti,\u00a0American University of Sharjah,\u00a0United Arab Emirates<br \/>\nDaniela\u00a0Pasnicu,\u00a0Spiru Haret University,\u00a0Romania<br \/>\nDario\u00a0Ianes,\u00a0Free University of Bozen,\u00a0Italy<br \/>\nDavid\u00a0Aparisi,\u00a0University of Alicante,\u00a0Spain<br \/>\nDee\u00a0O\u2019Connor,\u00a0The University of Notre Dame,\u00a0Australia<br \/>\nDejan\u00a0Hozjan,\u00a0University of Primorska,\u00a0Slovenia<br \/>\nDenise Whitelock, The Open University, United Kingdom<br \/>\nDiane\u00a0Boothe,\u00a0Boise State University,\u00a0USA<br \/>\nDominique\u00a0Kern,\u00a0University of Haute Alsace (UHA),\u00a0France<br \/>\nDonata\u00a0Puntil,\u00a0King\u2019s College London,\u00a0United Kingdom<br \/>\nDorina Anca\u00a0Talas,\u00a0Babes-Bolyai University,\u00a0Romania<br \/>\nDouglas\u00a0Baleshta,\u00a0Thompson Rivers University,\u00a0Canada<br \/>\nEllen\u00a0Whitford,\u00a0Armstrong State University,\u00a0USA<br \/>\nErik F.\u00a0\u00d6verland,\u00a0Free University of Berlin,\u00a0Germany<br \/>\nEsther\u00a0Laslo,\u00a0Technion \u2013 Israel Institute of Technology and Zefat Academic College,\u00a0Israel<br \/>\nEvridiki\u00a0Zachopoulou,\u00a0Alexander Technological Educational Institute of Thessaloniki,\u00a0Greece<br \/>\nGabriel\u00a0Dima,\u00a0Innovate4Future, Center for Advances Educational Solutions and University Politehnica of Bucharest,\u00a0Romania<br \/>\nGeorgios\u00a0Zarifis,\u00a0Aristotle University of Thessaloniki,\u00a0Greece<br \/>\nGilles\u00a0Sagodira,\u00a0University of R\u00e9union Island,\u00a0Reunion<br \/>\nGina\u00a0Chianese,\u00a0Free University of Bozen,\u00a0Italy<br \/>\nGrainne M.\u00a0O\u2019 Donnell,\u00a0University College Dublin,\u00a0Ireland<br \/>\nHaim\u00a0Shaked,\u00a0Bar Ilan University,\u00a0Israel<br \/>\nHanife\u00a0Akar,\u00a0Middle East Technical University,\u00a0Turkey<br \/>\nHarvey\u00a0Oueijan,\u00a0Notre Dame University,\u00a0Lebanon<br \/>\nHelin\u00a0Puksand,\u00a0Tallinn University,\u00a0Estonia<br \/>\nIlijana\u00a0Cutura,\u00a0University of Kragujevac,\u00a0Serbia<br \/>\nIoana\u00a0Velica,\u00a0Babes-Bolyai University,\u00a0Romania<br \/>\nIulian\u00a0Apostu,\u00a0University of Bucharest,\u00a0Romania<br \/>\nJana\u00a0Kapounov\u00e1,\u00a0University of Ostrava,\u00a0Czech Republic<br \/>\nJana\u00a0Mazancov\u00e1,\u00a0Czech University of Life Sciences Prague,\u00a0Czech Republic<br \/>\nJanaina\u00a0Cardoso,\u00a0Rio de Janeiro State University,\u00a0Brazil<br \/>\nJeannette\u00a0Jones,\u00a0Texas Lutheran University,\u00a0USA<br \/>\nJoanna\u00a0Paliszkiewicz ,\u00a0Warsaw University of Life Sciences,\u00a0Poland<br \/>\nJo\u00e3o Batista\u00a0Bottentuit Junior,\u00a0Federal University of Maranh\u00e3o,\u00a0Brazil<br \/>\nJose Augusto\u00a0Oliveira Huguenin ,\u00a0Universidade Federal Fluminense (UFF),\u00a0Brazil<br \/>\nJosef\u00a0Trna,\u00a0Masaryk University,\u00a0Czech Republic<br \/>\nJosep\u00a0Sola Santesmases,\u00a0Blanquerna \u2013 University Ramon Llull,\u00a0Spain<br \/>\nJuana Maria\u00a0Sancho Gil,\u00a0University of Barcelona,\u00a0Spain<br \/>\nJudith\u00a0Szerdahelyi,\u00a0Western Kentucky University,\u00a0USA<br \/>\nJulia\u00a0Haba-Osca,\u00a0Universitat de Valencia,\u00a0Spain<br \/>\nKadi\u00a0Lukanenok,\u00a0Tallinn University,\u00a0Estonia<br \/>\nKarim\u00a0Moustaghfir,\u00a0Al Akhawayn University in Ifrane,\u00a0Morocco<br \/>\nKaterina\u00a0Kabassi,\u00a0Technological Educational Institute of the Ionian Islands,\u00a0Greece<br \/>\nKerstin Junge, The Tavistock Institute of Human Relations, United Kingdom<br \/>\nKonstantinos\u00a0Kalemis,\u00a0National and Kapodistrian University of Athens \/ National Centre for Local Government and Public Administration, Hellenic Ministry of Education,\u00a0Greece<br \/>\nKyparisia\u00a0Papanikolaou,\u00a0School of Pedagogical and Technological Education,\u00a0Greece<br \/>\nLad\u00e1rio\u00a0da Silva,\u00a0Universidade Federal Fluminense (UFF),\u00a0Brazil<br \/>\nLaura\u00a0Rio,\u00a0University of Salerno,\u00a0Italy<br \/>\nLaurent\u00a0Moccozet,\u00a0University of Geneva,\u00a0Switzerland<br \/>\nLeela\u00a0Ramsook,\u00a0University of Trinidad and Tobago,\u00a0Trinidad and Tobago<br \/>\nLefkothea\u00a0Kartasidou,\u00a0University of Macedonia,\u00a0Greece<br \/>\nLiliana\u00a0Dozza,\u00a0Free University of Bozen,\u00a0Italy<br \/>\nLiliana\u00a0Milevicich,\u00a0Universidad Tecnologica Nacional,\u00a0Argentina<br \/>\nLina Kaminskien\u0117,\u00a0Vytautas Magnus University,\u00a0Lithuania<br \/>\nLipaz\u00a0Sahmoa-Nir,\u00a0Zefat Academic College,\u00a0Israel<br \/>\nLongzhi\u00a0Yang,\u00a0Northumbria University,\u00a0United Kingdom<br \/>\nLoredana\u00a0Terec-Vlad, Stefan cel Mare University from Suceava and Lumen Research Center in Social and Humanistic Sciences,\u00a0Romania<br \/>\nLorna M.\u00a0Dreyer,\u00a0Stellenbosch University,\u00a0South Africa<br \/>\nLuca\u00a0Refrigeri,\u00a0University of Molise,\u00a0Italy<br \/>\nLuc\u00eda\u00a0Casal de la Fuente,\u00a0University of Santiago de Compostela,\u00a0Spain<br \/>\nLuminita\u00a0Cocarta,\u00a0Al. I. Cuza University of Iasi,\u00a0Romania<br \/>\nMaria\u00a0Moundridou,\u00a0School of Pedagogical and Technological Education (ASPETE),\u00a0Greece<br \/>\nMaria\u00a0Schwarz-woelzl,\u00a0Zentrum Fuer Soziale Innovation Gmbh,\u00a0Austria<br \/>\nMaria Carme\u00a0Boqu\u00e9 Torremorell,\u00a0Ramon Llull University,\u00a0Spain<br \/>\nMarielle\u00a0Patronis,\u00a0Zayed University,\u00a0United Arab Emirates<br \/>\nMarta\u00a0Cabral,\u00a0Columbia University,\u00a0USA<br \/>\nMdutshekelwa\u00a0Ndlovu,\u00a0Stellenbosch University,\u00a0South Africa<br \/>\nMelissa\u00a0Caspary,\u00a0Georgia Gwinnett College,\u00a0USA<br \/>\nMeral\u00a0Aksu,\u00a0Middle East Technical University,\u00a0Turkey<br \/>\nMetaxia\u00a0Pavlakou,\u00a0Oxford Brookes University,\u00a0United Kingdom<br \/>\nMicha\u0142 Pietrzak,\u00a0Warsaw University of Life Sciences,\u00a0Poland<br \/>\nMilan\u00a0Kubiatko,\u00a0University of Zilina,\u00a0Slovakia<br \/>\nNaseer\u00a0Ahmed,\u00a0Al Ghurair University,\u00a0United Arab Emirates<br \/>\nNazario\u00a0Zambaldi,\u00a0Free University of Bolzano,\u00a0Italy<br \/>\nNikolaos\u00a0Marianos,\u00a0Neuropublic SA \/ University of the Aegean,\u00a0Greece<br \/>\nNina K.\u00a0Buchanan,\u00a0University of Hawaii,\u00a0USA<br \/>\nOlga\u00a0Chis,\u00a0Babes-Bolyai University,\u00a0Romania<br \/>\nParaskevi\u00a0Chatzipanagiotou,\u00a0European University Cyprus,\u00a0Cyprus<br \/>\nPascal\u00a0Marquet,\u00a0University of Strasbourg,\u00a0France<br \/>\nPascalia\u00a0Patsala,\u00a0University of Sheffield International Faculty, Thessaloniki,\u00a0Greece<br \/>\nPedro\u00a0Canto,\u00a0Universidad Aut\u00f3noma de Yucat\u00e1n,\u00a0Mexico<br \/>\nPetros\u00a0Kefalas,\u00a0University of Sheffield International Faculty,\u00a0Greece<br \/>\nP. K.\u00a0Paul,\u00a0Raiganj University,\u00a0West Bengal, India<br \/>\nPule\u00a0Phindane,\u00a0Central University of Technology,\u00a0South Africa<br \/>\nRasa\u00a0Nedzinskaite,\u00a0Lithuanian University of Educational Sciences,\u00a0Lithuania<br \/>\nRashid\u00a0Jayousi,\u00a0Al-Quds University,\u00a0Palestine<br \/>\nRawad\u00a0Chaker,\u00a0Lebanese University,\u00a0France<br \/>\nRazvan-Lucian\u00a0Andronic,\u00a0Spiru Haret University,\u00a0Romania<br \/>\nRobert A.\u00a0Fox,\u00a0University of Hawaii,\u00a0USA<br \/>\nRomano\u00a0Martini,\u00a0Niccol\u00f2 Cusano University,\u00a0Italy<br \/>\nRosanna\u00a0Tammaro,\u00a0University of Salerno,\u00a0Italy<br \/>\nRosemary\u00a0Papa,\u00a0Northern Arizona University,\u00a0USA<br \/>\nSe\u00e1n Doyle,\u00a0UCL Institute of Education, University College London,\u00a0United Kingdom<br \/>\nSeppo\u00a0Sirkemaa,\u00a0University of Turku,\u00a0Finland<br \/>\nSercan Sa\u011flam,\u00a0Anadolu University,\u00a0Turkey<br \/>\nSeweryn\u00a0Spalek,\u00a0Silesian University of Technology,\u00a0Poland<br \/>\nShakila\u00a0Singh,\u00a0University of Kwazulu Natal,\u00a0South Africa<br \/>\nSheryl\u00a0Williams,\u00a0Loughborough University,\u00a0United Kingdom<br \/>\nSilvia\u00a0Pokriv\u010d\u00e1kov\u00e1,\u00a0Trnava University,\u00a0Slovakia<br \/>\nSimon\u00a0Richir,\u00a0Arts et Metiers Paristech (ENSAM),\u00a0France<br \/>\nSonia\u00a0de Almeida Pimenta,\u00a0Universidade Federal da Paraiba ,\u00a0Brazil<br \/>\nStephanie Linek, ZBW &#8211; Leibniz Information Centre for Economics, Germany<br \/>\nSteven\u00a0Malliet,\u00a0University of Antwerp,\u00a0Belgium<br \/>\nSurendra\u00a0Pathak,\u00a0IASE Deemed University,\u00a0India<br \/>\nSusie\u00a0Ruston McAleer,\u00a021c Consultancy,\u00a0United Kingdom<br \/>\nSuzie\u00a0Savvidou,\u00a0The University of Sheffield International Faculty, CITY College,\u00a0Greece<br \/>\nTatjana\u00a0Portnova,\u00a0Russian Center of the University of Granada,\u00a0Spain<br \/>\nTintswalo\u00a0Manyike,\u00a0University of South Africa,\u00a0South Africa<br \/>\nTony\u00a0Toole,\u00a0University of Wales, Trinity Sait David,\u00a0United Kingdom<br \/>\nTracy\u00a0Treasure,\u00a0The University of Notre Dame,\u00a0Australia<br \/>\nUlas Basar\u00a0Gezgin,\u00a0British University Vietnam &amp; Staffordshire University,\u00a0United Kingdom<br \/>\nValerie\u00a0Hascoet,\u00a0Dublin Institute of Technology,\u00a0Ireland<br \/>\nVassilis\u00a0Argyropoulos,\u00a0University of Thessaly,\u00a0Greece<br \/>\nVerica\u00a0Babi\u0107,\u00a0University of Kragujevac,\u00a0Serbia<br \/>\nVirginiya\u00a0Zhelyazkova,\u00a0VUZF University,\u00a0Bulgaria<br \/>\nYakim Kitanov, VUZF University, Bulgaria<br \/>\nYonghuai\u00a0Liu,\u00a0Aberystwyth University,\u00a0United Kingdom<\/p>\n","protected":false},"excerpt":{"rendered":"<p>Conference and Program Chair\u00a0 Mafalda Carmo World Institute for Advanced Research and Science (WIARS), Portugal &nbsp; International Scientific Committee Abdurrahman\u00a0Guelbeyaz,\u00a0University of Salahaddin \u2013 Erbil,\u00a0Irak Adri\u00a0Vermeer,\u00a0Utrecht University, The\u00a0Netherlands Adrian\u00a0Rosan,\u00a0Babes-Bolyai University,\u00a0Romania Agn\u0117 Ju\u0161kevi\u010dien\u0117,\u00a0Lithuanian University of Educational Sciences,\u00a0Lithuania Aharon\u00a0Gero,\u00a0Technion &#8211; Israel Institute of Technology,\u00a0Israel Ahrar\u00a0Husain,\u00a0Jamia Millia Islamia,\u00a0India Aist\u0117 Bartkevi\u010dien\u0117,\u00a0Mykolas Romeris University,\u00a0Lithuania Ali\u00a0Baykal,\u00a0Bahcesehir University,\u00a0Turkey Anastasia\u00a0Hadjiyiannakou,\u00a0European University Cyprus,\u00a0Cyprus Anca Draghici, [&hellip;]<\/p>\n","protected":false},"author":1,"featured_media":0,"parent":0,"menu_order":0,"comment_status":"closed","ping_status":"closed","template":"","meta":{"jetpack_post_was_ever_published":false,"footnotes":""},"class_list":["post-36","page","type-page","status-publish","hentry"],"jetpack_sharing_enabled":true,"jetpack_likes_enabled":true,"jetpack_shortlink":"https:\/\/wp.me\/P96DmL-A","_links":{"self":[{"href":"http:\/\/end-educationconference.org\/2017\/wp-json\/wp\/v2\/pages\/36","targetHints":{"allow":["GET"]}}],"collection":[{"href":"http:\/\/end-educationconference.org\/2017\/wp-json\/wp\/v2\/pages"}],"about":[{"href":"http:\/\/end-educationconference.org\/2017\/wp-json\/wp\/v2\/types\/page"}],"author":[{"embeddable":true,"href":"http:\/\/end-educationconference.org\/2017\/wp-json\/wp\/v2\/users\/1"}],"replies":[{"embeddable":true,"href":"http:\/\/end-educationconference.org\/2017\/wp-json\/wp\/v2\/comments?post=36"}],"version-history":[{"count":81,"href":"http:\/\/end-educationconference.org\/2017\/wp-json\/wp\/v2\/pages\/36\/revisions"}],"predecessor-version":[{"id":4699,"href":"http:\/\/end-educationconference.org\/2017\/wp-json\/wp\/v2\/pages\/36\/revisions\/4699"}],"wp:attachment":[{"href":"http:\/\/end-educationconference.org\/2017\/wp-json\/wp\/v2\/media?parent=36"}],"curies":[{"name":"wp","href":"https:\/\/api.w.org\/{rel}","templated":true}]}}