{"id":18,"date":"2014-07-22T17:09:29","date_gmt":"2014-07-22T17:09:29","guid":{"rendered":"http:\/\/end-educationconference.org\/?page_id=18"},"modified":"2020-01-22T14:18:53","modified_gmt":"2020-01-22T14:18:53","slug":"home","status":"publish","type":"page","link":"http:\/\/end-educationconference.org\/2018\/","title":{"rendered":"Home"},"content":{"rendered":"<h1 style=\"text-align: center;\"><strong>Welcome to END 2018 Conference Website!<\/strong><\/h1>\n<table border=\"0\" cellpadding=\"0\">\n<tbody>\n<tr style=\"text-align: justify;\">\n<td style=\"text-align: left;\" valign=\"top\" width=\"366\"><span style=\"font-size: 13px; line-height: 22.5px;\">Education, in a global sense, is a right since we are born. Every experience has a formative effect on the constitution of the human being, in the way one thinks, feels and acts. One of the most important contribution resides in what and how we learn through the improvement of educational processes, both in formal and informal settings. Our International Conference seeks to provide some answers and explore the processes, actions, challenges and outcomes of learning, teaching and human development. Our goal is to offer a worldwide connection between teachers, students, researchers and lecturers, from a wide range of academic fields, interested in exploring and giving their contribution in educational issues. The International Conference on Education and New Developments 2017 invites you to showcase presentations, from the most diverse countries and cultures, to promote growth in research methods intimately related to teaching, learning and applications in Education nowadays. We wish to illustrate developments and new ways of thinking in these main fields: <\/span><br \/>\n<span style=\"font-size: 13px; line-height: 22.5px;\">\u2022 Teachers and Students <\/span><br \/>\n<span style=\"font-size: 13px; line-height: 22.5px;\">\u2022 Projects and Trends <\/span><br \/>\n<span style=\"font-size: 13px; line-height: 22.5px;\">\u2022 Teaching and Learning <\/span><br \/>\n<span style=\"font-size: 13px; line-height: 22.5px;\">\u2022 Organizational Issues<\/span><\/td>\n<td style=\"text-align: left;\" rowspan=\"6\" valign=\"top\" width=\"210\">\n<h3 style=\"text-align: left;\"><span style=\"color: #ff6600;\"><strong>NEWS:<\/strong><\/span><\/h3>\n<h5><strong>The Virtual Presentations section is available\u00a0<a href=\"http:\/\/end-educationconference.org\/2018\/virtual-presentations\/\" target=\"_blank\" rel=\"noopener\">here<\/a><\/strong><\/h5>\n<hr \/>\n<h3><strong>The Final Program is available\u00a0<a href=\"http:\/\/end-educationconference.org\/2018\/conference-program\/\">here<\/a><\/strong><\/h3>\n<hr \/>\n<h4><\/h4>\n<h5><span style=\"text-decoration: underline;\"><span style=\"color: #ff6600; text-decoration: underline;\">KEYNOTE SPEAKERS CONFIRMED:<\/span><\/span><\/h5>\n<p><strong><a href=\"http:\/\/end-educationconference.org\/2018\/keynote-speaker-zoltan-ronay\/\" target=\"_blank\" rel=\"noopener\">Prof. Dr.\u00a0Zolt\u00e1n R\u00f3nay<\/a><br \/>\n<\/strong>(Ph.D, Associate Professor)<br \/>\nResearch Group for Higher Education and Innovation, Institute of Education, Faculty of Education and Psychology, E\u00f6tv\u00f6s Lor\u00e1nd University, Hungary<\/p>\n<p>and<\/p>\n<p><strong><a href=\"http:\/\/end-educationconference.org\/2018\/keynote-speaker-gyongyi-bujdoso\" target=\"_blank\" rel=\"noopener\">Prof. Dr. Gy\u00f6ngyi Bujdos\u00f3<\/a><br \/>\n<\/strong>(PhD, Senior lecturer)<br \/>\nFaculty of Informatics, University of Debrecen, Hungary<\/p>\n<hr \/>\n<h4><b>Submissions are closed.<\/b><\/h4>\n<p>To register for the conference, please click\u00a0<a href=\"http:\/\/end-educationconference.org\/2018\/registration\/\" target=\"_blank\" rel=\"noopener\">here<\/a>.<\/td>\n<\/tr>\n<tr>\n<td valign=\"top\" width=\"366\"><span style=\"line-height: 22.5px; font-family: 'Open Sans', Arial, Helvetica, sans-serif; font-size: 13px; font-style: normal;\">The Conference Official Language is <span style=\"color: #ff0000; text-decoration: underline;\"><strong>ENGLISH<\/strong><\/span><\/span><\/td>\n<\/tr>\n<tr>\n<td valign=\"top\" width=\"366\">\u00a0<span style=\"font-family: 'Open Sans', Arial, Helvetica, sans-serif; font-size: 13px; font-style: normal; line-height: 22.5px;\">To download our END 2018 Conference Official Poster click <a href=\"http:\/\/end-educationconference.org\/wp-content\/uploads\/2017\/07\/Poster-END-2018_site.pdf\" target=\"_blank\" rel=\"noopener\">here<\/a><\/span><\/td>\n<\/tr>\n<tr>\n<td valign=\"top\" width=\"366\"><span style=\"font-family: 'Open Sans', Arial, Helvetica, sans-serif; font-size: 13px; font-style: normal; line-height: 22.5px;\">Click to check our previous: <a href=\"http:\/\/end-educationconference.org\/2017\/\" target=\"_blank\" rel=\"noopener\">END 2017<\/a>,\u00a0<a href=\"http:\/\/end-educationconference.org\/2016\/\" target=\"_blank\" rel=\"noopener noreferrer\">END 2016<\/a>,\u00a0<a href=\"http:\/\/end-educationconference.org\/2015\/\" target=\"_blank\" rel=\"noopener noreferrer\">END 2015<\/a>, <a href=\"http:\/\/end-educationconference.org\/2014\/\" target=\"_blank\" rel=\"noopener noreferrer\">END 2014<\/a>\u00a0&amp;\u00a0<a href=\"http:\/\/end-educationconference.org\/2013\/\" target=\"_blank\" rel=\"noopener noreferrer\">END 2013<\/a><\/span><\/td>\n<\/tr>\n<tr>\n<td valign=\"top\" width=\"366\"><span style=\"font-family: 'Open Sans', Arial, Helvetica, sans-serif; font-size: 13px; font-style: normal; line-height: 22.5px;\">Click <a href=\"https:\/\/www.flickr.com\/photos\/97079420@N08\/albums\/with\/72157682537822362\" target=\"_blank\" rel=\"noopener\">HERE <\/a>to see the photos of the previous editions of END Conference.<\/span><\/td>\n<\/tr>\n<tr>\n<td valign=\"top\" width=\"366\">After the conference, the book of proceedings will be proposed for\u00a0indexing in\u00a0<strong>Thomson Reuters Web of Science, CiteSeerX,\u00a0EBSCO, Scopus, Elsevier, ERIC, Research Bible, among others<\/strong>.<\/td>\n<\/tr>\n<tr>\n<td valign=\"top\" width=\"366\">\n<p style=\"text-align: left;\"><strong>Sponsored by:\u00a0 \u00a0 \u00a0 \u00a0 \u00a0 \u00a0 \u00a0 \u00a0 \u00a0 \u00a0 \u00a0 \u00a0 \u00a0 \u00a0 \u00a0 \u00a0 \u00a0Media Partners:<\/strong><\/p>\n<p><a href=\"http:\/\/www.globaleducationmagazine.com\/\" target=\"_blank\" rel=\"noopener\"><img data-recalc-dims=\"1\" loading=\"lazy\" decoding=\"async\" data-attachment-id=\"3070\" data-permalink=\"http:\/\/end-educationconference.org\/2018\/home\/imprimir\/#main\" data-orig-file=\"https:\/\/i0.wp.com\/end-educationconference.org\/2018\/wp-content\/uploads\/2014\/07\/global-education-magazine.jpg?fit=653%2C305\" data-orig-size=\"653,305\" data-comments-opened=\"0\" data-image-meta=\"{&quot;aperture&quot;:&quot;0&quot;,&quot;credit&quot;:&quot;&quot;,&quot;camera&quot;:&quot;&quot;,&quot;caption&quot;:&quot;&quot;,&quot;created_timestamp&quot;:&quot;0&quot;,&quot;copyright&quot;:&quot;&quot;,&quot;focal_length&quot;:&quot;0&quot;,&quot;iso&quot;:&quot;0&quot;,&quot;shutter_speed&quot;:&quot;0&quot;,&quot;title&quot;:&quot;Imprimir&quot;,&quot;orientation&quot;:&quot;1&quot;}\" data-image-title=\"Global Education Magazine\" data-image-description=\"\" data-image-caption=\"\" data-medium-file=\"https:\/\/i0.wp.com\/end-educationconference.org\/2018\/wp-content\/uploads\/2014\/07\/global-education-magazine.jpg?fit=300%2C140\" data-large-file=\"https:\/\/i0.wp.com\/end-educationconference.org\/2018\/wp-content\/uploads\/2014\/07\/global-education-magazine.jpg?fit=653%2C305\" class=\"alignnone wp-image-3070\" src=\"https:\/\/i0.wp.com\/end-educationconference.org\/wp-content\/uploads\/2014\/07\/global-education-magazine-300x140.jpg?resize=200%2C93\" alt=\"\" width=\"200\" height=\"93\" srcset=\"https:\/\/i0.wp.com\/end-educationconference.org\/2018\/wp-content\/uploads\/2014\/07\/global-education-magazine.jpg?resize=300%2C140 300w, https:\/\/i0.wp.com\/end-educationconference.org\/2018\/wp-content\/uploads\/2014\/07\/global-education-magazine.jpg?w=653 653w\" sizes=\"auto, (max-width: 200px) 100vw, 200px\" \/><\/a>\u00a0\u00a0<a href=\"http:\/\/www.kdslglobal.com\/\" target=\"_blank\" rel=\"noopener\"><img data-recalc-dims=\"1\" loading=\"lazy\" decoding=\"async\" data-attachment-id=\"5036\" data-permalink=\"http:\/\/end-educationconference.org\/2018\/home\/print\/#main\" data-orig-file=\"https:\/\/i0.wp.com\/end-educationconference.org\/2018\/wp-content\/uploads\/2017\/11\/KDSL-Global-logo-RGB.jpg?fit=255%2C290\" data-orig-size=\"255,290\" data-comments-opened=\"0\" data-image-meta=\"{&quot;aperture&quot;:&quot;0&quot;,&quot;credit&quot;:&quot;&quot;,&quot;camera&quot;:&quot;&quot;,&quot;caption&quot;:&quot;&quot;,&quot;created_timestamp&quot;:&quot;0&quot;,&quot;copyright&quot;:&quot;&quot;,&quot;focal_length&quot;:&quot;0&quot;,&quot;iso&quot;:&quot;0&quot;,&quot;shutter_speed&quot;:&quot;0&quot;,&quot;title&quot;:&quot;Print&quot;,&quot;orientation&quot;:&quot;1&quot;}\" data-image-title=\"\" data-image-description=\"\" data-image-caption=\"\" data-medium-file=\"https:\/\/i0.wp.com\/end-educationconference.org\/2018\/wp-content\/uploads\/2017\/11\/KDSL-Global-logo-RGB.jpg?fit=255%2C290\" data-large-file=\"https:\/\/i0.wp.com\/end-educationconference.org\/2018\/wp-content\/uploads\/2017\/11\/KDSL-Global-logo-RGB.jpg?fit=255%2C290\" class=\"alignnone wp-image-5036\" src=\"https:\/\/i0.wp.com\/end-educationconference.org\/wp-content\/uploads\/2017\/11\/KDSL-Global-logo-RGB.jpg?resize=88%2C100\" alt=\"\" width=\"88\" height=\"100\" \/><\/a>\u00a0<a href=\"http:\/\/wiars.org\/\" target=\"_blank\" rel=\"noopener noreferrer\"><img data-recalc-dims=\"1\" loading=\"lazy\" decoding=\"async\" data-attachment-id=\"78\" data-permalink=\"http:\/\/end-educationconference.org\/2018\/home\/wiars_web_200x189\/#main\" data-orig-file=\"https:\/\/i0.wp.com\/end-educationconference.org\/2018\/wp-content\/uploads\/2014\/07\/WIARS_web_200x189.jpg?fit=200%2C189\" data-orig-size=\"200,189\" data-comments-opened=\"0\" data-image-meta=\"{&quot;aperture&quot;:&quot;0&quot;,&quot;credit&quot;:&quot;&quot;,&quot;camera&quot;:&quot;&quot;,&quot;caption&quot;:&quot;&quot;,&quot;created_timestamp&quot;:&quot;0&quot;,&quot;copyright&quot;:&quot;&quot;,&quot;focal_length&quot;:&quot;0&quot;,&quot;iso&quot;:&quot;0&quot;,&quot;shutter_speed&quot;:&quot;0&quot;,&quot;title&quot;:&quot;&quot;}\" data-image-title=\"WIARS\" data-image-description=\"\" data-image-caption=\"\" data-medium-file=\"https:\/\/i0.wp.com\/end-educationconference.org\/2018\/wp-content\/uploads\/2014\/07\/WIARS_web_200x189.jpg?fit=200%2C189\" data-large-file=\"https:\/\/i0.wp.com\/end-educationconference.org\/2018\/wp-content\/uploads\/2014\/07\/WIARS_web_200x189.jpg?fit=200%2C189\" class=\"alignleft wp-image-78\" src=\"https:\/\/i0.wp.com\/end-educationconference.org\/wp-content\/uploads\/2014\/07\/WIARS_web_200x189.jpg?resize=150%2C142\" alt=\"WIARS\" width=\"150\" height=\"142\" \/><\/a><\/td>\n<\/tr>\n<\/tbody>\n<\/table>\n<p>&nbsp;<\/p>\n<p>&nbsp;<\/p>\n","protected":false},"excerpt":{"rendered":"<p>Welcome to END 2018 Conference Website! Education, in a global sense, is a right since we are born. Every experience has a formative effect on the constitution of the human being, in the way one thinks, feels and acts. One of the most important contribution resides in what and how we learn through the improvement [&hellip;]<\/p>\n","protected":false},"author":1,"featured_media":0,"parent":0,"menu_order":0,"comment_status":"closed","ping_status":"closed","template":"","meta":{"jetpack_post_was_ever_published":false,"footnotes":""},"class_list":["post-18","page","type-page","status-publish","hentry"],"jetpack_sharing_enabled":true,"jetpack_likes_enabled":true,"jetpack_shortlink":"https:\/\/wp.me\/Pa9ucn-i","_links":{"self":[{"href":"http:\/\/end-educationconference.org\/2018\/wp-json\/wp\/v2\/pages\/18","targetHints":{"allow":["GET"]}}],"collection":[{"href":"http:\/\/end-educationconference.org\/2018\/wp-json\/wp\/v2\/pages"}],"about":[{"href":"http:\/\/end-educationconference.org\/2018\/wp-json\/wp\/v2\/types\/page"}],"author":[{"embeddable":true,"href":"http:\/\/end-educationconference.org\/2018\/wp-json\/wp\/v2\/users\/1"}],"replies":[{"embeddable":true,"href":"http:\/\/end-educationconference.org\/2018\/wp-json\/wp\/v2\/comments?post=18"}],"version-history":[{"count":267,"href":"http:\/\/end-educationconference.org\/2018\/wp-json\/wp\/v2\/pages\/18\/revisions"}],"predecessor-version":[{"id":5453,"href":"http:\/\/end-educationconference.org\/2018\/wp-json\/wp\/v2\/pages\/18\/revisions\/5453"}],"wp:attachment":[{"href":"http:\/\/end-educationconference.org\/2018\/wp-json\/wp\/v2\/media?parent=18"}],"curies":[{"name":"wp","href":"https:\/\/api.w.org\/{rel}","templated":true}]}}