{"id":36,"date":"2014-07-22T17:11:55","date_gmt":"2014-07-22T17:11:55","guid":{"rendered":"http:\/\/end-educationconference.org\/?page_id=36"},"modified":"2018-08-07T10:44:22","modified_gmt":"2018-08-07T10:44:22","slug":"scientific-committee","status":"publish","type":"page","link":"http:\/\/end-educationconference.org\/2018\/scientific-committee\/","title":{"rendered":"Scientific Committee"},"content":{"rendered":"<p style=\"text-align: justify;\"><strong><span style=\"color: #ff6600;\">Conference and Program Chair<\/span><\/strong><\/p>\n<p><strong>Mafalda Carmo<\/strong>,<br \/>\nWorld Institute for Advanced Research and Science (WIARS), Portugal<\/p>\n<p>&nbsp;<\/p>\n<p style=\"text-align: justify;\"><strong><span style=\"color: #ff6600;\">International Scientific Committee<\/span><\/strong><\/p>\n<p>Aaron R.\u00a0Deris,\u00a0Minnesota State University,\u00a0USA<br \/>\nAbdurrahman\u00a0Guelbeyaz,\u00a0University of Salahaddin &#8211; Erbil,\u00a0Irak<br \/>\nAharon\u00a0Gero,\u00a0Technion &#8211; Israel Institute of Technology,\u00a0Israel<br \/>\nAhrar Husain,\u00a0Jamia Millia Islamia,\u00a0India<br \/>\nAist\u0117 Bartkevi\u010dien\u0117, Social Educational Initiatives Centre PLUS, Lithuania<br \/>\nAlan\u00a0Singer,\u00a0Hofstra University,\u00a0USA<br \/>\nAli\u00a0Baykal,\u00a0Bahcesehir University,\u00a0Turkey<br \/>\nAli\u00a0Yildirim,\u00a0Middle East Technical University,\u00a0Turkey<br \/>\nAlice\u00a0Stephens,\u00a0Clark Atlanta University,\u00a0USA<br \/>\nAnca\u00a0Draghici,\u00a0Politehnica University Timisoara,\u00a0Romania<br \/>\nAnca-Olga\u00a0Andronic,\u00a0Spiru Haret University,\u00a0Romania<br \/>\nAndis\u00a0Klegeris,\u00a0University of British Columbia,\u00a0Canada<br \/>\nAndrea\u00a0Hathazi,\u00a0Babes-Bolyai University,\u00a0Romania<br \/>\nAngela\u00a0Hovey,\u00a0Lakehead University,\u00a0Canada<br \/>\nAngela\u00a0James,\u00a0University of Kwazulu-Natal,\u00a0South Africa<br \/>\nAngela\u00a0Piu,\u00a0University of Valle d&#8217;Aosta,\u00a0Italy<br \/>\nAphrodite\u00a0Ktena,\u00a0Tei of Sterea Ellada,\u00a0Greece<br \/>\nBelkis\u00a0Tekmen,\u00a0Baskent University \/ Gothenburg University, Turkey \/ Sweden<br \/>\nBinnur\u00a0Ye\u015filyaprak,\u00a0Ankara University,\u00a0Turkey<br \/>\nBrigita\u00a0Jani\u016bnait\u0117,\u00a0Kaunas University of Technology,\u00a0Lithuania<br \/>\nBurcu\u00a0Ko\u00e7,\u00a0Sakarya University,\u00a0Turkey<br \/>\n\u00c7a\u011fla\u00a0Atmaca,\u00a0Pamukkale University,\u00a0Turkey<br \/>\nCarolina\u00a0Bodea Hategan,\u00a0Babes-Bolyai University,\u00a0Romania<br \/>\nCezar\u00a0Scarlat,\u00a0University &#8220;Politehnica&#8221; of Bucharest,\u00a0Romania<br \/>\nCharalampos\u00a0Karagiannidis,\u00a0University of Thessaly,\u00a0Greece<br \/>\nCharles\u00a0Elkabas,\u00a0University of Toronto,\u00a0Canada<br \/>\nChristian David\u00a0Quintero Guerrero,\u00a0Nueva Granada Militar University,\u00a0Colombia<br \/>\nChristine\u00a0Besnard,\u00a0Glendon College, York University,\u00a0Canada<br \/>\nChun\u00a0Wu,\u00a0Mount Marty College,\u00a0USA<br \/>\nClara\u00a0Barroso,\u00a0University of La Laguna,\u00a0Spain<br \/>\nCory A.\u00a0Bennett,\u00a0Idaho State University,\u00a0USA<br \/>\nCristiano\u00a0Luchetti,\u00a0American University of Sharjah,\u00a0United Arab Emirates<br \/>\nDaniela\u00a0Pasnicu,\u00a0Spiru Haret University,\u00a0Romania<br \/>\nDario\u00a0Ianes,\u00a0Free University of Bozen,\u00a0Italy<br \/>\nDavid\u00a0Aparisi,\u00a0University of Alicante,\u00a0Spain<br \/>\nDee O&#8217;Connor, The University of Notre Dame, Australia<br \/>\nDejan\u00a0Hozjan,\u00a0University of Primorska,\u00a0Slovenia<br \/>\nDenise\u00a0Whitelock,\u00a0The Open University,\u00a0United Kingdom<br \/>\nDiane\u00a0Boothe,\u00a0Boise State University,\u00a0USA<br \/>\nDimitris\u00a0Dranidis,\u00a0University of Sheffield International Faculty, CITY College,\u00a0Greece<br \/>\nDisaya\u00a0Chudasri,\u00a0Chiang Mai University,\u00a0Thailand<br \/>\nDonata\u00a0Puntil,\u00a0King&#8217;s College London,\u00a0United Kingdom<br \/>\nDorina Anca\u00a0Talas,\u00a0Babes-Bolyai University,\u00a0Romania<br \/>\nDouglas\u00a0Baleshta,\u00a0Thompson Rivers University,\u00a0Canada<br \/>\nEllen\u00a0Whitford,\u00a0Armstrong State University,\u00a0USA<br \/>\nErik F.\u00a0\u00d6verland,\u00a0Free University of Berlin,\u00a0Germany<br \/>\nFrancis\u00a0Stonier,\u00a0University of West Georgia,\u00a0USA<br \/>\nGabriel\u00a0Dima,\u00a0Innovate4Future, Center for Advances Educational Solutions and University Politehnica of Bucharest,\u00a0Romania<br \/>\nGilles\u00a0Sagodira,\u00a0University of R\u00e9union Island,\u00a0Reunion<br \/>\nGina\u00a0Chianese,\u00a0Free University of Bozen,\u00a0Italy<br \/>\nGinette\u00a0Roberge,\u00a0Laurentian University,\u00a0Canada<br \/>\nGiuditta\u00a0Alessandrini,\u00a0Universit\u00e0 degli Studi Roma TRE,\u00a0Italy<br \/>\nGrainne M.\u00a0O&#8217; Donnell,\u00a0University College Dublin,\u00a0Ireland<br \/>\nHaim\u00a0Shaked,\u00a0Hemdat Hadarom College of Education,\u00a0Israel<br \/>\nHarvey\u00a0Oueijan,\u00a0Notre Dame University,\u00a0Lebanon<br \/>\nHava\u00a0Vidergor,\u00a0Gordon Academic College of Education \/ Arab Academic College of Education,\u00a0Israel<br \/>\nHelin\u00a0Puksand,\u00a0University of Tartu,\u00a0Estonia<br \/>\nIna\u00a0Blau,\u00a0The Open University of Israel,\u00a0Israel<br \/>\nIoana\u00a0Velica,\u00a0Babes-Bolyai University,\u00a0Romania<br \/>\nIulia\u00a0Mihalache,\u00a0Universit\u00e9 du Qu\u00e9bec en Outaouais,\u00a0Canada<br \/>\nIulian\u00a0Apostu,\u00a0University of Bucharest,\u00a0Romania<br \/>\nJacquelyn\u00a0Baker-Sennett,\u00a0Western Washington University,\u00a0USA<br \/>\nJana\u00a0Kapounov\u00e1,\u00a0University of Ostrava,\u00a0Czech Republic<br \/>\nJana\u00a0Mazancov\u00e1,\u00a0Czech University of Life Sciences Prague,\u00a0Czech Republic<br \/>\nJanaina\u00a0Cardoso,\u00a0Rio de Janeiro State University,\u00a0Brazil<br \/>\nJeanne\u00a0Schreurs,\u00a0Hasselt University,\u00a0Belgium<br \/>\nJeannette\u00a0Jones,\u00a0Texas Lutheran University,\u00a0USA<br \/>\nJoana Paulin\u00a0Romanowski,\u00a0PUCPR &#8211; Pontif\u00edcia Universidade Cat\u00f3lica do Paran\u00e1,\u00a0Brazil<br \/>\nJoanna\u00a0Paliszkiewicz,\u00a0Warsaw University of Life Sciences,\u00a0Poland<br \/>\nJo\u00e3o Batista\u00a0Bottentuit Junior,\u00a0Federal University of Maranh\u00e3o,\u00a0Brazil<br \/>\nJose Augusto\u00a0Oliveira Huguenin,\u00a0Universidade Federal Fluminense,\u00a0Brazil<br \/>\nJuana Maria\u00a0Sancho Gil,\u00a0University of Barcelona,\u00a0Spain<br \/>\nJudith\u00a0Szerdahelyi,\u00a0Western Kentucky University,\u00a0USA<br \/>\nJulia\u00a0Haba-Osca,\u00a0Universitat de Valencia,\u00a0Spain<br \/>\nKadi\u00a0Lukanenok,\u00a0Tallinn University,\u00a0Estonia<br \/>\nKamisah\u00a0Osman,\u00a0The National University of Malaysia,\u00a0Malaysia<br \/>\nKaren\u00a0Butler,\u00a0Johnson C. Smith University,\u00a0USA<br \/>\nKarim\u00a0Moustaghfir,\u00a0Al Akhawayn University in Ifrane,\u00a0Morocco<br \/>\nKatar\u00edna Slobodov\u00e1 Nov\u00e1kov\u00e1,\u00a0University of Ss. Cyril and Methodius in Trnava,\u00a0Slovakia<br \/>\nKaterina\u00a0Kabassi,\u00a0Technological Educational Institute of the Ionian Islands,\u00a0Greece<br \/>\nKate\u0159ina Vit\u00e1skov\u00e1,\u00a0Palack\u00fd University in Olomouc,\u00a0Czech Republic<br \/>\nKerstin\u00a0Junge,\u00a0The Tavistock Institute of Human Relations,\u00a0United Kingdom<br \/>\nKonstantinos\u00a0Kalemis,\u00a0National and Kapodistrian University of Athens \/ National Centre for Local Government and Public Administration, Hellenic Ministry of Education,\u00a0Greece<br \/>\nKrystyna\u00a0Nowak-Fabrykowski,\u00a0Central Michigan University,\u00a0USA<br \/>\nKyparisia\u00a0Papanikolaou,\u00a0School of Pedagogical and Technological Education,\u00a0Greece<br \/>\nLad\u00e1rio\u00a0da Silva,\u00a0Universidade Federal Fluminense (UFF),\u00a0Brazil<br \/>\nLaura\u00a0Rio,\u00a0University of Bologna,\u00a0Italy<br \/>\nLaurent\u00a0Moccozet,\u00a0University of Geneva,\u00a0Switzerland<br \/>\nLeela\u00a0Ramsook,\u00a0University of Trinidad and Tobago,\u00a0Trinidad and Tobago<br \/>\nLefkothea\u00a0Kartasidou,\u00a0University of Macedonia,\u00a0Greece<br \/>\nL\u00e9onard Kabeya Mukeba\u00a0Yakasham,\u00a0Universit\u00e9 P\u00e9dagogique Nationale (ESURS ISTA &#8211; Kinshasa), Democratic Republic of the Congo<br \/>\nLiliana\u00a0Dozza,\u00a0Free University of Bozen,\u00a0Italy<br \/>\nLiliana\u00a0Milevicich,\u00a0Universidad Tecnol\u00f3gica Nacional,\u00a0Argentina<br \/>\nLina Kaminskien\u0117,\u00a0Vytautas Magnus University,\u00a0Lithuania<br \/>\nLongzhi\u00a0Yang,\u00a0Northumbria University,\u00a0United Kingdom<br \/>\nLoredana\u00a0Terec-Vlad,\u00a0Stefan cel Mare University from Suceava and Lumen Research Center in Social and Humanistic Sciences,\u00a0Romania<br \/>\nLoreta\u00a0Chodzkiene,\u00a0Vilnius University and Lithuanian University of Educational Sciences,\u00a0Lithuania<br \/>\nLuca\u00a0Refrigeri,\u00a0University of Molise,\u00a0Italy<br \/>\nLuc\u00eda\u00a0Casal de la Fuente,\u00a0University of Santiago de Compostela,\u00a0Spain<br \/>\nLuis Gonzaga\u00a0Roger Castillo,\u00a0Universidad de Granada (UGR) \/ Centro de Estudios Bizantinos, Neogriegos y Chipriotas,\u00a0Spain<br \/>\nLuminita\u00a0Cocarta,\u00a0Al. I. Cuza University of Iasi,\u00a0Romania<br \/>\nMagdalena M\u0105dra-Sawicka,\u00a0Warsaw University of Life Sciences,\u00a0Poland<br \/>\nMagdolna\u00a0Chrapp\u00e1n,\u00a0University of Debrecen,\u00a0Hungary<br \/>\nMaria\u00a0Moundridou,\u00a0School of Pedagogical and Technological Education (ASPETE),\u00a0Greece<br \/>\nMaria\u00a0Schwarz-Woelzl,\u00a0Zentrum fuer Soziale Innovation GmbH,\u00a0Austria<br \/>\nMaria Carme\u00a0Boqu\u00e9 Torremorell,\u00a0Ramon Llull University,\u00a0Spain<br \/>\nMaria Luisa\u00a0De Natale,\u00a0Universit\u00e0 Cattolica Del Sacro Cuore,\u00a0Italy<br \/>\nMarie-Claude\u00a0Rivard,\u00a0Universit\u00e9 du Qu\u00e9bec \u00e0 Trois-Rivi\u00e8res,\u00a0Canada<br \/>\nMarielle\u00a0Patronis,\u00a0Zayed University,\u00a0United Arab Emirates<br \/>\nMarta\u00a0Cabral,\u00a0Columbia University,\u00a0USA<br \/>\nMarzena\u00a0W\u00f3jcik-Augustyniak,\u00a0Siedlce University of Natural Sciences and Humanities,\u00a0Poland<br \/>\nMaura\u00a0Sellars,\u00a0University of Newcastle,\u00a0Australia<br \/>\nMdutshekelwa\u00a0Ndlovu,\u00a0Stellenbosch University,\u00a0South Africa<br \/>\nMelissa\u00a0Caspary,\u00a0Georgia Gwinnett College,\u00a0USA<br \/>\nMeral\u00a0Aksu,\u00a0Middle East Technical University,\u00a0Turkey<br \/>\nMetaxia\u00a0Pavlakou,\u00a0Oxford Brookes University,\u00a0United Kingdom<br \/>\nMilan\u00a0Kubiatko,\u00a0University of Zilina,\u00a0Slovakia<br \/>\nMustafa\u00a0Ozmusul,\u00a0Harran University,\u00a0Turkey<br \/>\nNaseer\u00a0Ahmed,\u00a0Al Ghurair University,\u00a0United Arab Emirates<br \/>\nNazario\u00a0Zambaldi,\u00a0Free University of Bolzano,\u00a0Italy<br \/>\nNikolaos\u00a0Marianos,\u00a0Neuropublic SA \/ University of The Aegean,\u00a0Greece<br \/>\nNina K.\u00a0Buchanan,\u00a0University of Hawaii,\u00a0USA<br \/>\nOdeta\u00a0Merfeldaite,\u00a0Mykolas Romeris University,\u00a0Lithuania<br \/>\nOlga\u00a0Chis,\u00a0Babes Bolyai University,\u00a0Romania<br \/>\nPaola\u00a0Damiani,\u00a0University of Turin,\u00a0Italy<br \/>\nPascal\u00a0Marquet,\u00a0University of Strasbourg,\u00a0France<br \/>\nPascalia\u00a0Patsala,\u00a0University of Sheffield International Faculty, Thessaloniki,\u00a0Greece<br \/>\nPatricia E.\u00a0Reynolds,\u00a0University of Mary Washington,\u00a0USA<br \/>\nPedro\u00a0Canto,\u00a0Universidad Aut\u00f3noma de Yucat\u00e1n,\u00a0Mexico<br \/>\nPetros\u00a0Kefalas,\u00a0University of Sheffield International Faculty, Thessaloniki,\u00a0Greece<br \/>\nPule\u00a0Phindane,\u00a0Central University of Technology,\u00a0South Africa<br \/>\nRasa\u00a0Nedzinskaite,\u00a0Lithuanian University of Educational Sciences,\u00a0Lithuania<br \/>\nRazvan-Lucian\u00a0Andronic,\u00a0Spiru Haret University,\u00a0Romania<br \/>\nRichard\u00a0Walker,\u00a0University of York,\u00a0United Kingdom<br \/>\nRobert A.\u00a0Fox,\u00a0University of Hawaii,\u00a0USA<br \/>\nRomano\u00a0Martini,\u00a0Niccol\u00f2 Cusano University,\u00a0Italy<br \/>\nRosanna\u00a0Tammaro,\u00a0University of Salerno,\u00a0Italy<br \/>\nRosemary\u00a0Papa,\u00a0Northern Arizona University,\u00a0USA<br \/>\nSam\u00a0Ramaila,\u00a0University of Johannesburg,\u00a0South Africa<br \/>\nSeppo\u00a0Sirkemaa,\u00a0University of Turku,\u00a0Finland<br \/>\nSeth\u00a0Agbo,\u00a0Lakehead University,\u00a0Canada<br \/>\nSeweryn\u00a0Spalek,\u00a0Silesian University of Technology,\u00a0Poland<br \/>\nShakila\u00a0Singh,\u00a0University of Kwazulu Natal,\u00a0South Africa<br \/>\nSharon\u00a0Jaggernauth,\u00a0The University of the West Indies,\u00a0Trinidad and Tobago<br \/>\nSheryl\u00a0Williams,\u00a0Loughborough University,\u00a0United Kingdom<br \/>\nSilvia\u00a0Pokriv\u010d\u00e1kov\u00e1,\u00a0Trnava University,\u00a0Slovakia<br \/>\nSimon\u00a0Richir,\u00a0Arts et Metiers Paristech (ENSAM),\u00a0France<br \/>\nSoane Joyce \u00a0Mohapi,\u00a0University of South Africa,\u00a0South Africa<br \/>\nStefania\u00a0Pinnelli,\u00a0University of Salento,\u00a0Italy<br \/>\nStephanie\u00a0Linek,\u00a0ZBW &#8211; Leibniz Information Centre for Economics,\u00a0Germany<br \/>\nStephen\u00a0Hughes,\u00a0University of Granada,\u00a0Spain<br \/>\nSurendra\u00a0Pathak,\u00a0Iase Deemed University,\u00a0India<br \/>\nSusan\u00a0Scott,\u00a0Lakehead University,\u00a0Canada<br \/>\nSuzie\u00a0Savvidou,\u00a0The University of Sheffield International Faculty, CITY College,\u00a0Greece<br \/>\nTatjana\u00a0Portnova,\u00a0Russian Center of The University of Granada,\u00a0Spain<br \/>\nTintswalo\u00a0Manyike,\u00a0University of South Africa,\u00a0South Africa<br \/>\nTracy\u00a0Treasure,\u00a0The University of Notre Dame,\u00a0Australia<br \/>\nVal\u00e9ria\u00a0Oliveira de Vasconcelos,\u00a0UNISAL &#8211; Centro Universit\u00e1rio Salesiano de S\u00e3o Paulo,\u00a0Brazil<br \/>\nVanja\u00a0Bevanda,\u00a0Juraj Dobrila University of Pula,\u00a0Croatia<br \/>\nVer\u00f3nica Mar\u00edn D\u00edaz, University of Cordoba, Spain<br \/>\nWendy\u00a0Setlalentoa,\u00a0Central University of Technology,\u00a0South Africa<br \/>\nYogesh Kumar\u00a0Sharma,\u00a0Government Shakamdhar PG College, Sambhar Lake,\u00a0India<br \/>\nYonghuai\u00a0Liu,\u00a0Aberystwyth University,\u00a0United Kingdom<\/p>\n<p>&nbsp;<\/p>\n","protected":false},"excerpt":{"rendered":"<p>Conference and Program Chair Mafalda Carmo, World Institute for Advanced Research and Science (WIARS), Portugal &nbsp; International Scientific Committee Aaron R.\u00a0Deris,\u00a0Minnesota State University,\u00a0USA Abdurrahman\u00a0Guelbeyaz,\u00a0University of Salahaddin &#8211; Erbil,\u00a0Irak Aharon\u00a0Gero,\u00a0Technion &#8211; Israel Institute of Technology,\u00a0Israel Ahrar Husain,\u00a0Jamia Millia Islamia,\u00a0India Aist\u0117 Bartkevi\u010dien\u0117, Social Educational Initiatives Centre PLUS, Lithuania Alan\u00a0Singer,\u00a0Hofstra University,\u00a0USA Ali\u00a0Baykal,\u00a0Bahcesehir University,\u00a0Turkey Ali\u00a0Yildirim,\u00a0Middle East Technical University,\u00a0Turkey Alice\u00a0Stephens,\u00a0Clark [&hellip;]<\/p>\n","protected":false},"author":1,"featured_media":0,"parent":0,"menu_order":0,"comment_status":"closed","ping_status":"closed","template":"","meta":{"jetpack_post_was_ever_published":false,"footnotes":""},"class_list":["post-36","page","type-page","status-publish","hentry"],"jetpack_sharing_enabled":true,"jetpack_likes_enabled":true,"jetpack_shortlink":"https:\/\/wp.me\/Pa9ucn-A","_links":{"self":[{"href":"http:\/\/end-educationconference.org\/2018\/wp-json\/wp\/v2\/pages\/36","targetHints":{"allow":["GET"]}}],"collection":[{"href":"http:\/\/end-educationconference.org\/2018\/wp-json\/wp\/v2\/pages"}],"about":[{"href":"http:\/\/end-educationconference.org\/2018\/wp-json\/wp\/v2\/types\/page"}],"author":[{"embeddable":true,"href":"http:\/\/end-educationconference.org\/2018\/wp-json\/wp\/v2\/users\/1"}],"replies":[{"embeddable":true,"href":"http:\/\/end-educationconference.org\/2018\/wp-json\/wp\/v2\/comments?post=36"}],"version-history":[{"count":130,"href":"http:\/\/end-educationconference.org\/2018\/wp-json\/wp\/v2\/pages\/36\/revisions"}],"predecessor-version":[{"id":5444,"href":"http:\/\/end-educationconference.org\/2018\/wp-json\/wp\/v2\/pages\/36\/revisions\/5444"}],"wp:attachment":[{"href":"http:\/\/end-educationconference.org\/2018\/wp-json\/wp\/v2\/media?parent=36"}],"curies":[{"name":"wp","href":"https:\/\/api.w.org\/{rel}","templated":true}]}}