{"id":549,"date":"2014-10-03T11:49:43","date_gmt":"2014-10-03T11:49:43","guid":{"rendered":"http:\/\/end-educationconference.org\/?page_id=549"},"modified":"2018-08-07T10:35:30","modified_gmt":"2018-08-07T10:35:30","slug":"keynote-speakers","status":"publish","type":"page","link":"http:\/\/end-educationconference.org\/2018\/keynote-speakers\/","title":{"rendered":"Keynote Speakers"},"content":{"rendered":"<h5><\/h5>\n<h5 style=\"font-family: 'Open Sans', Arial, Helvetica, sans-serif; font-style: normal;\"><strong style=\"font-size: 16px;\"><em style=\"font-size: 16px;\"><img data-recalc-dims=\"1\" loading=\"lazy\" decoding=\"async\" data-attachment-id=\"5247\" data-permalink=\"http:\/\/end-educationconference.org\/2018\/keynote-speakers\/img_4223_jav\/#main\" data-orig-file=\"https:\/\/i0.wp.com\/end-educationconference.org\/2018\/wp-content\/uploads\/2018\/06\/IMG_4223_jav-e1528727270739.jpg?fit=1855%2C1984\" data-orig-size=\"1855,1984\" data-comments-opened=\"0\" data-image-meta=\"{&quot;aperture&quot;:&quot;2.2&quot;,&quot;credit&quot;:&quot;&quot;,&quot;camera&quot;:&quot;iPhone 6s&quot;,&quot;caption&quot;:&quot;&quot;,&quot;created_timestamp&quot;:&quot;1501267884&quot;,&quot;copyright&quot;:&quot;&quot;,&quot;focal_length&quot;:&quot;4.15&quot;,&quot;iso&quot;:&quot;250&quot;,&quot;shutter_speed&quot;:&quot;0.0588235294118&quot;,&quot;title&quot;:&quot;&quot;,&quot;orientation&quot;:&quot;1&quot;}\" data-image-title=\"\" data-image-description=\"\" data-image-caption=\"\" data-medium-file=\"https:\/\/i0.wp.com\/end-educationconference.org\/2018\/wp-content\/uploads\/2018\/06\/IMG_4223_jav-e1528727270739.jpg?fit=280%2C300\" data-large-file=\"https:\/\/i0.wp.com\/end-educationconference.org\/2018\/wp-content\/uploads\/2018\/06\/IMG_4223_jav-e1528727270739.jpg?fit=957%2C1024\" class=\"alignright wp-image-5247\" src=\"https:\/\/i0.wp.com\/end-educationconference.org\/wp-content\/uploads\/2018\/06\/IMG_4223_jav-e1528727270739-280x300.jpg?resize=140%2C150\" alt=\"\" width=\"140\" height=\"150\" srcset=\"https:\/\/i0.wp.com\/end-educationconference.org\/2018\/wp-content\/uploads\/2018\/06\/IMG_4223_jav-e1528727270739.jpg?resize=280%2C300 280w, https:\/\/i0.wp.com\/end-educationconference.org\/2018\/wp-content\/uploads\/2018\/06\/IMG_4223_jav-e1528727270739.jpg?resize=768%2C821 768w, https:\/\/i0.wp.com\/end-educationconference.org\/2018\/wp-content\/uploads\/2018\/06\/IMG_4223_jav-e1528727270739.jpg?resize=957%2C1024 957w, https:\/\/i0.wp.com\/end-educationconference.org\/2018\/wp-content\/uploads\/2018\/06\/IMG_4223_jav-e1528727270739.jpg?w=1855 1855w\" sizes=\"auto, (max-width: 140px) 100vw, 140px\" \/><\/em><\/strong><\/h5>\n<h5><a href=\"http:\/\/end-educationconference.org\/2018\/keynote-speaker-zoltan-ronay\/\" target=\"_blank\" rel=\"noopener\"><em><strong>\u201cRESPECT FOR HUMAN DIGNITY: AS A FRAMEWORK AND SUBJECT OF EDUCATION IN THE LIGHT OF PRESENT CHALLENGES<\/strong><\/em><strong><em>\u201c<\/em><\/strong><\/a><\/h5>\n<p>by <strong>Prof. Dr. Zolt\u00e1n R\u00f3nay<\/strong> (Ph.D, Associate Professor) Research Group for Higher Education and Innovation, Institute of Education, Faculty of Education and Psychology, E\u00f6tv\u00f6s Lor\u00e1nd University, Hungary<\/p>\n<p>&nbsp;<\/p>\n<hr \/>\n<p>&nbsp;<\/p>\n<h5><a href=\"http:\/\/end-educationconference.org\/2018\/keynote-speaker-gyongyi-bujdoso\/\" target=\"_blank\" rel=\"noopener\"><strong><em>\u201cSMART INTERNET, SMART APPLICATIONS, SMART EDUCATION<\/em><em>\u201c\u00a0<\/em><\/strong><\/a><strong><em>\u00a0<img data-recalc-dims=\"1\" loading=\"lazy\" decoding=\"async\" data-attachment-id=\"5282\" data-permalink=\"http:\/\/end-educationconference.org\/2018\/keynote-speaker-gyongyi-bujdoso\/bujdoso_g_photo\/#main\" data-orig-file=\"https:\/\/i0.wp.com\/end-educationconference.org\/2018\/wp-content\/uploads\/2018\/06\/Bujdoso_G_photo.jpg?fit=2848%2C2851\" data-orig-size=\"2848,2851\" data-comments-opened=\"0\" data-image-meta=\"{&quot;aperture&quot;:&quot;0&quot;,&quot;credit&quot;:&quot;&quot;,&quot;camera&quot;:&quot;&quot;,&quot;caption&quot;:&quot;&quot;,&quot;created_timestamp&quot;:&quot;0&quot;,&quot;copyright&quot;:&quot;&quot;,&quot;focal_length&quot;:&quot;0&quot;,&quot;iso&quot;:&quot;0&quot;,&quot;shutter_speed&quot;:&quot;0&quot;,&quot;title&quot;:&quot;&quot;,&quot;orientation&quot;:&quot;0&quot;}\" data-image-title=\"\" data-image-description=\"\" data-image-caption=\"\" data-medium-file=\"https:\/\/i0.wp.com\/end-educationconference.org\/2018\/wp-content\/uploads\/2018\/06\/Bujdoso_G_photo.jpg?fit=300%2C300\" data-large-file=\"https:\/\/i0.wp.com\/end-educationconference.org\/2018\/wp-content\/uploads\/2018\/06\/Bujdoso_G_photo.jpg?fit=1024%2C1024\" class=\"alignright wp-image-5282\" src=\"https:\/\/i0.wp.com\/end-educationconference.org\/wp-content\/uploads\/2018\/06\/Bujdoso_G_photo-300x300.jpg?resize=140%2C140\" alt=\"\" width=\"140\" height=\"140\" srcset=\"https:\/\/i0.wp.com\/end-educationconference.org\/2018\/wp-content\/uploads\/2018\/06\/Bujdoso_G_photo.jpg?resize=300%2C300 300w, https:\/\/i0.wp.com\/end-educationconference.org\/2018\/wp-content\/uploads\/2018\/06\/Bujdoso_G_photo.jpg?resize=150%2C150 150w, https:\/\/i0.wp.com\/end-educationconference.org\/2018\/wp-content\/uploads\/2018\/06\/Bujdoso_G_photo.jpg?resize=768%2C769 768w, https:\/\/i0.wp.com\/end-educationconference.org\/2018\/wp-content\/uploads\/2018\/06\/Bujdoso_G_photo.jpg?resize=1024%2C1024 1024w, https:\/\/i0.wp.com\/end-educationconference.org\/2018\/wp-content\/uploads\/2018\/06\/Bujdoso_G_photo.jpg?w=2000 2000w\" sizes=\"auto, (max-width: 140px) 100vw, 140px\" \/><\/em><\/strong><\/h5>\n<p>by\u00a0<strong>Prof. Dr. Gy\u00f6ngyi Bujdos\u00f3\u00a0<\/strong>(PhD, Senior lecturer) Faculty of Informatics, University of Debrecen, Hungary<\/p>\n<p>&nbsp;<\/p>\n","protected":false},"excerpt":{"rendered":"<p>\u201cRESPECT FOR HUMAN DIGNITY: AS A FRAMEWORK AND SUBJECT OF EDUCATION IN THE LIGHT OF PRESENT CHALLENGES\u201c by Prof. Dr. Zolt\u00e1n R\u00f3nay (Ph.D, Associate Professor) Research Group for Higher Education and Innovation, Institute of Education, Faculty of Education and Psychology, E\u00f6tv\u00f6s Lor\u00e1nd University, Hungary &nbsp; &nbsp; \u201cSMART INTERNET, SMART APPLICATIONS, SMART EDUCATION\u201c\u00a0\u00a0 by\u00a0Prof. Dr. Gy\u00f6ngyi [&hellip;]<\/p>\n","protected":false},"author":1,"featured_media":0,"parent":0,"menu_order":0,"comment_status":"closed","ping_status":"closed","template":"","meta":{"jetpack_post_was_ever_published":false,"footnotes":""},"class_list":["post-549","page","type-page","status-publish","hentry"],"jetpack_sharing_enabled":true,"jetpack_likes_enabled":true,"jetpack_shortlink":"https:\/\/wp.me\/Pa9ucn-8R","_links":{"self":[{"href":"http:\/\/end-educationconference.org\/2018\/wp-json\/wp\/v2\/pages\/549","targetHints":{"allow":["GET"]}}],"collection":[{"href":"http:\/\/end-educationconference.org\/2018\/wp-json\/wp\/v2\/pages"}],"about":[{"href":"http:\/\/end-educationconference.org\/2018\/wp-json\/wp\/v2\/types\/page"}],"author":[{"embeddable":true,"href":"http:\/\/end-educationconference.org\/2018\/wp-json\/wp\/v2\/users\/1"}],"replies":[{"embeddable":true,"href":"http:\/\/end-educationconference.org\/2018\/wp-json\/wp\/v2\/comments?post=549"}],"version-history":[{"count":36,"href":"http:\/\/end-educationconference.org\/2018\/wp-json\/wp\/v2\/pages\/549\/revisions"}],"predecessor-version":[{"id":5442,"href":"http:\/\/end-educationconference.org\/2018\/wp-json\/wp\/v2\/pages\/549\/revisions\/5442"}],"wp:attachment":[{"href":"http:\/\/end-educationconference.org\/2018\/wp-json\/wp\/v2\/media?parent=549"}],"curies":[{"name":"wp","href":"https:\/\/api.w.org\/{rel}","templated":true}]}}