{"id":36,"date":"2014-07-22T17:11:55","date_gmt":"2014-07-22T17:11:55","guid":{"rendered":"http:\/\/end-educationconference.org\/?page_id=36"},"modified":"2016-07-20T12:07:47","modified_gmt":"2016-07-20T12:07:47","slug":"scientific-committee","status":"publish","type":"page","link":"https:\/\/end-educationconference.org\/2016\/scientific-committee\/","title":{"rendered":"Scientific Committee"},"content":{"rendered":"<p style=\"text-align: justify;\"><strong><span style=\"color: #ff6600;\">Conference and Program Chair\u00a0<\/span><\/strong><\/p>\n<p style=\"text-align: justify;\"><strong>Mafalda Carmo<\/strong>,<br \/>\nWorld Institute for Advanced Research and Science (WIARS), Portugal<\/p>\n<p>&nbsp;<\/p>\n<p style=\"text-align: justify;\"><strong><span style=\"color: #ff6600;\">International Scientific Committee<\/span><\/strong><\/p>\n<p>Abdurrahman\u00a0Guelbeyaz,\u00a0University of Salahaddin \u2013 Erbil,\u00a0Irak<br \/>\nAdrian\u00a0Rosan,\u00a0Babes-Bolyai University,\u00a0Romania<br \/>\nAgn\u0117 Ju\u0161kevi\u010dien\u0117,\u00a0Lithuanian University of Educational Sciences,\u00a0Lithuania<br \/>\nAli\u00a0Baykal,\u00a0Bahcesehir University,\u00a0Turkey<br \/>\nAnca\u00a0Draghici,\u00a0Politehnica University Timisoara,\u00a0Romania<br \/>\nAndrea\u00a0Hathazi,\u00a0Babes-Bolyai University,\u00a0Romania<br \/>\nAnnalene\u00a0Van Staden,\u00a0University of the Free State,\u00a0South Africa<br \/>\nAyhan\u00a0Ural,\u00a0Gazi University,\u00a0Turkey<br \/>\nBernard Mulo\u00a0Farenkia,\u00a0Cape Breton University,\u00a0Canada<br \/>\nBrigita Jani\u016bnait\u0117,\u00a0Kaunas University of Technology,\u00a0Lithuania<br \/>\n\u00c7a\u011fla Atmaca,\u00a0Gazi University,\u00a0Turkey<br \/>\nCarolina\u00a0Bodea Hategan,\u00a0Babes-Bolyai University,\u00a0Romania<br \/>\nCezar\u00a0Scarlat,\u00a0University ,\u00a0Romania<br \/>\nCharalampos\u00a0Karagiannidis,\u00a0University of Thessaly,\u00a0Greece<br \/>\nCharles\u00a0Elkabas,\u00a0University of Toronto,\u00a0Canada<br \/>\nChristian\u00a0Kahl,\u00a0Taylor\u2019s University,\u00a0Malaysia<br \/>\nChristine\u00a0Besnard,\u00a0Glendon College, York University,\u00a0Canada<br \/>\nChristine\u00a0Mcgunnigle,\u00a0The University of Notre Dame,\u00a0Australia<br \/>\nChristopher\u00a0Fowler,\u00a0University of Essex,\u00a0United Kingdom<br \/>\nClara\u00a0Barroso,\u00a0University of La Laguna,\u00a0Spain<br \/>\nColin T.\u00a0Schmidt,\u00a0ENSAM-ParisTech &amp; Lemans University,\u00a0France<br \/>\nCristiano\u00a0Luchetti,\u00a0American University of Sharjah,\u00a0United Arab Emirates<br \/>\nDaniela\u00a0Pasnicu,\u00a0Spiru Haret University,\u00a0Romania<br \/>\nDavid\u00a0Aparisi,\u00a0University of Alicante,\u00a0Spain<br \/>\nDee\u00a0O\u2019Connor,\u00a0The University of Notre Dame,\u00a0Australia<br \/>\nDenise\u00a0Whitelock,\u00a0The Open University,\u00a0United Kingdom<br \/>\nDennis\u00a0Beach,\u00a0University of Gothenburg,\u00a0Sweden<br \/>\nDiana\u00a0Dikke,\u00a0IMC Information Multimedia Communication AG,\u00a0Germany<br \/>\nDiane\u00a0Boothe,\u00a0Boise State University,\u00a0USA<br \/>\nDonata\u00a0Puntil,\u00a0King\u2019s College London,\u00a0United Kingdom<br \/>\nDorina\u00a0Talas,\u00a0Babes-Bolyai University,\u00a0Romania<br \/>\nDouglas\u00a0Baleshta,\u00a0Thompson Rivers University,\u00a0Canada<br \/>\nEcaterina\u00a0Pacurar,\u00a0Strasbourg University,\u00a0France<br \/>\nEllen\u00a0Whitford,\u00a0Armstrong State University,\u00a0USA<br \/>\nErik F.\u00a0\u00d6verland,\u00a0Free University of Berlin,\u00a0Germany<br \/>\nEsi Marius\u00a0Costel,\u00a0Stefan Cel Mare University of Suceava,\u00a0Romania<br \/>\nEsther\u00a0Laslo,\u00a0Technion \u2013 Israel Institute of Technology,\u00a0Israel<br \/>\nEvridiki\u00a0Zachopoulou,\u00a0Alexander Technological Educational Institute of Thessaloniki,\u00a0Greece<br \/>\nFilippo\u00a0Gomez Paloma,\u00a0University of Salerno,\u00a0Italy<br \/>\nGabriel\u00a0Dima,\u00a0Innovate4Future &#8211; Center for Advances Educational Solutions,\u00a0Romania<br \/>\nGilles\u00a0Sagodira,\u00a0University of R\u00e9union Island,\u00a0Reunion<br \/>\nGina\u00a0Chianese,\u00a0Free University of Bozen,\u00a0Italy<br \/>\nGrainne M.\u00a0O\u2019 Donnell,\u00a0University College Dublin,\u00a0Ireland<br \/>\nHaim\u00a0Shaked,\u00a0Orot Israel Academic College \/ Jerusalem College,\u00a0Israel<br \/>\nHanna\u00a0David,\u00a0Tel Aviv University,\u00a0Israel<br \/>\nHans-Christian\u00a0Schmitz,\u00a0Fraunhofer FKIE,\u00a0Germany<br \/>\nHarvey\u00a0Oueijan,\u00a0Notre Dame University,\u00a0Lebanon<br \/>\nIlijana\u00a0Cutura,\u00a0University of Kragujevac,\u00a0Serbia<br \/>\nIoana\u00a0Velica,\u00a0Babes-Bolyai University,\u00a0Romania<br \/>\nJana\u00a0Kapounov\u00e1,\u00a0University of Ostrava,\u00a0Czech Republic<br \/>\nJana\u00a0Mazancov\u00e1,\u00a0Czech University of Life Sciences Prague,\u00a0Czech Republic<br \/>\nJanaina\u00a0Cardoso,\u00a0Rio de Janeiro State University,\u00a0Brazil<br \/>\nJeanne\u00a0Schreurs,\u00a0Hasselt University,\u00a0Belgium<br \/>\nJoanna\u00a0Paliszkiewicz ,\u00a0Warsaw University of Life Sciences,\u00a0Poland<br \/>\nJo\u00e3o Batista\u00a0Bottentuit Junior,\u00a0Federal University of Maranh\u00e3o,\u00a0Brazil<br \/>\nJose Augusto\u00a0Oliveira Huguenin,\u00a0Universidade Federal Fluminense,\u00a0Brazil<br \/>\nJos\u00e9 Saturnino\u00a0Mart\u00ednez Garc\u00eda,\u00a0University of La Laguna,\u00a0Spain<br \/>\nJosef\u00a0Trna,\u00a0Masaryk University,\u00a0Czech Republic<br \/>\nJosep\u00a0Sola Santesmases,\u00a0Blanquerna &#8211; University Ramon Llull,\u00a0Spain<br \/>\nJuana Maria\u00a0Sancho Gil,\u00a0University of Barcelona,\u00a0Spain<br \/>\nJudith\u00a0Szerdahelyi,\u00a0Western Kentucky University,\u00a0USA<br \/>\nKadi\u00a0Lukanenok,\u00a0Tallinn University,\u00a0Estonia<br \/>\nKamisah\u00a0Osman,\u00a0The National University of Malaysia,\u00a0Malaysia<br \/>\nKarim\u00a0Moustaghfir,\u00a0Al Akhawayn University in Ifrane,\u00a0Morocco<br \/>\nKaterina\u00a0Kabassi,\u00a0Technological Educational Institute of the Ionian Islands,\u00a0Greece<br \/>\nKerstin\u00a0Junge,\u00a0The Tavistock Institute of Human Relations,\u00a0United Kingdom<br \/>\nKonstantinos\u00a0Kalemis,\u00a0National University of Athens,\u00a0Greece<br \/>\nKyparisia\u00a0Papanikolaou,\u00a0School of Pedagogical and Technological Education,\u00a0Greece<br \/>\nLadario\u00a0da Silva,\u00a0Universidade Federal Fluminense (UFF),\u00a0Brazil<br \/>\nLaj\u00a0Utreja,\u00a0Director, Institute of Global Harmony,\u00a0India<br \/>\nLaura\u00a0Rio,\u00a0University of Salerno,\u00a0Italy<br \/>\nLaurent\u00a0Moccozet,\u00a0University of Geneva,\u00a0Switzerland<br \/>\nLeela\u00a0Ramsook,\u00a0University of Trinidad And Tobago,\u00a0Trinidad and Tobago<br \/>\nLefkothea\u00a0Kartasidou,\u00a0University of Macedonia,\u00a0Greece<br \/>\nLiliana\u00a0Milevicich,\u00a0Universidad Tecnologica Nacional,\u00a0Argentina<br \/>\nLizbeth\u00a0Goodman,\u00a0University College Dublin,\u00a0Ireland<br \/>\nLoredana\u00a0Terec-Vlad,\u00a0Stefan cel Mare University from Suceava \u00a0\/ Lumen Research Center in Social and Humanistic Sciences,\u00a0Romania<br \/>\nLoreta\u00a0Chodzkiene,\u00a0Vilnius University \/ Lithuanian University of Educational Sciences,\u00a0Lithuania<br \/>\nLuca\u00a0Refrigeri,\u00a0University of Molise,\u00a0Italy<br \/>\nLuc\u00eda\u00a0Casal de la Fuente,\u00a0University of Santiago de Compostela,\u00a0Spain<br \/>\nLuminita\u00a0Cocarta,\u00a0Al. I. Cuza University of Iasi,\u00a0Romania<br \/>\nMaria\u00a0Meletiou-Mavrotheris,\u00a0European University Cyprus,\u00a0Cyprus<br \/>\nMaria\u00a0Moundridou,\u00a0School of Pedagogical and Technological Education (ASPETE),\u00a0Greece<br \/>\nMaria\u00a0Schwarz-Woelzl,\u00a0Zentrum fuer Soziale Innovation GMBH,\u00a0Austria<br \/>\nMaria Carme\u00a0Boqu\u00e9 Torremorell,\u00a0Ramon Llull University,\u00a0Spain<br \/>\nMarielle\u00a0Patronis,\u00a0Zayed University,\u00a0United Arab Emirates<br \/>\nMarta\u00a0Cabral,\u00a0Columbia University,\u00a0USA<br \/>\nMdutshekelwa\u00a0Ndlovu,\u00a0Stellenbosch University,\u00a0South Africa<br \/>\nMelissa\u00a0Caspary,\u00a0Georgia Gwinnett College,\u00a0USA<br \/>\nMeral\u00a0Aksu,\u00a0Middle East Technical University,\u00a0Turkey<br \/>\nMetaxia\u00a0Pavlakou,\u00a0Oxford Brookes University,\u00a0United Kingdom<br \/>\nMichael\u00a0Reiner,\u00a0IMC University of Applied Sciences Krems,\u00a0Austria<br \/>\nMichal\u00a0Pietrzak,\u00a0Warsaw University of Life Sciences,\u00a0Poland<br \/>\nMilan\u00a0Kubiatko,\u00a0University of Zilina,\u00a0Slovakia<br \/>\nMingming\u00a0Zhou,\u00a0University of Macau,\u00a0China<br \/>\nNadir\u00a0Kolachi,\u00a0SKYLINE University \/ University City of Sharjah,\u00a0United Arab Emirates<br \/>\nNaseer\u00a0Ahmed,\u00a0Gulf Diagnostic Center Hospital,\u00a0United Arab Emirates<br \/>\nNikolaos\u00a0Marianos,\u00a0Agro-Know \/ University of the Aegean,\u00a0Greece<br \/>\nNina K.\u00a0Buchanan,\u00a0University of Hawaii,\u00a0USA<br \/>\n\u00d6zg\u00fcn\u00a0Kosaner,\u00a0Dokuz Eylul University,\u00a0Turkey<br \/>\nPaola\u00a0Damiani,\u00a0University of Turin,\u00a0Italy<br \/>\nParaskevi\u00a0Chatzipanagiotou,\u00a0European University Cyprus,\u00a0Cyprus<br \/>\nPascal\u00a0Marquet,\u00a0University of Strasbourg,\u00a0France<br \/>\nPatricia E.\u00a0Reynolds,\u00a0University of Mary Washington,\u00a0USA<br \/>\nPetros\u00a0Kefalas,\u00a0University of Sheffield International Faculty, Thessaloniki,\u00a0Greece<br \/>\nPule\u00a0Phindane,\u00a0Central University of Technology,\u00a0South Africa<br \/>\nPythagoras\u00a0Karampiperis,\u00a0National Centre for Scientific Research \u201cDemokritos\u201d,\u00a0Greece<br \/>\nRasa\u00a0Nedzinskaite,\u00a0Lithuanian University of Educational Sciences,\u00a0Lithuania<br \/>\nRashid\u00a0Jayousi,\u00a0Al-Quds University,\u00a0Palestine<br \/>\nRawad\u00a0Chaker,\u00a0Lebanese University,\u00a0France<br \/>\nRazvan-Lucian\u00a0Andronic,\u00a0Spiru Haret University,\u00a0Romania<br \/>\nRhona\u00a0Sharpe,\u00a0Oxford Brookes University,\u00a0United Kingdom<br \/>\nRobert A.\u00a0Fox,\u00a0University of Hawaii,\u00a0USA<br \/>\nRoberta\u00a0Gentry,\u00a0University of Mary Washington,\u00a0USA<br \/>\nRomano\u00a0Martini,\u00a0Niccol\u00f2 Cusano University,\u00a0Italy<br \/>\nRosanna\u00a0Tammaro,\u00a0University of Salerno,\u00a0Italy<br \/>\nSe\u00e1n\u00a0Doyle,\u00a0UCL Institute of Education, University College London,\u00a0United Kingdom<br \/>\nSeth\u00a0Agbo,\u00a0Lakehead University,\u00a0Canada<br \/>\nSeweryn\u00a0Spalek,\u00a0Silesian University of Technology,\u00a0Poland<br \/>\nSheryl\u00a0Williams,\u00a0Loughborough University,\u00a0United Kingdom<br \/>\nSilvia\u00a0Pokriv\u010d\u00e1kov\u00e1,\u00a0Constantine The Philosopher University,\u00a0Slovakia<br \/>\nSimon\u00a0Richir,\u00a0Arts et Metiers Paristech (ENSAM),\u00a0France<br \/>\nStephen\u00a0Hughes,\u00a0University of Granada,\u00a0Spain<br \/>\nSteven\u00a0Malliet,\u00a0University of Antwerp,\u00a0Belgium<br \/>\nSurendra\u00a0Pathak,\u00a0Iase Deemed University,\u00a0India<br \/>\nTintswalo\u00a0Manyike,\u00a0University of South Africa,\u00a0South Africa<br \/>\nTracy\u00a0Treasure,\u00a0The University of Notre Dame,\u00a0Australia<br \/>\nUlas Basar\u00a0Gezgin,\u00a0British University Vietnam \/ Staffordshire University,\u00a0United Kingdom<br \/>\nValeria\u00a0Oliveira de Vasconcelos,\u00a0UNISAL \u2013 Centro Universit\u00e1rio Salesiano de S\u00e3o Paulo,\u00a0Brazil<br \/>\nVasile\u00a0Chis,\u00a0Babes-Bolyai University,\u00a0Romania<br \/>\nVassilis\u00a0Argyropoulos,\u00a0University of Thessaly,\u00a0Greece<br \/>\nVeronica\u00a0Violant Holz,\u00a0University of Barcelona,\u00a0Spain<br \/>\nYukiko\u00a0Sawano,\u00a0University of the Sacred Heart, Tokyo,\u00a0Japan<\/p>\n<p><em>\u00a0<\/em><\/p>\n","protected":false},"excerpt":{"rendered":"<p>Conference and Program Chair\u00a0 Mafalda Carmo, World Institute for Advanced Research and Science (WIARS), Portugal &nbsp; International Scientific Committee Abdurrahman\u00a0Guelbeyaz,\u00a0University of Salahaddin \u2013 Erbil,\u00a0Irak Adrian\u00a0Rosan,\u00a0Babes-Bolyai University,\u00a0Romania Agn\u0117 Ju\u0161kevi\u010dien\u0117,\u00a0Lithuanian University of Educational Sciences,\u00a0Lithuania Ali\u00a0Baykal,\u00a0Bahcesehir University,\u00a0Turkey Anca\u00a0Draghici,\u00a0Politehnica University Timisoara,\u00a0Romania Andrea\u00a0Hathazi,\u00a0Babes-Bolyai University,\u00a0Romania Annalene\u00a0Van Staden,\u00a0University of the Free State,\u00a0South Africa Ayhan\u00a0Ural,\u00a0Gazi University,\u00a0Turkey Bernard Mulo\u00a0Farenkia,\u00a0Cape Breton University,\u00a0Canada Brigita Jani\u016bnait\u0117,\u00a0Kaunas University [&hellip;]<\/p>\n","protected":false},"author":1,"featured_media":0,"parent":0,"menu_order":0,"comment_status":"closed","ping_status":"closed","template":"","meta":{"footnotes":""},"class_list":["post-36","page","type-page","status-publish","hentry"],"jetpack_sharing_enabled":true,"jetpack_likes_enabled":true,"jetpack_shortlink":"https:\/\/wp.me\/P4QUvr-A","_links":{"self":[{"href":"https:\/\/end-educationconference.org\/2016\/wp-json\/wp\/v2\/pages\/36","targetHints":{"allow":["GET"]}}],"collection":[{"href":"https:\/\/end-educationconference.org\/2016\/wp-json\/wp\/v2\/pages"}],"about":[{"href":"https:\/\/end-educationconference.org\/2016\/wp-json\/wp\/v2\/types\/page"}],"author":[{"embeddable":true,"href":"https:\/\/end-educationconference.org\/2016\/wp-json\/wp\/v2\/users\/1"}],"replies":[{"embeddable":true,"href":"https:\/\/end-educationconference.org\/2016\/wp-json\/wp\/v2\/comments?post=36"}],"version-history":[{"count":59,"href":"https:\/\/end-educationconference.org\/2016\/wp-json\/wp\/v2\/pages\/36\/revisions"}],"predecessor-version":[{"id":4331,"href":"https:\/\/end-educationconference.org\/2016\/wp-json\/wp\/v2\/pages\/36\/revisions\/4331"}],"wp:attachment":[{"href":"https:\/\/end-educationconference.org\/2016\/wp-json\/wp\/v2\/media?parent=36"}],"curies":[{"name":"wp","href":"https:\/\/api.w.org\/{rel}","templated":true}]}}