{"id":36,"date":"2014-07-22T17:11:55","date_gmt":"2014-07-22T17:11:55","guid":{"rendered":"http:\/\/end-educationconference.org\/?page_id=36"},"modified":"2019-04-18T09:46:20","modified_gmt":"2019-04-18T09:46:20","slug":"scientific-committee","status":"publish","type":"page","link":"https:\/\/end-educationconference.org\/2019\/scientific-committee\/","title":{"rendered":"Scientific Committee"},"content":{"rendered":"<p style=\"text-align: justify;\"><strong><span style=\"color: #ff6600;\">Conference and Program Chair<\/span><\/strong><\/p>\n<p><strong>Mafalda Carmo<\/strong>,<br \/>\nWorld Institute for Advanced Research and Science (WIARS), Portugal<\/p>\n<p>&nbsp;<\/p>\n<p style=\"text-align: justify;\"><strong><span style=\"color: #ff6600;\">International Scientific Committee<\/span><\/strong><\/p>\n<p>Aaron R.\u00a0Deris,\u00a0Minnesota State University,\u00a0USA<br \/>\nAbdurrahman\u00a0Guelbeyaz,\u00a0Nagasaki University, School of Global Humanities and Social Sciences,\u00a0Japan<br \/>\nAdri\u00e1n\u00a0Ponz Miranda,\u00a0Zaragoza University,\u00a0Spain<br \/>\nAhmet\u00a0Ok,\u00a0Middle East Technical University,\u00a0Turkey<br \/>\nAhrar\u00a0Husain,\u00a0Jamia Millia Islamia,\u00a0India<br \/>\nAlan\u00a0Singer,\u00a0Hofstra University,\u00a0USA<br \/>\nAli\u00a0Baykal,\u00a0Bahcesehir University,\u00a0Turkey<br \/>\nAli\u00a0Yildirim,\u00a0University of Gothenburg,\u00a0Sweden<br \/>\nAlice\u00a0Stephens,\u00a0Clark Atlanta University,\u00a0USA<br \/>\nAmir\u00a0Dirin,\u00a0Haaga-Helia University of Applied Science,\u00a0Finland<br \/>\nAna\u00a0Conboy, College of Saint Benedict and Saint John&#8217;s University,\u00a0USA<br \/>\nAnca\u00a0Draghici,\u00a0Politehnica University Timisoara,\u00a0Romania<br \/>\nAnca-Olga Andronic,\u00a0Spiru Haret University,\u00a0Romania<br \/>\nAndis\u00a0Klegeris,\u00a0University of British Columbia,\u00a0Canada<br \/>\nAndrea\u00a0Hathazi,\u00a0Babes-Bolyai University,\u00a0Romania<br \/>\nAngela\u00a0Hovey,\u00a0Lakehead University,\u00a0Canada<br \/>\nAngela\u00a0James,\u00a0University of Kwazulu-Natal,\u00a0South Africa<br \/>\nAngela\u00a0Piu,\u00a0University of Valle d&#8217;Aosta,\u00a0Italy<br \/>\nAnja Mar\u00eda Mackeldey, Colegio Alem\u00e1n Medell\u00edn \/ Universidad de Antioquia, Colombia<br \/>\nAnne Julia\u00a0Fett,\u00a0Martin-Luther-Universit\u00e4t Halle-Wittenberg,\u00a0Germany<br \/>\nAphrodite\u00a0Ktena,\u00a0TEI of Sterea Ellada,\u00a0Greece<br \/>\nAviva\u00a0Dan,\u00a0Ohalo Academic Education College,\u00a0Israel<br \/>\nBeatriz\u00a0Carrasquer Alvarez,\u00a0Zaragoza University,\u00a0Spain<br \/>\nBego\u00f1a Sampedro,\u00a0University of Cordoba,\u00a0Spain<br \/>\nBurcu\u00a0Ko\u00e7,\u00a0Sakarya University,\u00a0Turkey<br \/>\n\u00c7a\u011fla Atmaca,\u00a0Pamukkale University,\u00a0Turkey<br \/>\nCarla\u00a0Massoud,\u00a0Saint-Joseph University Beirut,\u00a0Lebanon<br \/>\nCarolina\u00a0Bodea Hategan,\u00a0Babes-Bolyai University,\u00a0Romania<br \/>\nCelia\u00a0MacDonnell,\u00a0University of Rhode Island and Brown University,\u00a0USA<br \/>\nCezar\u00a0Scarlat,\u00a0University &#8220;Politehnica&#8221; of Bucharest,\u00a0Romania<br \/>\nCharalampos\u00a0Karagiannidis,\u00a0University of Thessaly,\u00a0Greece<br \/>\nCharles\u00a0Elkabas,\u00a0University of Toronto,\u00a0Canada<br \/>\nChristian David\u00a0Quintero Guerrero,\u00a0Nueva Granada Militar University,\u00a0Colombia<br \/>\nChristine\u00a0Besnard,\u00a0Glendon College, York University,\u00a0Canada<br \/>\nChristopher\u00a0Fowler,\u00a0University of Essex,\u00a0United Kingdom<br \/>\nChristos\u00a0Manasis,\u00a0TEI of Sterea Ellada,\u00a0Greece<br \/>\nClara\u00a0Barroso,\u00a0University of La Laguna,\u00a0Spain<br \/>\nCory A.\u00a0Bennett,\u00a0Idaho State University,\u00a0USA<br \/>\nCristiano\u00a0Luchetti,\u00a0American University of Sharjah,\u00a0United Arab Emirates<br \/>\nDalia\u00a0Hanna,\u00a0Ryerson University,\u00a0Canada<br \/>\nDaniel\u00a0Madrid,\u00a0University of Granada,\u00a0Spain<br \/>\nDaniela\u00a0Pasnicu,\u00a0Spiru Haret University,\u00a0Romania<br \/>\nDavid\u00a0Aparisi,\u00a0University of Alicante,\u00a0Spain<br \/>\nDavid\u00a0Nocar,\u00a0Palack\u00fd University in Olomouc,\u00a0Czech Republic<br \/>\nDiane\u00a0Boothe,\u00a0Boise State University,\u00a0USA<br \/>\nDimitris\u00a0Dranidis,\u00a0The University of Sheffield International Faculty, CITY College,\u00a0Greece<br \/>\nDorina Anca\u00a0Talas,\u00a0Babes-Bolyai University,\u00a0Romania<br \/>\nDouglas\u00a0Baleshta,\u00a0Thompson Rivers University,\u00a0Canada<br \/>\nElena\u00a0Polyudova,\u00a0Language Institute,\u00a0USA<br \/>\nEllen\u00a0Whitford,\u00a0Georgia Southern University,\u00a0USA<br \/>\nEmre Erturk,\u00a0Eastern Institute of Technology,\u00a0New Zealand<br \/>\nEva\u00a0Hinojosa Pareja,\u00a0University of Cordoba,\u00a0Spain<br \/>\nEva\u00a0Trnov\u00e1,\u00a0Masaryk University,\u00a0Czech Republic<br \/>\nFrancesco\u00a0Arcidiacono,\u00a0University of Teacher Education BEJUNE,\u00a0Switzerland<br \/>\nFrancis\u00a0Stonier,\u00a0University of West Georgia,\u00a0USA<br \/>\nGabriela-Eugenia\u00a0Iacobescu,\u00a0University of Craiova,\u00a0Romania<br \/>\nGilles\u00a0Sagodira,\u00a0University of R\u00e9union Island,\u00a0R\u00e9union<br \/>\nGina\u00a0Chianese,\u00a0University of Trieste,\u00a0Italy<br \/>\nGinette\u00a0Roberge,\u00a0Laurentian University,\u00a0Canada<br \/>\nGiuditta\u00a0Alessandrini,\u00a0Universit\u00e0 degli Studi Roma TRE,\u00a0Italy<br \/>\nGrainne M.\u00a0O&#8217; Donnell,\u00a0University College Dublin,\u00a0Ireland<br \/>\nGy\u00f6ngyi Bujdos\u00f3,\u00a0University of Debrecen,\u00a0Hungary<br \/>\nHarvey\u00a0Oueijan,\u00a0Notre Dame University,\u00a0Lebanon<br \/>\nHava\u00a0Vidergor,\u00a0Gordon Academic College of Education \/ Arab Academic College of Education,\u00a0Israel<br \/>\nHelena Skarupsk\u00e1,\u00a0Tomas Bata University in Zl\u00edn,\u00a0Czech Republic<br \/>\nHelin\u00a0Puksand,\u00a0University of Tartu,\u00a0Estonia<br \/>\nHenri\u00a0Jacobs,\u00a0Central University of Technology, Free State (CUT),\u00a0South Africa<br \/>\nIlona Tandzegolskien\u0117,\u00a0Vytautas Magnus University,\u00a0Lithuania<br \/>\nIna\u00a0Blau,\u00a0The Open University of Israel,\u00a0Israel<br \/>\nIsmini\u00a0Vasileiou,\u00a0De Montfort University,\u00a0United Kingdom<br \/>\nJacquelyn\u00a0Baker-Sennett,\u00a0Western Washington University,\u00a0USA<br \/>\nJana Kapounov\u00e1,\u00a0University of Ostrava,\u00a0Czech Republic<br \/>\nJanaina\u00a0Cardoso,\u00a0Rio de Janeiro State University,\u00a0Brazil<br \/>\nJeanne\u00a0Schreurs,\u00a0Hasselt University,\u00a0Belgium<br \/>\nJeannette\u00a0Jones,\u00a0Texas Lutheran University,\u00a0USA<br \/>\nJoana Paulin\u00a0Romanowski,\u00a0PUCPR &#8211; PUCPR &#8211; Pontif\u00edcia Universidade Cat\u00f3lica do Paran\u00e1,\u00a0Brazil<br \/>\nJoanna\u00a0Paliszkiewicz,\u00a0Warsaw University of Life Sciences,\u00a0Poland<br \/>\nJohn P.\u00a0Egan,\u00a0The University of Auckland,\u00a0New Zealand<br \/>\nJose Augusto\u00a0Oliveira Huguenin,\u00a0Universidade Federal Fluminense,\u00a0Brazil<br \/>\nJuana Maria\u00a0Sancho Gil,\u00a0University of Barcelona,\u00a0Spain<br \/>\nJulia\u00a0Haba-Osca,\u00a0Universitat de Valencia,\u00a0Spain<br \/>\nKarel N\u011bmejc,\u00a0Czech University of Life Sciences Prague,\u00a0Czech Republic<br \/>\nKarim\u00a0Moustaghfir,\u00a0Al Akhawayn University in Ifrane,\u00a0Morocco<br \/>\nKaterina\u00a0Kabassi,\u00a0Technological Educational Institute of the Ionian Islands,\u00a0Greece<br \/>\nKatja\u00a0Tschimmel,\u00a0MINDSHAKE \/ Guest Lecturer Porto Business School,\u00a0Portugal<br \/>\nKyparisia\u00a0Papanikolaou,\u00a0School of Pedagogical and Technological Education,\u00a0Greece<br \/>\nLad\u00e1rio da Silva,\u00a0Universidade Federal Fluminense (UFF),\u00a0Brazil<br \/>\nLaura\u00a0Rio,\u00a0University of Bologna,\u00a0Italy<br \/>\nLaurent\u00a0Moccozet,\u00a0University of Geneva,\u00a0Switzerland<br \/>\nLeela\u00a0Ramsook,\u00a0University of Trinidad and Tobago,\u00a0Trinidad and Tobago<br \/>\nLeona\u00a0Sta\u0161ov\u00e1,\u00a0University of Hradec Kralove,\u00a0Czech Republic<br \/>\nLi\u00a0Jin,\u00a0University of Westminster,\u00a0United Kingdom<br \/>\nLina\u00a0Kaminskien\u0117,\u00a0Vytautas Magnus University,\u00a0Lithuania<br \/>\nLisa\u00a0Winstead,\u00a0California State University, Fullerton,\u00a0USA<br \/>\nLoredana\u00a0Terec-Vlad,\u00a0Stefan cel Mare University from Suceava and Lumen Research Center in Social and Humanistic Sciences,\u00a0Romania<br \/>\nLoreta\u00a0Chodzkiene,\u00a0Vilnius University,\u00a0Lithuania<br \/>\nLuca\u00a0Refrigeri,\u00a0University of Molise,\u00a0Italy<br \/>\nLuis Gonzaga\u00a0Roger Castillo,\u00a0Universidad de Granada (UGR) \/ Centro de Estudios ,\u00a0Spain<br \/>\nLuminita\u00a0Cocarta,\u00a0Al. I. Cuza University of Iasi,\u00a0Romania<br \/>\nMagdalena M\u0105dra-Sawicka,\u00a0Warsaw University of Life Sciences,\u00a0Poland<br \/>\nMagdolna\u00a0Chrapp\u00e1n,\u00a0University of Debrecen,\u00a0Hungary<br \/>\nMal Leicester, University of Nottingham, United Kingdom<br \/>\nMa\u0142gorzata Cieciora,\u00a0Polish-Japanese Academy of Information Technology,\u00a0Poland<br \/>\nMaria\u00a0Moundridou,\u00a0School of Pedagogical and Technological Education (ASPETE),\u00a0Greece<br \/>\nMaria Carme\u00a0Boqu\u00e9 Torremorell,\u00a0Ramon Llull University,\u00a0Spain<br \/>\nMaria Isabel\u00a0Garcia-Planas,\u00a0Polytechnic University of Catalonia,\u00a0Spain<br \/>\nMaria Luisa\u00a0de Natale,\u00a0Universit\u00e0 Cattolica del Sacro Cuore,\u00a0Italy<br \/>\nMarielle\u00a0Patronis,\u00a0Zayed University,\u00a0United Arab Emirates<br \/>\nMarta\u00a0Talavera,\u00a0University of Valencia,\u00a0Spain<br \/>\nMaya\u00a0Wizel,\u00a0Middlebury College,\u00a0Israel<br \/>\nMelissa\u00a0Caspary,\u00a0Georgia Gwinnett College,\u00a0USA<br \/>\nMetaxia\u00a0Pavlakou,\u00a0University College London,\u00a0United Kingdom<br \/>\nMichele Lemos\u00a0de Souza,\u00a0Universidade Federal Fluminense,\u00a0Brazil<br \/>\nMilan\u00a0Kubiatko,\u00a0University of Zilina,\u00a0Slovakia<br \/>\nMingming\u00a0Zhou,\u00a0University of Macau,\u00a0China<br \/>\nMustafa\u00a0Ozmusul,\u00a0Harran University,\u00a0Turkey<br \/>\nNaseer\u00a0Ahmed,\u00a0Al Ghurair University,\u00a0United Arab Emirates<br \/>\nNatalie\u00a0Lavoie,\u00a0University of Quebec in Rimousk,\u00a0Canada<br \/>\nNazario\u00a0Zambaldi,\u00a0Free University of Bolzano,\u00a0Italy<br \/>\nNed\u00a0Ladd,\u00a0Bucknell University,\u00a0USA<br \/>\nNihal\u00a0Dogan,\u00a0University of The Balearic Islands,\u00a0Spain<br \/>\nNikolaos\u00a0Marianos,\u00a0Neuropublic SA \/ University of the Aegean,\u00a0Greece<br \/>\nNina K.\u00a0Buchanan,\u00a0University of Hawaii,\u00a0USA<br \/>\nOlga\u00a0Chis,\u00a0Babes-Bolyai University,\u00a0Romania<br \/>\nPaola\u00a0Damiani,\u00a0University of Turin,\u00a0Italy<br \/>\nPascal\u00a0Marquet,\u00a0University of Strasbourg,\u00a0France<br \/>\nPaschalia\u00a0Patsala,\u00a0Arts and Humanities Research Council,\u00a0United Kingdom<br \/>\nPatricia E.\u00a0Reynolds,\u00a0University of Mary Washington,\u00a0USA<br \/>\nPavel\u00a0Brebera,\u00a0University of Pardubice,\u00a0Czech Republic<br \/>\nPawe\u0142 Topol,\u00a0Adam Mickiewicz University in Pozna\u0144,\u00a0Poland<br \/>\nPedro\u00a0Perera,\u00a0Universidad de La Laguna,\u00a0Spain<br \/>\nPetros\u00a0Kefalas,\u00a0University of Sheffield International Faculty, Thessaloniki,\u00a0Greece<br \/>\nPule\u00a0Phindane,\u00a0Central University of Technology,\u00a0South Africa<br \/>\nRasa\u00a0Nedzinskaite,\u00a0Lithuanian University of Educational Sciences,\u00a0Lithuania<br \/>\nRazvan-Lucian\u00a0Andronic,\u00a0Spiru Haret University,\u00a0Romania<br \/>\nRed\u00a0Mendoza,\u00a0Nanyang Technological University,\u00a0Singapore<br \/>\nRosa Maria\u00a0Lopes Martins,\u00a0Polytechnic Institute of Viseu,\u00a0Portugal<br \/>\nRosanna\u00a0Tammaro,\u00a0University of Salerno,\u00a0Italy<br \/>\nSandra\u00a0Braun,\u00a0Mount Royal University,\u00a0Canada<br \/>\nSeppo\u00a0Sirkemaa,\u00a0University of Turku,\u00a0Finland<br \/>\nSerhat Bahadir\u00a0Kert,\u00a0Yildiz Technical University,\u00a0Turkey<br \/>\nSeweryn\u00a0Spalek,\u00a0Silesian University of Technology,\u00a0Poland<br \/>\nSheryl\u00a0Williams,\u00a0Loughborough University,\u00a0United Kingdom<br \/>\nSilv\u00e2nia Alves de Carvalho,\u00a0Universidade Federal Fluminense,\u00a0Brazil<br \/>\nSilvia\u00a0Nikolaeva,\u00a0Sofia University,\u00a0Bulgaria<br \/>\nSilvia Pokriv\u010d\u00e1kov\u00e1,\u00a0Trnava University,\u00a0Slovakia<br \/>\nSimon\u00a0Richir,\u00a0Arts et Metiers Paristech (ENSAM),\u00a0France<br \/>\nSinan\u00a0Olkun,\u00a0Final International University,\u00a0Turkey<br \/>\nStefania\u00a0Pinnelli,\u00a0University of Salento,\u00a0Italy<br \/>\nStephanie\u00a0Linek,\u00a0ZBW &#8211; Leibniz Information Centre for Economics,\u00a0Germany<br \/>\nSurendra\u00a0Pathak,\u00a0Gujarat Vidyapith (deemed University),\u00a0India<br \/>\nSusan\u00a0Scott,\u00a0Lakehead University,\u00a0Canada<br \/>\nSuzie\u00a0Savvidou,\u00a0The University of Sheffield International Faculty, CITY College,\u00a0Greece<br \/>\nTatjana\u00a0Portnova,\u00a0Russian Center of the University of Granada,\u00a0Spain<br \/>\nTetyana\u00a0Antimirova,\u00a0Ryerson University,\u00a0Canada<br \/>\nTodd\u00a0Brower,\u00a0Western State College of Law,\u00a0USA<br \/>\nVashti\u00a0Singh,\u00a0Education Consultant and Independent Researcher,\u00a0Trinidad and Tobago<br \/>\nVassilis\u00a0Chatzibirros,\u00a0The University of Sheffield International Faculty, CITY College,\u00a0Greece<br \/>\nVer\u00f3nica\u00a0Mar\u00edn-D\u00edaz,\u00a0University of Cordoba,\u00a0Spain<br \/>\nVicente J.\u00a0Llorent,\u00a0University of Cordoba,\u00a0Spain<br \/>\nWei-Ni\u00a0Wang,\u00a0National Chung Cheng University,\u00a0Taiwan<br \/>\nWendy\u00a0Setlalentoa,\u00a0Central University of Technology,\u00a0South Africa<br \/>\nWida Susanty\u00a0Haji Suhaili,\u00a0University of Technology Brunei,\u00a0Brunei Darussalam<br \/>\nWiktor\u00a0Bo\u0142kunow,\u00a0Warsaw School of Economics,\u00a0Poland<br \/>\nYogesh Kumar\u00a0Sharma,\u00a0Government Shakamdhar PG College, Sambhar Lake,\u00a0India<br \/>\nYolanda\u00a0Castro Robles,\u00a0Pontificia Universidad Javeriana,\u00a0Colombia<br \/>\nYoungsoon\u00a0Kim,\u00a0Inha University,\u00a0South Korea<br \/>\nZolt\u00e1n\u00a0R\u00f3nay,\u00a0Eotvos Lor\u00e1nd University,\u00a0Hungary<\/p>\n","protected":false},"excerpt":{"rendered":"<p>Conference and Program Chair Mafalda Carmo, World Institute for Advanced Research and Science (WIARS), Portugal &nbsp; International Scientific Committee Aaron R.\u00a0Deris,\u00a0Minnesota State University,\u00a0USA Abdurrahman\u00a0Guelbeyaz,\u00a0Nagasaki University, School of Global Humanities and Social Sciences,\u00a0Japan Adri\u00e1n\u00a0Ponz Miranda,\u00a0Zaragoza University,\u00a0Spain Ahmet\u00a0Ok,\u00a0Middle East Technical University,\u00a0Turkey Ahrar\u00a0Husain,\u00a0Jamia Millia Islamia,\u00a0India Alan\u00a0Singer,\u00a0Hofstra University,\u00a0USA Ali\u00a0Baykal,\u00a0Bahcesehir University,\u00a0Turkey Ali\u00a0Yildirim,\u00a0University of Gothenburg,\u00a0Sweden Alice\u00a0Stephens,\u00a0Clark Atlanta University,\u00a0USA Amir\u00a0Dirin,\u00a0Haaga-Helia University of [&hellip;]<\/p>\n","protected":false},"author":1,"featured_media":0,"parent":0,"menu_order":0,"comment_status":"closed","ping_status":"closed","template":"","meta":{"jetpack_post_was_ever_published":false,"footnotes":""},"class_list":["post-36","page","type-page","status-publish","hentry"],"jetpack_sharing_enabled":true,"jetpack_likes_enabled":true,"jetpack_shortlink":"https:\/\/wp.me\/Pbi8r1-A","_links":{"self":[{"href":"https:\/\/end-educationconference.org\/2019\/wp-json\/wp\/v2\/pages\/36","targetHints":{"allow":["GET"]}}],"collection":[{"href":"https:\/\/end-educationconference.org\/2019\/wp-json\/wp\/v2\/pages"}],"about":[{"href":"https:\/\/end-educationconference.org\/2019\/wp-json\/wp\/v2\/types\/page"}],"author":[{"embeddable":true,"href":"https:\/\/end-educationconference.org\/2019\/wp-json\/wp\/v2\/users\/1"}],"replies":[{"embeddable":true,"href":"https:\/\/end-educationconference.org\/2019\/wp-json\/wp\/v2\/comments?post=36"}],"version-history":[{"count":160,"href":"https:\/\/end-educationconference.org\/2019\/wp-json\/wp\/v2\/pages\/36\/revisions"}],"predecessor-version":[{"id":5828,"href":"https:\/\/end-educationconference.org\/2019\/wp-json\/wp\/v2\/pages\/36\/revisions\/5828"}],"wp:attachment":[{"href":"https:\/\/end-educationconference.org\/2019\/wp-json\/wp\/v2\/media?parent=36"}],"curies":[{"name":"wp","href":"https:\/\/api.w.org\/{rel}","templated":true}]}}