{"id":42,"date":"2014-07-22T17:12:38","date_gmt":"2014-07-22T17:12:38","guid":{"rendered":"http:\/\/end-educationconference.org\/?page_id=42"},"modified":"2018-09-27T10:10:41","modified_gmt":"2018-09-27T10:10:41","slug":"venuehotel-information","status":"publish","type":"page","link":"https:\/\/end-educationconference.org\/2019\/venuehotel-information\/","title":{"rendered":"Venue\/Hotel Information"},"content":{"rendered":"<p><strong>END 2019<\/strong> will take place in Hotel <strong>HF IPANEMA PORTO<\/strong> &#8211; Porto, Portugal.<\/p>\n<p>Like Porto, this hotel has history and tradition and, like the city, it&#8217;s renewed, modern and exciting.<\/p>\n<p>Just a short walk away, Campo Alegre is home to &#8220;Casa da M\u00fasica&#8221;, the main Museums in the city and the margin of the River Douro.<br \/>\nPorto&#8217;s modern public transportation network is just steps away from the reception. Alternatively, you may choose to take a ride on the historical tram or using the rental bikes in the hotel.<\/p>\n<p><img decoding=\"async\" class=\"aligncenter\" src=\"https:\/\/i1.wp.com\/inpact-psychologyconference.org\/wp-content\/uploads\/2017\/10\/hotel-Ipanema-Porto.jpg?resize=500%2C500\" \/><\/p>\n<p>To make your reservation, please access the following link \u2013 <a href=\"http:\/\/end2019.hfhotels.com\/\" target=\"_blank\" rel=\"noopener\">http:\/\/end2019.hfhotels.com\/<\/a>\u00a0\u2013 and choose\u00a0the hotel of your preference.<br \/>\nHF Ipanema Porto **** (Conference Venue)<br \/>\nHF Tuela Porto *** (3 minutes walk)<br \/>\nHF F\u00e9nix Porto **** (4 minutes walk)<\/p>\n<p><strong>Please be aware that the conference will happen in a weekend of popular festivities (S\u00e3o Jo\u00e3o\u2019s Festivities), so the demand for hotels is very high during these days. Also, this offer is limited, so we strongly recommend you to do your Hotel booking as soon as possible.\u00a0<\/strong><\/p>\n<p>How to get to the conference site:<\/p>\n<p><strong>From the airport to the hotel<\/strong><br \/>\n\u2013 By metro:<br \/>\nIn the Metro do Aeroporto metro station, take the line E in towards the Est\u00e1dio do Drag\u00e3o metro station. Exit in Casa da M\u00fasica (HF Ipanema Porto is 1 Km away).<br \/>\n\u2013 By bus:<br \/>\nNear the airport, take the bus n.\u00ba 601 (in direction to Cordoaria), and get off at Casa da M\u00fasica (HF Ipanema Porto is 1 Km away).<br \/>\n\u2013 Shuttle service:<br \/>\nTo buy this service, just click\u00a0<a href=\"https:\/\/100rumos.com\/en\/shuttle_porto_options\" target=\"_blank\" rel=\"noopener\">here<\/a>.<\/p>\n<p><strong>From downtown to the hotel<\/strong><br \/>\n\u2013 By metro:<br \/>\nLeaving from the Avenida dos Aliados, continue by going up towards the Trindade metro station (behind the City Hall\/C\u00e2mara Municipal do Porto) and take the line A, B, C, or E, towards Casa da M\u00fasica.<br \/>\n-By bus:<br \/>\nLeaving from the Avenida dos Aliados, take the bus n.\u00ba 200 (towards Castelo do Queijo) or the bus n.\u00ba 207 (towards Foz-Mercado) at the Pra\u00e7a D. Jo\u00e3o I (next to the Teatro Rivoli). Get off the bus at the Massarelos bus stop (the HF Ipanema Porto is located within 0,5 Km).<br \/>\n\u2013 By car:<br \/>\nLeaving from the Avenida dos Aliados, go up the street until the traffic lights, and turn left to Rua de Ceuta, then entering the T\u00fanel de Ceuta. Once in the tunnel, continue towards Hospital Sto. Ant\u00f3nio. In the exit of the tunnel take the right, passing through the Pal\u00e1cio de Cristal up to Pra\u00e7a da Galiza. At the traffic lights turn left to Rua do Campo Alegre (the HF Ipanema Porto is 0,5 Km away.)<\/p>\n<p style=\"text-align: center;\"><strong><br \/>\nHotel Address and Map:<\/strong><br \/>\nRua do Campo Alegre, 156\/172<br \/>\n4150-169 Porto,\u00a0Portugal<\/p>\n<p style=\"text-align: center;\"><iframe loading=\"lazy\" style=\"border: 0;\" src=\"https:\/\/www.google.com\/maps\/embed?pb=!1m18!1m12!1m3!1d3004.163377238134!2d-8.632079985185896!3d41.152786218469615!2m3!1f0!2f0!3f0!3m2!1i1024!2i768!4f13.1!3m3!1m2!1s0xd24650f2a92bef3%3A0xa847858a660bd05a!2sHF+Ipanema+Porto!5e0!3m2!1sen!2sus!4v1537265144834\" width=\"600\" height=\"450\" frameborder=\"0\" allowfullscreen=\"allowfullscreen\"><\/iframe><\/p>\n","protected":false},"excerpt":{"rendered":"<p>END 2019 will take place in Hotel HF IPANEMA PORTO &#8211; Porto, Portugal. Like Porto, this hotel has history and tradition and, like the city, it&#8217;s renewed, modern and exciting. Just a short walk away, Campo Alegre is home to &#8220;Casa da M\u00fasica&#8221;, the main Museums in the city and the margin of the River [&hellip;]<\/p>\n","protected":false},"author":1,"featured_media":0,"parent":0,"menu_order":0,"comment_status":"closed","ping_status":"closed","template":"","meta":{"jetpack_post_was_ever_published":false,"footnotes":""},"class_list":["post-42","page","type-page","status-publish","hentry"],"jetpack_sharing_enabled":true,"jetpack_likes_enabled":true,"jetpack_shortlink":"https:\/\/wp.me\/Pbi8r1-G","_links":{"self":[{"href":"https:\/\/end-educationconference.org\/2019\/wp-json\/wp\/v2\/pages\/42","targetHints":{"allow":["GET"]}}],"collection":[{"href":"https:\/\/end-educationconference.org\/2019\/wp-json\/wp\/v2\/pages"}],"about":[{"href":"https:\/\/end-educationconference.org\/2019\/wp-json\/wp\/v2\/types\/page"}],"author":[{"embeddable":true,"href":"https:\/\/end-educationconference.org\/2019\/wp-json\/wp\/v2\/users\/1"}],"replies":[{"embeddable":true,"href":"https:\/\/end-educationconference.org\/2019\/wp-json\/wp\/v2\/comments?post=42"}],"version-history":[{"count":42,"href":"https:\/\/end-educationconference.org\/2019\/wp-json\/wp\/v2\/pages\/42\/revisions"}],"predecessor-version":[{"id":6510,"href":"https:\/\/end-educationconference.org\/2019\/wp-json\/wp\/v2\/pages\/42\/revisions\/6510"}],"wp:attachment":[{"href":"https:\/\/end-educationconference.org\/2019\/wp-json\/wp\/v2\/media?parent=42"}],"curies":[{"name":"wp","href":"https:\/\/api.w.org\/{rel}","templated":true}]}}