{"id":36,"date":"2014-07-22T17:11:55","date_gmt":"2014-07-22T17:11:55","guid":{"rendered":"http:\/\/end-educationconference.org\/?page_id=36"},"modified":"2020-03-26T10:43:21","modified_gmt":"2020-03-26T10:43:21","slug":"scientific-committee","status":"publish","type":"page","link":"https:\/\/end-educationconference.org\/2020\/scientific-committee\/","title":{"rendered":"Scientific Committee"},"content":{"rendered":"<p style=\"text-align: justify;\"><strong><span style=\"color: #ff6600;\">Conference and Program Chair<\/span><\/strong><\/p>\n<p><strong>Mafalda Carmo<\/strong>,<br \/>\nWorld Institute for Advanced Research and Science (WIARS), Portugal<\/p>\n<p>&nbsp;<\/p>\n<p style=\"text-align: justify;\"><strong><span style=\"color: #ff6600;\">International Scientific Committee<\/span><\/strong><\/p>\n<p>Aaron R.&nbsp;Deris,&nbsp;Minnesota State University,&nbsp;USA<br \/>\nAbdurrahman&nbsp;Guelbeyaz,&nbsp;Nagasaki University, School of Global Humanities and Social Sciences,&nbsp;Japan<br \/>\nAdri\u00e1n&nbsp;Ponz Miranda,&nbsp;Zaragoza University,&nbsp;Spain<br \/>\nAhmad A.&nbsp;Oueini,&nbsp;Lebanese American University,&nbsp;Lebanon<br \/>\nAlan&nbsp;Singer,&nbsp;Hofstra University,&nbsp;USA<br \/>\nAli&nbsp;Baykal,&nbsp;Bahcesehir University,&nbsp;Turkey<br \/>\nAlice&nbsp;Stephens,&nbsp;Clark Atlanta University,&nbsp;USA<br \/>\nAmir&nbsp;Dirin,&nbsp;Haaga-Helia University of Applied Science,&nbsp;Finland<br \/>\nAna&nbsp;Conboy,&nbsp;College of Saint Benedict and Saint John&#8217;s University,&nbsp;USA<br \/>\nAna-Maria&nbsp;Bercu,&nbsp;Alexandru Ioan Cuza University of Iasi,&nbsp;Romania<br \/>\nAnca&nbsp;Draghici,&nbsp;Politehnica University Timisoara,&nbsp;Romania<br \/>\nAndis&nbsp;Klegeris,&nbsp;University of British Columbia,&nbsp;Canada<br \/>\nAndrea&nbsp;Fiorucci,&nbsp;University of Salento,&nbsp;Italy<br \/>\nAndrea&nbsp;Hathazi,&nbsp;Babes-Bolyai University,&nbsp;Romania<br \/>\nAngela&nbsp;Hovey,&nbsp;Lakehead University,&nbsp;Canada<br \/>\nAngela&nbsp;James,&nbsp;University of KwaZulu-Natal,&nbsp;South Africa<br \/>\nAngela&nbsp;Piu,&nbsp;University of Valle d&#8217;Aosta,&nbsp;Italy<br \/>\nAnja Mar\u00eda&nbsp;Mackeldey,&nbsp;Colegio Alem\u00e1n Medell\u00edn \/ Universidad de Antioquia,&nbsp;Colombia<br \/>\nAnne Julia&nbsp;Fett,&nbsp;Martin-Luther-Universit\u00e4t Halle-Wittenberg,&nbsp;Germany<br \/>\nAntoni&nbsp;Kolek,&nbsp;University of Social Sciences,&nbsp;Poland<br \/>\nAphrodite Ktena, National and Kapodistrian University of Athens, Greece<br \/>\nAviva&nbsp;Dan,&nbsp;Ohalo Academic Education College,&nbsp;Israel<br \/>\nBeata Ma\u015blanka-Wieczorek,&nbsp;Polish-Japanese Academy of Information Technology,&nbsp;Poland<br \/>\nBeatriz Carrasquer \u00c1lvarez,&nbsp;Zaragoza University,&nbsp;Spain<br \/>\nBego\u00f1a Sampedro,&nbsp;Univesity of Cordoba,&nbsp;Spain<br \/>\n&nbsp;Belkis&nbsp;Tekmen,&nbsp;Baskent University,&nbsp;Turkey<br \/>\nBinnur Ye\u015filyaprak,&nbsp;Ankara University,&nbsp;Turkey<br \/>\n\u00c7a\u011fla Atmaca,&nbsp;Pamukkale University,&nbsp;Turkey<br \/>\nCarolina&nbsp;Bodea Hategan,&nbsp;Babes-Bolyai University,&nbsp;Romania<br \/>\nCelia&nbsp;MacDonnell,&nbsp;University of Rhode Island and Brown University,&nbsp;USA<br \/>\nCezar&nbsp;Scarlat,&nbsp;University &#8220;Politehnica&#8221; of Bucharest,&nbsp;Romania<br \/>\nCharalampos&nbsp;Karagiannidis,&nbsp;University of Thessaly,&nbsp;Greece<br \/>\nCharles&nbsp;Elkabas,&nbsp;University of Toronto,&nbsp;Canada<br \/>\nCheng-Hsuan&nbsp;Li,&nbsp;National Taichung University of Education,&nbsp;Taiwan<br \/>\nChristine&nbsp;Besnard,&nbsp;Glendon College, York University,&nbsp;Canada<br \/>\nChristos&nbsp;Manasis,&nbsp;TEI of Sterea Ellada,&nbsp;Greece<br \/>\nChun&nbsp;Wu,&nbsp;Mount Marty College,&nbsp;USA<br \/>\nCory A.&nbsp;Bennett,&nbsp;Idaho State University,&nbsp;USA<br \/>\nCristiano&nbsp;Luchetti,&nbsp;American University of Sharjah,&nbsp;United Arab Emirates<br \/>\nDalia&nbsp;Hanna,&nbsp;Ryerson University,&nbsp;Canada<br \/>\nDaniela&nbsp;Pasnicu,&nbsp;Spiru Haret University,&nbsp;Romania<br \/>\nDavid&nbsp;Aparisi,&nbsp;University of Alicante,&nbsp;Spain<br \/>\nDavid&nbsp;Nocar,&nbsp;Palack\u00fd University in Olomouc,&nbsp;Czech Republic<br \/>\nDeborah Gay&nbsp;Wooldridge,&nbsp;Bowling Green State University,&nbsp;USA<br \/>\nDevorah&nbsp;Eden,&nbsp;Western Galilee College,&nbsp;Israel<br \/>\nDimitris&nbsp;Dranidis,&nbsp;The University of Sheffield International Faculty, CITY College,&nbsp;Greece<br \/>\nDonata&nbsp;Puntil,&nbsp;King&#8217;s College London,&nbsp;United Kingdom<br \/>\nDorina Anca&nbsp;Talas,&nbsp;Babes-Bolyai University,&nbsp;Romania<br \/>\nDouglas&nbsp;Baleshta,&nbsp;Thompson Rivers University,&nbsp;Canada<br \/>\nElena&nbsp;Polyudova,&nbsp;Defense Language Institute,&nbsp;USA<br \/>\nEllen&nbsp;Whitford,&nbsp;Georgia Southern University,&nbsp;USA<br \/>\nFrancis&nbsp;Stonier,&nbsp;Southwest University,&nbsp;China<br \/>\nGina&nbsp;Chianese,&nbsp;University of Trieste,&nbsp;Italy<br \/>\nGinette&nbsp;Roberge,&nbsp;Laurentian University,&nbsp;Canada<br \/>\nGiuditta&nbsp;Alessandrini,&nbsp;Universit\u00e0 degli Studi Roma TRE,&nbsp;Italy<br \/>\nGr\u00e1inne N\u00ed Dhomhnaill,&nbsp;University College Dublin,&nbsp;Ireland<br \/>\nGy\u00f6ngyi Bujdos\u00f3,&nbsp;University of Debrecen,&nbsp;Hungary<br \/>\nHarvey&nbsp;Oueijan,&nbsp;Notre Dame University,&nbsp;Lebanon<br \/>\nHava&nbsp;Vidergor,&nbsp;Gordon Academic College of Education \/ Arab Academic College of Education,&nbsp;Israel<br \/>\nHelena Skarupsk\u00e1,&nbsp;Tomas Bata University,&nbsp;Czech Republic<br \/>\nHenri&nbsp;Jacobs,&nbsp;Central University of Technology, Free State (CUT),&nbsp;South Africa<br \/>\nHuseyin&nbsp;Bicen,&nbsp;Near East University, Nicosia,&nbsp;Cyprus<br \/>\nIlijana \u010cutura,&nbsp;University of Kragujevac,&nbsp;Serbia<br \/>\nIlona Tandzegolskien\u0117,&nbsp;Vytautas Magnus University,&nbsp;Lithuania<br \/>\nIna&nbsp;Blau,&nbsp;The Open University of Israel,&nbsp;Israel<br \/>\nIoana&nbsp;Velica,&nbsp;Babes-Bolyai University,&nbsp;Romania<br \/>\nIonut&nbsp;Vladescu,&nbsp;University \u201cPetre Andrei\u201d of Iasi,&nbsp;Romania<br \/>\nJacquelyn&nbsp;Baker-Sennett,&nbsp;Western Washington University,&nbsp;USA<br \/>\nJanaina&nbsp;Cardoso,&nbsp;Rio de Janeiro State University,&nbsp;Brazil<br \/>\nJeanne&nbsp;Schreurs,&nbsp;Hasselt University,&nbsp;Belgium<br \/>\nJeannette&nbsp;Jones,&nbsp;Texas Lutheran University,&nbsp;USA<br \/>\nJi\u0159\u00ed Pavelka,&nbsp;Tomas Bata University in Zl\u00edn,&nbsp;Czech Republic<br \/>\nJitka Hlou\u0161kov\u00e1,&nbsp;University of Pardubice,&nbsp;Czech Republic<br \/>\nJoana Paulin Romanowski,&nbsp;PUCPR &#8211; Pontif\u00edcia Universidade Cat\u00f3lica do Paran\u00e1,&nbsp;Brasil<br \/>\nJoanna&nbsp;Paliszkiewicz,&nbsp;Warsaw University of Life Sciences,&nbsp;Poland<br \/>\nJuana Maria&nbsp;Sancho Gil,&nbsp;University of Barcelona,&nbsp;Spain<br \/>\nJudith&nbsp;Szerdahelyi,&nbsp;Western Kentucky University,&nbsp;USA<br \/>\nJulia&nbsp;Haba-Osca,&nbsp;Universitat de Valencia,&nbsp;Spain<br \/>\nKadi&nbsp;Lukanenok,&nbsp;Tallinn University,&nbsp;Estonia<br \/>\nKarel N\u011bmejc,&nbsp;Czech University of Life Sciences Prague,&nbsp;Czech Republic<br \/>\nKarim&nbsp;Moustaghfir,&nbsp;Al Akhawayn University in Ifrane,&nbsp;Morocco<br \/>\nKate\u0159ina Vit\u00e1skov\u00e1,&nbsp;Palack\u00fd University in Olomouc,&nbsp;Czech Republic<br \/>\nKaterina&nbsp;Kabassi,&nbsp;Technological Educational Institute of the Ionian Islands,&nbsp;Greece<br \/>\nKhondkar R.&nbsp;Islam,&nbsp;George Mason University,&nbsp;USA<br \/>\nKonstantinos&nbsp;Kalemis,&nbsp;National and Kapodistrian University of Athens \/ National Centre for Local Government and Public Administration, Hellenic Ministry of Education,&nbsp;Greece<br \/>\nKyparisia&nbsp;Papanikolaou,&nbsp;School of Pedagogical and Technological Education,&nbsp;Greece<br \/>\nLad\u00e1rio da Silva,&nbsp;Universidade Federal Fluminense (UFF),&nbsp;Brazil<br \/>\nLaura&nbsp;Rio,&nbsp;University of Bologna,&nbsp;Italy<br \/>\nLazar Sto\u0161i\u0107,&nbsp;Institute of management and knowledge, Regional coordinator for Republic of Serbia,&nbsp;Macedonia<br \/>\nLeela&nbsp;Ramsook,&nbsp;University of Trinidad and Tobago,&nbsp;Trinidad and Tobago<br \/>\nLefkothea&nbsp;Kartasidou,&nbsp;University of Macedonia,&nbsp;Greece<br \/>\nLeila&nbsp;Kajee,&nbsp;University of Johannesburg,&nbsp;South Africa<br \/>\nLina Kaminskien\u0117,&nbsp;Vytautas Magnus University,&nbsp;Lithuania<br \/>\nLisa&nbsp;Winstead,&nbsp;California State University, Fullerton,&nbsp;USA<br \/>\nLongzhi&nbsp;Yang,&nbsp;Northumbria University,&nbsp;United Kingdom<br \/>\nLoreta&nbsp;Chodzkiene,&nbsp;Vilnius University,&nbsp;Lithuania<br \/>\nLuca&nbsp;Refrigeri,&nbsp;University of Molise,&nbsp;Italy<br \/>\nLuc\u00eda&nbsp;Casal de la Fuente,&nbsp;University of Santiago de Compostela,&nbsp;Spain<br \/>\nLuis Gonzaga&nbsp;Roger Castillo,&nbsp;Universidad de Granada (UGR) \/ Centro de Estudios Bizantinos, Neogriegos y Chipriotas,&nbsp;Spain<br \/>\n\u0141ukasz Tomczyk,&nbsp;Pedagogical University of Cracow,&nbsp;Poland<br \/>\nLuminita&nbsp;Cocarta,&nbsp;Al. I. Cuza University of Iasi,&nbsp;Romania<br \/>\nMaciej D\u0119bski,&nbsp;University of Social Sciences,&nbsp;Poland<br \/>\nMagdalena M\u0105dra-Sawicka,&nbsp;Warsaw University of Life Sciences,&nbsp;Poland<br \/>\nMagdolna Chrapp\u00e1n,&nbsp;University of Debrecen,&nbsp;Hungary<br \/>\nMa\u0142gorzata Cieciora,&nbsp;Polish-Japanese Academy of Information Technology,&nbsp;Poland<br \/>\nMarga&nbsp;Vives Barcel\u00f3,&nbsp;University of the Balearic Islands,&nbsp;Spain<br \/>\nMaria Carme&nbsp;Boqu\u00e9 Torremorell,&nbsp;Ramon Llull University,&nbsp;Spain<br \/>\nMaria Luisa&nbsp;de Natale,&nbsp;Universit\u00e0 Cattolica del Sacro Cuore,&nbsp;Italy<br \/>\nMaria&nbsp;Moundridou,&nbsp;School of Pedagogical and Technological Education (ASPETE),&nbsp;Greece<br \/>\nMarko&nbsp;Slavkovic,&nbsp;University of Kragujevac,&nbsp;Serbia<br \/>\nMarta Talavera, University of Valencia, Spain<br \/>\nMaya&nbsp;Wizel,&nbsp;Middlebury College \/ Kibbutzim College,&nbsp;USA \/ Israel<br \/>\nMelissa&nbsp;Caspary,&nbsp;Georgia Gwinnett College,&nbsp;USA<br \/>\nMichael&nbsp;Reiner,&nbsp;IMC University of Applied Sciences Krems,&nbsp;Austria<br \/>\nMichele Lemos&nbsp;de Souza,&nbsp;Universidade Federal Fluminense,&nbsp;Brazil<br \/>\nMilan&nbsp;Kubiatko,&nbsp;University of Zilina,&nbsp;Slovakia<br \/>\nNadir&nbsp;Kolachi,&nbsp;University of Fujairah,&nbsp;United Arab Emirates<br \/>\nNapak-on&nbsp;Sritrakarn,&nbsp;Rajamangala University of Technology Isan,&nbsp;Thailand<br \/>\nNaseer&nbsp;Ahmed,&nbsp;Al Ghurair University,&nbsp;United Arab Emirates<br \/>\nNatalie&nbsp;Lavoie,&nbsp;University of Quebec in Rimousk,&nbsp;Canada<br \/>\nNazario&nbsp;Zambaldi,&nbsp;Free University of Bolzano,&nbsp;Italy<br \/>\nNella Mlsov\u00e1,&nbsp;University of Hradec Kr\u00e1lov\u00e9,&nbsp;Czech Republic<br \/>\nNilza&nbsp;Costa,&nbsp;University of Aveiro,&nbsp;Portugal<br \/>\nOdeta Merfeldait\u0117,&nbsp;Mykolas Romeris University,&nbsp;Lithuania<br \/>\nOdette&nbsp;Gabaudan,&nbsp;TU Dublin,&nbsp;Ireland<br \/>\nOlga&nbsp;Chis,&nbsp;Babes Bolyai University,&nbsp;Romania<br \/>\nOliver&nbsp;Holz,&nbsp;Katholieke Universiteit Leuven,&nbsp;Belgium<br \/>\nOlivier&nbsp;Marty,&nbsp;CNAM,&nbsp;France<br \/>\nPaola&nbsp;Damiani,&nbsp;University of Turin,&nbsp;Italy<br \/>\nPaschalia&nbsp;Patsala,&nbsp;Arts and Humanities Research Council,&nbsp;United Kingdom<br \/>\nPatricia E.&nbsp;Reynolds,&nbsp;University of Mary Washington,&nbsp;USA<br \/>\nPaul&nbsp;Sage,&nbsp;Queen&#8217;s University, Belfast,&nbsp;United Kingdom<br \/>\nPavel&nbsp;Brebera,&nbsp;University of Pardubice,&nbsp;Czech Republic<br \/>\nPavel&nbsp;Kapoun,&nbsp;College of Entrepreneurship and Law,&nbsp;Czech Republic<br \/>\nPawe\u0142 Topol,&nbsp;Adam Mickiewicz University in Pozna\u0144,&nbsp;Poland<br \/>\nPedro&nbsp;Perera,&nbsp;Universidad de La Laguna,&nbsp;Spain<br \/>\nPetros&nbsp;Kefalas,&nbsp;University of Sheffield International Faculty, Thessaloniki,&nbsp;Greece<br \/>\nPiotr&nbsp;Pietrzak,&nbsp;Warsaw University of Life Sciences,&nbsp;Poland<br \/>\nPule&nbsp;Phindane,&nbsp;Central University of Technology,&nbsp;South Africa<br \/>\nRasa&nbsp;Nedzinskaite,&nbsp;Lithuanian University of Educational Sciences,&nbsp;Lithuania<br \/>\nRemigijus&nbsp;Bubnys,&nbsp;Siauliai University,&nbsp;Lithuania<br \/>\nRichard&nbsp;Walker,&nbsp;University of York,&nbsp;United Kingdom<br \/>\nRoger&nbsp;Nkambou,&nbsp;University of Qu\u00e9bec at Montr\u00e9al,&nbsp;Canada<br \/>\nRosanna&nbsp;Tammaro,&nbsp;University of Salerno,&nbsp;Italy<br \/>\nRosemary&nbsp;Papa,&nbsp;Soka University of America,&nbsp;USA<br \/>\nRyuichi&nbsp;Matsuba,&nbsp;Kumamoto University,&nbsp;Japan<br \/>\nSam&nbsp;Ramaila,&nbsp;University of Johannesburg,&nbsp;South Africa<br \/>\nSandra&nbsp;Braun,&nbsp;Mount Royal University,&nbsp;Canada<br \/>\nSeppo&nbsp;Sirkemaa,&nbsp;University of Turku,&nbsp;Finland<br \/>\nSeweryn&nbsp;Spalek,&nbsp;Silesian University of Technology,&nbsp;Poland<br \/>\nSheryl&nbsp;Williams,&nbsp;Loughborough University,&nbsp;United Kingdom<br \/>\nSilv\u00e2nia Alves&nbsp;de Carvalho,&nbsp;Universidade Federal Fluminense,&nbsp;Brazil<br \/>\nSilvia Pokriv\u010d\u00e1kov\u00e1,&nbsp;Trnava University,&nbsp;Slovakia<br \/>\nSimon&nbsp;Richir,&nbsp;Arts et Metiers Paristech (ENSAM),&nbsp;France<br \/>\nSinan&nbsp;Olkun,&nbsp;Final International University,&nbsp;Turkey<br \/>\nStefania&nbsp;Pinnelli,&nbsp;University of Salento,&nbsp;Italy<br \/>\nStephanie&nbsp;Linek,&nbsp;ZBW &#8211; Leibniz Information Centre for Economics,&nbsp;Germany<br \/>\nSusan&nbsp;Scott,&nbsp;Lakehead University,&nbsp;Canada<br \/>\nSuzani&nbsp;Cassiani,&nbsp;Universidade Federal de Santa Catarina,&nbsp;Brazil<br \/>\nSuzie&nbsp;Savvidou,&nbsp;The University of Sheffield International Faculty, CITY College,&nbsp;Greece<br \/>\nSyed Ziaur&nbsp;Rahman,&nbsp;College of Applied Sciences-Ibri, Ministry of Higher Education, Sultanate of Oman,&nbsp;Oman<br \/>\nTatjana&nbsp;Portnova,&nbsp;Russian Center of The University of Granada,&nbsp;Spain<br \/>\nTena&nbsp;Velki,&nbsp;Josip Juraj Strossmayer University of Osijek,&nbsp;Croatia<br \/>\nTh\u00e9odore&nbsp;Njingang Mbadjoin,&nbsp;University Lumi\u00e8re Lyon 2,&nbsp;France<br \/>\nTodd&nbsp;Brower,&nbsp;Western State College of Law,&nbsp;USA<br \/>\nValentina&nbsp;Haralanova,&nbsp;Linnaeus University,&nbsp;Sweden<br \/>\nVashti&nbsp;Singh,&nbsp;Education Consultant and Independent Researcher,&nbsp;Trinidad and Tobago<br \/>\nVassilis&nbsp;Chatzibirros,&nbsp;The University of Sheffield International Faculty, CITY College,&nbsp;Greece<br \/>\nVicente J.&nbsp;Llorent,&nbsp;University of Cordoba,&nbsp;Spain<br \/>\nWendy&nbsp;Setlalentoa,&nbsp;Central University of Technology,&nbsp;South Africa<br \/>\nWiktor Bo\u0142kunow,&nbsp;Warsaw School of Economics,&nbsp;Poland<br \/>\nYogesh Kumar&nbsp;Sharma,&nbsp;Government Shakamdhar PG College, Sambhar Lake,&nbsp;India<br \/>\nZolt\u00e1n&nbsp;R\u00f3nay,&nbsp;E\u00f6tv\u00f6s Lor\u00e1nd University,&nbsp;Hungary<\/p>\n","protected":false},"excerpt":{"rendered":"<p>Conference and Program Chair Mafalda Carmo, World Institute for Advanced Research and Science (WIARS), Portugal &nbsp; International Scientific Committee Aaron R.&nbsp;Deris,&nbsp;Minnesota State University,&nbsp;USA Abdurrahman&nbsp;Guelbeyaz,&nbsp;Nagasaki University, School of Global Humanities and Social Sciences,&nbsp;Japan Adri\u00e1n&nbsp;Ponz Miranda,&nbsp;Zaragoza University,&nbsp;Spain Ahmad A.&nbsp;Oueini,&nbsp;Lebanese American University,&nbsp;Lebanon Alan&nbsp;Singer,&nbsp;Hofstra University,&nbsp;USA Ali&nbsp;Baykal,&nbsp;Bahcesehir University,&nbsp;Turkey Alice&nbsp;Stephens,&nbsp;Clark Atlanta University,&nbsp;USA Amir&nbsp;Dirin,&nbsp;Haaga-Helia University of Applied Science,&nbsp;Finland Ana&nbsp;Conboy,&nbsp;College of Saint Benedict [&hellip;]<\/p>\n","protected":false},"author":1,"featured_media":0,"parent":0,"menu_order":0,"comment_status":"closed","ping_status":"closed","template":"","meta":{"jetpack_post_was_ever_published":false,"footnotes":""},"class_list":["post-36","page","type-page","status-publish","hentry"],"jetpack_sharing_enabled":true,"jetpack_likes_enabled":true,"jetpack_shortlink":"https:\/\/wp.me\/PcmhEq-A","_links":{"self":[{"href":"https:\/\/end-educationconference.org\/2020\/wp-json\/wp\/v2\/pages\/36","targetHints":{"allow":["GET"]}}],"collection":[{"href":"https:\/\/end-educationconference.org\/2020\/wp-json\/wp\/v2\/pages"}],"about":[{"href":"https:\/\/end-educationconference.org\/2020\/wp-json\/wp\/v2\/types\/page"}],"author":[{"embeddable":true,"href":"https:\/\/end-educationconference.org\/2020\/wp-json\/wp\/v2\/users\/1"}],"replies":[{"embeddable":true,"href":"https:\/\/end-educationconference.org\/2020\/wp-json\/wp\/v2\/comments?post=36"}],"version-history":[{"count":194,"href":"https:\/\/end-educationconference.org\/2020\/wp-json\/wp\/v2\/pages\/36\/revisions"}],"predecessor-version":[{"id":6580,"href":"https:\/\/end-educationconference.org\/2020\/wp-json\/wp\/v2\/pages\/36\/revisions\/6580"}],"wp:attachment":[{"href":"https:\/\/end-educationconference.org\/2020\/wp-json\/wp\/v2\/media?parent=36"}],"curies":[{"name":"wp","href":"https:\/\/api.w.org\/{rel}","templated":true}]}}