{"id":42,"date":"2014-07-22T17:12:38","date_gmt":"2014-07-22T17:12:38","guid":{"rendered":"http:\/\/end-educationconference.org\/?page_id=42"},"modified":"2019-10-15T09:09:29","modified_gmt":"2019-10-15T09:09:29","slug":"venuehotel-information","status":"publish","type":"page","link":"https:\/\/end-educationconference.org\/2020\/venuehotel-information\/","title":{"rendered":"Venue\/Hotel Information"},"content":{"rendered":"<p><strong>END 2020<\/strong>\u00a0will be held in\u00a0<strong>Hotel Dubrovnik\u00a0<\/strong>in Zagreb.<\/p>\n<p class=\"_2cuy _3dgx _2vxa\">Hotel Dubrovnik is a hotel in Zagreb located on the city\u2019s main square that provides a warm and friendly environment with the right dash of Zagreb\u2019s charm and a chance to feel the pulse of Croatia\u2019s dynamic capital.<\/p>\n<p>The four star Hotel Dubrovnik has been welcoming guests since 1929 and has won a number of awards for its facilities and services.<\/p>\n<p>The hotel is ideally located in the heart of Zagreb, surrounded by\u00a0all the city\u2019s top business, cultural and entertainment attractions as well as parks and colorful caf\u00e9s.<\/p>\n<p>The Hotel Dubrovnik\u2019s facade on Ban Jelacic square is a distinctive part of the city\u2019s architectural heritage.<\/p>\n<style id=\"bwg-style-0\">    #bwg_container1_0 #bwg_container2_0 .bwg-container-0.bwg-standard-thumbnails {      width: 644px;              justify-content: center;        margin:0 auto !important;              background-color: rgba(255, 255, 255, 0.00);            padding-left: 4px;      padding-top: 4px;      max-width: 100%;            }        #bwg_container1_0 #bwg_container2_0 .bwg-container-0.bwg-standard-thumbnails .bwg-item {    justify-content: flex-start;      max-width: 320px;          }    #bwg_container1_0 #bwg_container2_0 .bwg-container-0.bwg-standard-thumbnails .bwg-item a {       margin-right: 4px;       margin-bottom: 4px;    }    #bwg_container1_0 #bwg_container2_0 .bwg-container-0.bwg-standard-thumbnails .bwg-item0 {      padding: 0px;            background-color:rgba(0,0,0, 0.30);      border: 0px none #CCCCCC;      opacity: 1.00;      border-radius: 0;      box-shadow: ;    }    #bwg_container1_0 #bwg_container2_0 .bwg-container-0.bwg-standard-thumbnails .bwg-item1 img {      max-height: none;      max-width: none;      padding: 0 !important;    }         @media only screen and (min-width: 480px) {\t\t#bwg_container1_0 #bwg_container2_0 .bwg-container-0.bwg-standard-thumbnails .bwg-item1 img {\t\t\t-webkit-transition: all .3s; transition: all .3s;\t\t}\t\t#bwg_container1_0 #bwg_container2_0 .bwg-container-0.bwg-standard-thumbnails .bwg-item1 img:hover {\t\t\t-ms-transform: scale(1.08);\t\t\t-webkit-transform: scale(1.08);\t\t\ttransform: scale(1.08);\t\t}\t\t      }\t    #bwg_container1_0 #bwg_container2_0 .bwg-container-0.bwg-standard-thumbnails .bwg-item1 {      padding-top: 93.75%;    }        #bwg_container1_0 #bwg_container2_0 .bwg-container-0.bwg-standard-thumbnails .bwg-title2,    #bwg_container1_0 #bwg_container2_0 .bwg-container-0.bwg-standard-thumbnails .bwg-ecommerce2 {      color: #323A45;      font-family: Ubuntu;      font-size: 16px;      font-weight: bold;      padding: 2px;      text-shadow: ;      max-height: 100%;    }    #bwg_container1_0 #bwg_container2_0 .bwg-container-0.bwg-standard-thumbnails .bwg-thumb-description span {    color: #323A45;    font-family: Ubuntu;    font-size: 12px;    max-height: 100%;    word-wrap: break-word;    }    #bwg_container1_0 #bwg_container2_0 .bwg-container-0.bwg-standard-thumbnails .bwg-play-icon2 {      font-size: 32px;    }    #bwg_container1_0 #bwg_container2_0 .bwg-container-0.bwg-standard-thumbnails .bwg-ecommerce2 {      font-size: 19.2px;      color: #323A45;    }    <\/style>    <div id=\"bwg_container1_0\"         class=\"bwg_container bwg_thumbnail bwg_thumbnails \"         data-right-click-protection=\"0\"         data-bwg=\"0\"         data-scroll=\"0\"         data-gallery-type=\"thumbnails\"         data-gallery-view-type=\"thumbnails\"         data-current-url=\"\/2020\/wp-json\/wp\/v2\/pages\/42\"         data-lightbox-url=\"https:\/\/end-educationconference.org\/2020\/wp-admin\/admin-ajax.php?action=GalleryBox&#038;current_view=0&#038;gallery_id=4&#038;tag=0&#038;theme_id=1&#038;shortcode_id=16&#038;sort_by=order&#038;order_by=asc&#038;current_url=%2F2020%2Fwp-json%2Fwp%2Fv2%2Fpages%2F42\"         data-gallery-id=\"4\"         data-popup-width=\"800\"         data-popup-height=\"500\"         data-is-album=\"gallery\"         data-buttons-position=\"bottom\">      <div id=\"bwg_container2_0\">             <div id=\"ajax_loading_0\" class=\"bwg_loading_div_1\">      <div class=\"bwg_loading_div_2\">        <div class=\"bwg_loading_div_3\">          <div id=\"loading_div_0\" class=\"bwg_spider_ajax_loading\">          <\/div>        <\/div>      <\/div>    <\/div>            <form id=\"gal_front_form_0\"              class=\"bwg-hidden\"              method=\"post\"              action=\"#\"              data-current=\"0\"              data-shortcode-id=\"16\"              data-gallery-type=\"thumbnails\"              data-gallery-id=\"4\"              data-tag=\"0\"              data-album-id=\"0\"              data-theme-id=\"1\"              data-ajax-url=\"https:\/\/end-educationconference.org\/2020\/wp-admin\/admin-ajax.php?action=bwg_frontend_data\">          <div id=\"bwg_container3_0\" class=\"bwg-background bwg-background-0\">                <div data-max-count=\"2\"         data-thumbnail-width=\"320\"         data-bwg=\"0\"         data-gallery-id=\"4\"         data-lightbox-url=\"https:\/\/end-educationconference.org\/2020\/wp-admin\/admin-ajax.php?action=GalleryBox&amp;current_view=0&amp;gallery_id=4&amp;tag=0&amp;theme_id=1&amp;shortcode_id=16&amp;sort_by=order&amp;order_by=asc&amp;current_url=%2F2020%2Fwp-json%2Fwp%2Fv2%2Fpages%2F42\"         id=\"bwg_thumbnails_0\"         class=\"bwg-container-0 bwg-thumbnails bwg-standard-thumbnails bwg-container bwg-border-box\">            <div class=\"bwg-item\">        <a class=\"bwg-a  bwg_lightbox\"  data-image-id=\"45\" href=\"https:\/\/end-educationconference.org\/2020\/wp-content\/uploads\/photo-gallery\/imported_from_media_libray\/hotel-dubrovnik.jpg?bwg=1568722942\" data-elementor-open-lightbox=\"no\">                <div class=\"bwg-item0 \">          <div class=\"bwg-item1 \">            <div class=\"bwg-item2\">              <img decoding=\"async\" class=\"skip-lazy bwg_standart_thumb_img_0 \"                   data-id=\"45\"                   data-width=\"500\"                   data-height=\"333\"                   data-src=\"https:\/\/end-educationconference.org\/2020\/wp-content\/uploads\/photo-gallery\/imported_from_media_libray\/thumb\/hotel-dubrovnik.jpg?bwg=1568722942\"                   src=\"https:\/\/end-educationconference.org\/2020\/wp-content\/uploads\/photo-gallery\/imported_from_media_libray\/thumb\/hotel-dubrovnik.jpg?bwg=1568722942\"                   alt=\"hotel-dubrovnik-front\"                   title=\"hotel-dubrovnik-front\" \/>            <\/div>            <div class=\"\">                                                      <\/div>          <\/div>        <\/div>                        <\/a>              <\/div>            <div class=\"bwg-item\">        <a class=\"bwg-a  bwg_lightbox\"  data-image-id=\"44\" href=\"https:\/\/end-educationconference.org\/2020\/wp-content\/uploads\/photo-gallery\/imported_from_media_libray\/hotel-dubrovnik-outside.jpg?bwg=1568722942\" data-elementor-open-lightbox=\"no\">                <div class=\"bwg-item0 \">          <div class=\"bwg-item1 \">            <div class=\"bwg-item2\">              <img decoding=\"async\" class=\"skip-lazy bwg_standart_thumb_img_0 \"                   data-id=\"44\"                   data-width=\"500\"                   data-height=\"333\"                   data-src=\"https:\/\/end-educationconference.org\/2020\/wp-content\/uploads\/photo-gallery\/imported_from_media_libray\/thumb\/hotel-dubrovnik-outside.jpg?bwg=1568722942\"                   src=\"https:\/\/end-educationconference.org\/2020\/wp-content\/uploads\/photo-gallery\/imported_from_media_libray\/thumb\/hotel-dubrovnik-outside.jpg?bwg=1568722942\"                   alt=\"hotel-dubrovnik-side\"                   title=\"hotel-dubrovnik-side\" \/>            <\/div>            <div class=\"\">                                                      <\/div>          <\/div>        <\/div>                        <\/a>              <\/div>          <\/div>              <\/div>        <\/form>        <style>          #bwg_container1_0 #bwg_container2_0 #spider_popup_overlay_0 {          background-color: #EEEEEE;          opacity: 0.60;          }          <\/style>        <div id=\"bwg_spider_popup_loading_0\" class=\"bwg_spider_popup_loading\"><\/div>        <div id=\"spider_popup_overlay_0\" class=\"spider_popup_overlay\" onclick=\"spider_destroypopup(1000)\"><\/div>        <input type=\"hidden\" id=\"bwg_random_seed_0\" value=\"1672978776\">                <\/div>    <\/div>    <script>      if (document.readyState === 'complete') {        if( typeof bwg_main_ready == 'function' ) {          if ( jQuery(\"#bwg_container1_0\").height() ) {            bwg_main_ready(jQuery(\"#bwg_container1_0\"));          }        }      } else {        document.addEventListener('DOMContentLoaded', function() {          if( typeof bwg_main_ready == 'function' ) {            if ( jQuery(\"#bwg_container1_0\").height() ) {             bwg_main_ready(jQuery(\"#bwg_container1_0\"));            }          }        });      }    <\/script>    \n<p>To make reservations, please\u00a0<a href=\"http:\/\/end-educationconference.org\/wp-content\/uploads\/2019\/10\/Reservation-form.doc\" target=\"_blank\" rel=\"noopener noreferrer\">click here<\/a>\u00a0to download the Reservation Form.\u00a0<strong>This offer is limited, so we strongly recommend you to do your Hotel booking <span style=\"text-decoration: underline;\">until May 12th, 2020<\/span>. After this date, we cannot guarantee the availability of rooms at this special price for the conference participants.<\/strong> Please fill in the form and send it to the email address given in the file.<\/p>\n<p>How to get to the conference site:<\/p>\n<p>Hotel Dubrovnik is located in the very center of Zagreb and is easily accessible from different parts of the city. The Hotel is approximately 0.5 km from Zagreb Central Station, 1 km from the main Bus Station, 5.5 km from Zagreb Fair and 18 km from Zagreb Airport. Zagreb is very well connected by public transport \u2013 trams and buses. Ticket prices in one direction range from 10 to 15 kn, while a daily ticket costs 40 kn, and it is also possible to buy tickets for multiple days. The tram station at Ban Jela\u010di\u0107 Square is only a couple of minutes walk from the Hotel. There are a few taxi companies in Zagreb with very reasonable prices.<\/p>\n<p>The easiest way to get from Zagreb Airport to the Hotel is by taxi, which you can order when making a hotel reservation. The price is 170 kn which is significantly cheaper then if you take a cab outside the airport. You can take a Croatia Airlines bus as well, which leaves after each flight, and brings passengers to the main Bus Station (approximately half an hour, 30 kn). From there you can take tram Nr.6 in the direction of \u010crnomerec. The ride to Ban Jela\u010di\u0107 Square is approximately ten minutes. You can find more information on the website of\u00a0<a href=\"http:\/\/www.zagreb-airport.hr\/en\" target=\"_blank\" rel=\"noopener noreferrer\">Zagreb Airport<\/a>.<\/p>\n<p><strong>BUS<br \/>\n<\/strong>Getting to the Hotel from the main Bus Station is easiest by tram Nr.6 in the direction of \u010crnomerec. The ride to Ban Jela\u010di\u0107 Square is approximately ten minutes, disembark at Trg bana Jela\u010di\u0107a station. You can find the schedule of arrivals and departures of domestic and international buses on the website of the <a href=\"http:\/\/www.akz.hr\/default.aspx?id=260\" target=\"_blank\" rel=\"noopener noreferrer\">Main Bus Station<\/a>.<\/p>\n<p><strong>Train<\/strong><br \/>\nYou can get from Zagreb Central Station to Hotel Dubrovnik easily with tram Nr. 6, in the direction of \u010crnomerec, or tram Nr. 13, direction \u017ditnjak. Hotel Dubrovnik is just two stops away from Zagreb Central Station, disembark at Trg bana Jela\u010di\u0107a station. <a href=\"http:\/\/www.hzpp.hr\/en\" target=\"_blank\" rel=\"noopener noreferrer\">Croatian Railway<\/a>\u00a0website provides more information about schedules for domestic and international travel.<\/p>\n<p><strong>Car<\/strong><br \/>\nIf you are traveling by car click\u00a0<a href=\"https:\/\/www.hotel-dubrovnik.hr\/hotel-overview\/map-and-directions\/\" target=\"_blank\" rel=\"noopener noreferrer\">here<\/a><\/p>\n<p style=\"text-align: center;\"><strong><br \/>\nHotel Address and Map:<\/strong><br \/>\nGajeva 1, HR-10000 Zagreb, Hrvatska, Croatia<\/p>\n<p style=\"text-align: center;\"><iframe loading=\"lazy\" style=\"border: 0;\" src=\"https:\/\/www.google.com\/maps\/embed?pb=!1m14!1m8!1m3!1d5561.888802025066!2d15.973421552886965!3d45.81237187644053!3m2!1i1024!2i768!4f13.1!3m3!1m2!1s0x0%3A0xdf848f5683954d00!2sHotel%20Dubrovnik!5e0!3m2!1sen!2spt!4v1568723479728!5m2!1sen!2spt\" width=\"400\" height=\"300\" frameborder=\"0\" allowfullscreen=\"allowfullscreen\"><\/iframe><\/p>\n","protected":false},"excerpt":{"rendered":"<p>END 2020\u00a0will be held in\u00a0Hotel Dubrovnik\u00a0in Zagreb. Hotel Dubrovnik is a hotel in Zagreb located on the city\u2019s main square that provides a warm and friendly environment with the right dash of Zagreb\u2019s charm and a chance to feel the pulse of Croatia\u2019s dynamic capital. The four star Hotel Dubrovnik has been welcoming guests since [&hellip;]<\/p>\n","protected":false},"author":1,"featured_media":0,"parent":0,"menu_order":0,"comment_status":"closed","ping_status":"closed","template":"","meta":{"jetpack_post_was_ever_published":false,"footnotes":""},"class_list":["post-42","page","type-page","status-publish","hentry"],"jetpack_sharing_enabled":true,"jetpack_likes_enabled":true,"jetpack_shortlink":"https:\/\/wp.me\/PcmhEq-G","_links":{"self":[{"href":"https:\/\/end-educationconference.org\/2020\/wp-json\/wp\/v2\/pages\/42","targetHints":{"allow":["GET"]}}],"collection":[{"href":"https:\/\/end-educationconference.org\/2020\/wp-json\/wp\/v2\/pages"}],"about":[{"href":"https:\/\/end-educationconference.org\/2020\/wp-json\/wp\/v2\/types\/page"}],"author":[{"embeddable":true,"href":"https:\/\/end-educationconference.org\/2020\/wp-json\/wp\/v2\/users\/1"}],"replies":[{"embeddable":true,"href":"https:\/\/end-educationconference.org\/2020\/wp-json\/wp\/v2\/comments?post=42"}],"version-history":[{"count":45,"href":"https:\/\/end-educationconference.org\/2020\/wp-json\/wp\/v2\/pages\/42\/revisions"}],"predecessor-version":[{"id":6354,"href":"https:\/\/end-educationconference.org\/2020\/wp-json\/wp\/v2\/pages\/42\/revisions\/6354"}],"wp:attachment":[{"href":"https:\/\/end-educationconference.org\/2020\/wp-json\/wp\/v2\/media?parent=42"}],"curies":[{"name":"wp","href":"https:\/\/api.w.org\/{rel}","templated":true}]}}