{"id":36,"date":"2014-07-22T17:11:55","date_gmt":"2014-07-22T17:11:55","guid":{"rendered":"http:\/\/end-educationconference.org\/?page_id=36"},"modified":"2022-06-08T12:34:57","modified_gmt":"2022-06-08T12:34:57","slug":"scientific-committee","status":"publish","type":"page","link":"https:\/\/end-educationconference.org\/2022\/scientific-committee\/","title":{"rendered":"Scientific Committee"},"content":{"rendered":"<p>&nbsp;<\/p>\n<p style=\"text-align: justify;\"><strong><span style=\"color: #ff6600;\">Conference and Program Chair<\/span><\/strong><\/p>\n<p>Mafalda Carmo,<br>World Institute for Advanced Research and Science (WIARS), Portugal<\/p>\n<p>&nbsp;<\/p>\n<p style=\"text-align: justify;\"><strong><span style=\"color: #ff6600;\">International Scientific Committee<\/span><\/strong><\/p>\n<p>Aaron R.&nbsp;Deris,&nbsp;Minnesota State University,&nbsp;USA<br>Adri\u00e1n&nbsp;Ponz Miranda,&nbsp;Zaragoza University,&nbsp;Spain<br>Ahmad&nbsp;Oueini,&nbsp;Lebanese American University,&nbsp;Lebanon<br>Ahmet&nbsp;Ok,&nbsp;Middle East Technical University,&nbsp;Turkey<br>Alan&nbsp;Singer,&nbsp;Hofstra University,&nbsp;USA<br>Ali Baykal,&nbsp;Bahcesehir University,&nbsp;Turkey<br>Alice&nbsp;Stephens,&nbsp;Clark Atlanta University,&nbsp;USA<br>Ana&nbsp;Conboy,&nbsp;College of Saint Benedict and Saint John&#8217;s University,&nbsp;USA<br>Ana&nbsp;Hern\u00e1ndez,&nbsp;Universidad Aut\u00f3noma de Madrid,&nbsp;Spain<br>Ana Maria&nbsp;Ortiz Col\u00f3n,&nbsp;University of Ja\u00e9n,&nbsp;Spain<br>Ana-Maria&nbsp;Bercu,&nbsp;Alexandru Ioan Cuza University of Iasi,&nbsp;Romania<br>Anca&nbsp;Draghici,&nbsp;Politehnica University of Timisoara,&nbsp;Romania<br>Andis&nbsp;Klegeris,&nbsp;University of British Columbia Okanagan,&nbsp;Canada<br>Andrea&nbsp;Fiorucci,&nbsp;University of Salento,&nbsp;Italy<br>Andrea&nbsp;Hathazi,&nbsp;Babe\u015f-Bolyai University,&nbsp;Romania<br>Angela&nbsp;Piu,&nbsp;University of Valle d&#8217;Aosta,&nbsp;Italy<br>Anja Mar\u00eda&nbsp;Mackeldey,&nbsp;Colegio Alem\u00e1n Medell\u00edn \/ Universidad de Antioquia,&nbsp;Colombia<br>Antoni&nbsp;Kolek,&nbsp;University of Social Sciences,&nbsp;Poland<br>Aphrodite&nbsp;Ktena,&nbsp;National and Kapodistrian University of Athens,&nbsp;Greece<br>Aurora&nbsp;Biedma,&nbsp;University of Granada,&nbsp;Spain<br>Aviva&nbsp;Dan,&nbsp;Ohalo Academic Education College,&nbsp;Israel<br>Beatriz Carrasquer \u00c1lvarez,&nbsp;Zaragoza University,&nbsp;Spain<br>Bego\u00f1a Sampedro,&nbsp;Univesity of Cordoba,&nbsp;Spain<br>Burcu Ko\u00e7,&nbsp;Sakarya University,&nbsp;Turkey<br>\u00c7a\u011fla Atmaca,&nbsp;Pamukkale University,&nbsp;Turkey<br>Carla&nbsp;Massoud,&nbsp;Saint-Joseph University Beirut,&nbsp;France<br>Carolina&nbsp;Bodea Hategan,&nbsp;Babe\u015f-Bolyai University,&nbsp;Romania<br>Celia&nbsp;MacDonnell,&nbsp;University of Rhode Island and Brown University,&nbsp;USA<br>Cezar&nbsp;Scarlat,&nbsp;University &#8220;Politehnica&#8221; of Bucharest,&nbsp;Romania<br>Charalampos&nbsp;Karagiannidis,&nbsp;University of Thessaly,&nbsp;Greece<br>Charles&nbsp;Elkabas,&nbsp;University of Toronto,&nbsp;Canada<br>Cheng-Hsuan&nbsp;Li,&nbsp;National Taichung University of Education,&nbsp;Taiwan<br>Chiara&nbsp;Uliana,&nbsp;University of Granada,&nbsp;Spain<br>Christine&nbsp;Besnard,&nbsp;Glendon College, York University,&nbsp;Canada<br>Christos&nbsp;Manasis,&nbsp;TEI of Sterea Ellada,&nbsp;Greece<br>Colleen M.&nbsp;Halupa,&nbsp;East Texas Baptist University,&nbsp;USA<br>Cory A.&nbsp;Bennett,&nbsp;Idaho State University,&nbsp;USA<br>Cristiana&nbsp;Madureira,&nbsp;Escola Superior de Educa\u00e7\u00e3o e Ci\u00eancias Sociais, Instituto Polit\u00e9cnico de Leiria,&nbsp;Portugal<br>Cristiano&nbsp;Luchetti,&nbsp;American University of Sharjah,&nbsp;United Arab Emirates<br>Dalia&nbsp;Hanna,&nbsp;Ryerson University,&nbsp;Canada<br>Daniel&nbsp;Madrid,&nbsp;University of Granada,&nbsp;Spain<br>David&nbsp;Nocar,&nbsp;Palack\u00fd University in Olomouc,&nbsp;Czech Republic<br>Deborah Gay&nbsp;Wooldridge,&nbsp;Bowling Green State University,&nbsp;USA<br>Dorina Anca&nbsp;Talas,&nbsp;Babe\u015f-Bolyai University,&nbsp;Romania<br>Douglas&nbsp;Baleshta,&nbsp;Thompson Rivers University,&nbsp;Canada<br>Elisa&nbsp;Bertolotti,&nbsp;University of Madeira; ID+; ITI \/ LARSyS,&nbsp;Portugal<br>Elizabeth&nbsp;Sandell,&nbsp;Minnesota State University,&nbsp;USA<br>Eva&nbsp;Trnov\u00e1,&nbsp;Masaryk University,&nbsp;Czech Republic<br>Evangelina&nbsp;Bonif\u00e1cio,&nbsp;Polytechnic Institute of Bragan\u00e7a,&nbsp;Portugal<br>Fausto&nbsp;Brevi,&nbsp;Politecnico di Milano,&nbsp;Italy<br>Francesco&nbsp;Arcidiacono,&nbsp;University of Teacher Education BEJUNE,&nbsp;Switzerland<br>Fritz&nbsp;Vandover,&nbsp;Vice President of Academic Solutions at Relearnit, Inc.,&nbsp;USA<br>Gina&nbsp;Chianese,&nbsp;University of Trieste,&nbsp;Italy<br>Giuditta&nbsp;Alessandrini,&nbsp;Universit\u00e0 degli Studi Roma TRE,&nbsp;Italy<br>Gr\u00e1inne N\u00ed Dhomhnaill,&nbsp;University College Dublin,&nbsp;Ireland<br>Gy\u00f6ngyi Bujdos\u00f3,&nbsp;Faculty of Informatics, University of Debrecen,&nbsp;Hungary<br>Hana Van\u010dov\u00e1,&nbsp;Trnava University,&nbsp;Slovakia<br>H\u00e9ctor&nbsp;Tronchoni,&nbsp;Florida Universitaria in Catarroja,&nbsp;Spain<br>Helena Skarupsk\u00e1,&nbsp;Tomas Bata University,&nbsp;Czech Republic<br>Helin&nbsp;Puksand,&nbsp;Tallinn Univesity,&nbsp;Estonia<br>Henri&nbsp;Jacobs,&nbsp;Central University of Technology, Free State (CUT),&nbsp;South Africa<br>Ilijana \u010cutura,&nbsp;University of Kragujevac,&nbsp;Serbia<br>Ilona Tandzegolskien\u0117,&nbsp;Vytautas Magnus University,&nbsp;Lithuania<br>Ina&nbsp;Blau,&nbsp;The Open University of Israel,&nbsp;Israel<br>Ioana Leti\u021bia \u0218erban,&nbsp;Babe\u015f-Bolyai University,&nbsp;Romania<br>Jacquelyn&nbsp;Baker-Sennett,&nbsp;Western Washington University,&nbsp;USA<br>Janaina&nbsp;Cardoso,&nbsp;Rio de Janeiro State University,&nbsp;Brazil<br>Javier Casanoves-Boix,&nbsp;Universidad Internacional de Valencia,&nbsp;Spain<br>Jeannette&nbsp;Jones,&nbsp;Texas Lutheran University,&nbsp;USA<br>Jennifer&nbsp;Lonski,&nbsp;Rollins College \/ Peace and Justice Institute,&nbsp;USA<br>Jitka Hlou\u0161kov\u00e1,&nbsp;Independent Education Professional,&nbsp;Czech Republic<br>Joana&nbsp;Romanowski,&nbsp;UNINTER &#8211; Centro Universitario Internacional,&nbsp;Brazil<br>Joanna&nbsp;Paliszkiewicz,&nbsp;Warsaw University of Life Sciences,&nbsp;Poland<br>Jose Augusto&nbsp;Oliveira Huguenin,&nbsp;Universidade Federal Fluminense,&nbsp;Brazil<br>Jos\u00e9 Luis Ortega-Mart\u00edn,&nbsp;University of Granada,&nbsp;Spain<br>Juana Maria&nbsp;Sancho Gil,&nbsp;University of Barcelona,&nbsp;Spain<br>Karel N\u011bmejc,&nbsp;Czech University of Life Sciences Prague,&nbsp;Czech Republic<br>Katerina&nbsp;Kabassi,&nbsp;Technological Educational Institute of the Ionian Islands,&nbsp;Greece<br>Kate\u0159ina Vit\u00e1skov\u00e1,&nbsp;Palack\u00fd University in Olomouc,&nbsp;Czech Republic<br>Khondkar R.&nbsp;Islam,&nbsp;George Mason University,&nbsp;USA<br>Konstantinos&nbsp;Kalemis,&nbsp;National and Kapodistrian University of Athens \/ National Centre for Local Government and Public Administration, Hellenic Ministry of Education,&nbsp;Greece<br>Kyparisia&nbsp;Papanikolaou,&nbsp;School of Pedagogical and Technological Education,&nbsp;Greece<br>Lad\u00e1rio da Silva,&nbsp;Universidade Federal Fluminense (UFF),&nbsp;Brazil<br>Laura&nbsp;Rio,&nbsp;University of Bologna,&nbsp;Italy<br>Leela&nbsp;Ramsook,&nbsp;University of Trinidad and Tobago,&nbsp;Trinidad and Tobago<br>Lefkothea&nbsp;Kartasidou,&nbsp;University of Macedonia,&nbsp;Greece<br>Lefkothea-Vasiliki&nbsp;Andreou,&nbsp;University of Ioannina,&nbsp;Greece<br>Lina Kaminskien\u0117,&nbsp;Vytautas Magnus University,&nbsp;Lithuania<br>Lisa&nbsp;Winstead,&nbsp;California State University, Fullerton,&nbsp;USA<br>Loreta&nbsp;Chodzkiene,&nbsp;Vilnius University,&nbsp;Lithuania<br>Lorna M.&nbsp;Dreyer,&nbsp;Stellenbosch University,&nbsp;South Africa<br>Luis Gonzaga&nbsp;Roger Castillo,&nbsp;Universidad de Granada (UGR) \/ Centro de Estudios Bizantinos, Neogriegos y Chipriotas,&nbsp;Spain<br>\u0141ukasz Tomczyk,&nbsp;Pedagogical University of Cracow,&nbsp;Poland<br>Luminita&nbsp;Cocarta,&nbsp;Al. I. Cuza University of Iasi,&nbsp;Romania<br>Lydia&nbsp;Mavuru,&nbsp;University of Johannesburg,&nbsp;South Africa<br>Magdolna&nbsp;Chrapp\u00e1n,&nbsp;University of Debrecen,&nbsp;Hungary<br>Maik Arnold,&nbsp;Fachhochschule Dresden &#8211; University of Applied Sciences,&nbsp;Germany<br>Maja&nbsp;Seric,&nbsp;University of Valencia,&nbsp;Spain<br>Ma\u0142gorzata Cieciora,&nbsp;Polish-Japanese Academy of Information Technology,&nbsp;Poland<br>Marcin&nbsp;Fojcik,&nbsp;Western Norway University of Applied Sciences,&nbsp;Norway<br>Maria Carme&nbsp;Boqu\u00e9 Torremorell,&nbsp;Ramon Llull University,&nbsp;Spain<br>Maria Isabel&nbsp;Garcia-Planas,&nbsp;Polytechnic University of Catalonia,&nbsp;Spain<br>Marko&nbsp;Slavkovic,&nbsp;University of Kragujevac,&nbsp;Serbia<br>Marta&nbsp;Talavera,&nbsp;Univeristy of Valencia,&nbsp;Spain<br>Marzena W\u00f3jcik-Augustyniak,&nbsp;Siedlce University of Natural Sciences and Humanities,&nbsp;Poland<br>Matthew&nbsp;Montebello,&nbsp;University of Malta,&nbsp;Malta<br>Mayara de Carvalho&nbsp;Santos,&nbsp;Butantan Institute,&nbsp;Brazil<br>Mdutshekelwa&nbsp;Ndlovu,&nbsp;University of Johannesburg,&nbsp;South Africa<br>Milan&nbsp;Kubiatko,&nbsp;Jan Evangelista Purkyn\u011b University,&nbsp;Czech Republic<br>Mohd Norazmi bin Nordin,&nbsp;Universiti Kebangsaan Malaysia,&nbsp;Malaysia<br>Napak-on&nbsp;Sritrakarn,&nbsp;Rajamangala University of Technology Isan,&nbsp;Thailand<br>Natalie Lavoie, University of Quebec in Rimousk, Canada<br>Nata\u0161a Vlah,&nbsp;University of Rijeka,&nbsp;Croatia<br>Nilza&nbsp;Costa,&nbsp;University of Aveiro,&nbsp;Portugal<br>Omid&nbsp;Noroozi,&nbsp;Wageningen University &amp; Research,&nbsp;Netherlands<br>Paola&nbsp;Damiani,&nbsp;University of Turin,&nbsp;Italy<br>Pascal&nbsp;Marquet,&nbsp;University of Strasbourg,&nbsp;France<br>Pavel&nbsp;Brebera,&nbsp;University of Pardubice,&nbsp;Czech Republic<br>Pawel&nbsp;Pokutycki,&nbsp;Royal Academy of Art (KABK), The Hague,&nbsp;The Netherlands<br>Pawe\u0142&nbsp;Topol,&nbsp;Adam Mickiewicz University in Pozna\u0144,&nbsp;Poland<br>Pedro&nbsp;Perera M\u00e9ndez,&nbsp;Universidad de La Laguna,&nbsp;Spain<br>Petros&nbsp;Kefalas,&nbsp;University of York Europe Campus,&nbsp;Greece<br>Pule&nbsp;Phindane,&nbsp;Central University of Technology,&nbsp;South Africa<br>Rasa Nedzinskait\u0117-Ma\u010di\u016bnien\u0117,&nbsp;Vytautas Magnus University,&nbsp;Lithuania<br>Remigijus&nbsp;Bubnys,&nbsp;Kaunas University of Technology,&nbsp;Lithuania<br>Roger&nbsp;Nkambou,&nbsp;University of Qu\u00e9bec at Montr\u00e9al,&nbsp;Canada<br>Rosanna&nbsp;Tammaro,&nbsp;University of Salerno,&nbsp;Italy<br>Ryuichi&nbsp;Matsuba,&nbsp;Tokyo University of Technology,&nbsp;Japan<br>Sam&nbsp;Ramaila,&nbsp;University of Johannesburg,&nbsp;South Africa<br>Seppo&nbsp;Sirkemaa,&nbsp;University of Turku,&nbsp;Finland<br>Seweryn&nbsp;Spalek,&nbsp;Silesian University of Technology,&nbsp;Poland<br>Shakila&nbsp;Singh,&nbsp;University of KwaZulu-Natal,&nbsp;South Africa<br>Sharon&nbsp;Jaggernauth,&nbsp;The University of the West Indies,&nbsp;Trinidad &amp; Tobago<br>Sheryl&nbsp;Williams,&nbsp;Loughborough University,&nbsp;United Kingdom<br>Silvana&nbsp;Watson,&nbsp;Old Dominion University,&nbsp;USA<br>Silv\u00e2nia Alves de Carvalho,&nbsp;Universidade Federal Fluminense,&nbsp;Brazil<br>Silvia Pokriv\u010d\u00e1kov\u00e1,&nbsp;Trnava University,&nbsp;Slovakia<br>Simon&nbsp;Richir,&nbsp;Arts et Metiers (ENSAM),&nbsp;France<br>Simone Brasili, University of Camerino, Italy<br>Sinan&nbsp;Olkun,&nbsp;Final International University,&nbsp;Turkey<br>Soane Joyce&nbsp;Mohapi,&nbsp;University of South Africa,&nbsp;South Africa<br>Stefania&nbsp;Pinnelli,&nbsp;University of Salento,&nbsp;Italy<br>Stephanie&nbsp;Linek,&nbsp;ZBW &#8211; Leibniz Information Centre for Economics,&nbsp;Germany<br>Susan&nbsp;Scott,&nbsp;Lakehead University,&nbsp;Canada<br>Susann&nbsp;Schumacher,&nbsp;Free University of Bozen,&nbsp;Italy<br>Suzie&nbsp;Savvidou,&nbsp;The University of Sheffield International Faculty, CITY College,&nbsp;Greece<br>Syed Ziaur Rahman, Majan University College, Oman<br>Tatjana&nbsp;Portnova,&nbsp;Russian Center of The University of Granada,&nbsp;Spain<br>Tena&nbsp;Velki,&nbsp;Josip Juraj Strossmayer University of Osijek,&nbsp;Croatia<br>Th\u00e9odore&nbsp;Njingang Mbadjoin,&nbsp;University Lumi\u00e8re Lyon 2,&nbsp;France<br>Ulrike&nbsp;Stadler-Altmann,&nbsp;Free University of Bozen,&nbsp;Italy<br>Valentina&nbsp;Vezzani,&nbsp;University of Madeira,&nbsp;Portugal<br>Vashti Singh, University of Guyana, Guyana<br>Vassilios Argyropoulos,&nbsp;University of Thessaly,&nbsp;Greece<br>Ver\u00f3nica&nbsp;Violant Holz,&nbsp;University of Barcelona,&nbsp;Spain<br>Wendy&nbsp;Setlalentoa,&nbsp;Central University of Technology,&nbsp;South Africa<br>Wiktor Bo\u0142kunow,&nbsp;Warsaw School of Economics,&nbsp;Poland<br>X\u00e9nia&nbsp;Liashuk,&nbsp;Trnava University,&nbsp;Slovakia<br>Yonghuai&nbsp;Liu,&nbsp;Edge Hill University,&nbsp;United Kingdom<br>Youngsoon&nbsp;Kim,&nbsp;Inha University,&nbsp;South Korea<br>Zolt\u00e1n&nbsp;R\u00f3nay,&nbsp;E\u00f6tv\u00f6s Lor\u00e1nd University,&nbsp;Hungary<\/p>\n<footer class=\"entry-meta\"><\/footer>\n\n\n<p><\/p>\n","protected":false},"excerpt":{"rendered":"<p>&nbsp; Conference and Program Chair Mafalda Carmo,World Institute for Advanced Research and Science (WIARS), Portugal &nbsp; International Scientific Committee Aaron R.&nbsp;Deris,&nbsp;Minnesota State University,&nbsp;USAAdri\u00e1n&nbsp;Ponz Miranda,&nbsp;Zaragoza University,&nbsp;SpainAhmad&nbsp;Oueini,&nbsp;Lebanese American University,&nbsp;LebanonAhmet&nbsp;Ok,&nbsp;Middle East Technical University,&nbsp;TurkeyAlan&nbsp;Singer,&nbsp;Hofstra University,&nbsp;USAAli Baykal,&nbsp;Bahcesehir University,&nbsp;TurkeyAlice&nbsp;Stephens,&nbsp;Clark Atlanta University,&nbsp;USAAna&nbsp;Conboy,&nbsp;College of Saint Benedict and Saint John&#8217;s University,&nbsp;USAAna&nbsp;Hern\u00e1ndez,&nbsp;Universidad Aut\u00f3noma de Madrid,&nbsp;SpainAna Maria&nbsp;Ortiz Col\u00f3n,&nbsp;University of Ja\u00e9n,&nbsp;SpainAna-Maria&nbsp;Bercu,&nbsp;Alexandru Ioan Cuza University of Iasi,&nbsp;RomaniaAnca&nbsp;Draghici,&nbsp;Politehnica University [&hellip;]<\/p>\n","protected":false},"author":1,"featured_media":0,"parent":0,"menu_order":0,"comment_status":"closed","ping_status":"closed","template":"","meta":{"jetpack_post_was_ever_published":false,"footnotes":""},"class_list":["post-36","page","type-page","status-publish","hentry"],"jetpack_sharing_enabled":true,"jetpack_likes_enabled":true,"jetpack_shortlink":"https:\/\/wp.me\/PdqPrC-A","_links":{"self":[{"href":"https:\/\/end-educationconference.org\/2022\/wp-json\/wp\/v2\/pages\/36","targetHints":{"allow":["GET"]}}],"collection":[{"href":"https:\/\/end-educationconference.org\/2022\/wp-json\/wp\/v2\/pages"}],"about":[{"href":"https:\/\/end-educationconference.org\/2022\/wp-json\/wp\/v2\/types\/page"}],"author":[{"embeddable":true,"href":"https:\/\/end-educationconference.org\/2022\/wp-json\/wp\/v2\/users\/1"}],"replies":[{"embeddable":true,"href":"https:\/\/end-educationconference.org\/2022\/wp-json\/wp\/v2\/comments?post=36"}],"version-history":[{"count":251,"href":"https:\/\/end-educationconference.org\/2022\/wp-json\/wp\/v2\/pages\/36\/revisions"}],"predecessor-version":[{"id":10893,"href":"https:\/\/end-educationconference.org\/2022\/wp-json\/wp\/v2\/pages\/36\/revisions\/10893"}],"wp:attachment":[{"href":"https:\/\/end-educationconference.org\/2022\/wp-json\/wp\/v2\/media?parent=36"}],"curies":[{"name":"wp","href":"https:\/\/api.w.org\/{rel}","templated":true}]}}