{"id":36,"date":"2014-07-22T17:11:55","date_gmt":"2014-07-22T17:11:55","guid":{"rendered":"http:\/\/end-educationconference.org\/?page_id=36"},"modified":"2023-06-12T12:41:46","modified_gmt":"2023-06-12T12:41:46","slug":"scientific-committee","status":"publish","type":"page","link":"https:\/\/end-educationconference.org\/2023\/scientific-committee\/","title":{"rendered":"Scientific Committee"},"content":{"rendered":"<p style=\"text-align: left;\">\u00a0<\/p>\n<p style=\"text-align: left;\"><strong><span style=\"color: #ff6600;\">Conference and Program Chair<\/span><\/strong><\/p>\n<p style=\"text-align: left;\">Mafalda Carmo,<br \/>World Institute for Advanced Research and Science (WIARS), Portugal<\/p>\n<p style=\"text-align: left;\">\u00a0<\/p>\n<p style=\"text-align: left;\"><strong><span style=\"color: #ff6600;\">International Scientific Committee<\/span><\/strong><\/p>\n<p>Aaron R.\u00a0Deris,\u00a0Minnesota State University,\u00a0USA<br \/>Abha\u00a0Gupta,\u00a0Old Dominion University,\u00a0USA<br \/>Adrian\u00a0Ponz Miranda,\u00a0Zaragoza University,\u00a0Spain<br \/>Ahmad Razak,\u00a0University of Malaya,\u00a0Malaysia<br \/>Ahmet\u00a0Ok,\u00a0Middle East Technical University,\u00a0T\u00fcrkiye<br \/>Alan\u00a0Singer,\u00a0Hofstra University,\u00a0USA<br \/>Ali\u00a0Baykal,\u00a0Bahcesehir University,\u00a0T\u00fcrkiye<br \/>Ana\u00a0Conboy,\u00a0College of Saint Benedict and Saint John&#8217;s University,\u00a0USA<br \/>Ana Hern\u00e1ndez Espino, Autonomous University of Madrid, Spain \/ The Labor University of Uruguay, Uruguay \/ National University of Entre R\u00edos, Argentina<br \/>Ana-Maria\u00a0Bercu,\u00a0Alexandru Ioan Cuza University of Iasi,\u00a0Romania<br \/>Anastasia\u00a0Gouseti,\u00a0University of Hull,\u00a0UK<br \/>Anca\u00a0Draghici,\u00a0Politehnica University of Timisoara,\u00a0Romania<br \/>Andis\u00a0Klegeris,\u00a0University of British Columbia Okanagan,\u00a0Canada<br \/>Andrea\u00a0Fiorucci,\u00a0University of Salento,\u00a0Italy<br \/>Andrea\u00a0Hathazi,\u00a0Babe\u015f-Bolyai University,\u00a0Romania<br \/>Angela\u00a0Piu,\u00a0University of Valle d&#8217;Aosta,\u00a0Italy<br \/>Anja Mar\u00eda Mackeldey, Colegio Alem\u00e1n Medell\u00edn \/ University of Antioquia, Colombia<br \/>Anna\u00a0Lazou,\u00a0National &amp; Kapodistrian University of Athens,\u00a0Greece<br \/>Antoni\u00a0Kolek,\u00a0Kozminski University,\u00a0Poland<br \/>Aphrodite\u00a0Ktena,\u00a0National and Kapodistrian University of Athens,\u00a0Greece<br \/>Arindam Basu,\u00a0University of Canterbury,\u00a0New Zealand<br \/>Aviva\u00a0Dan,\u00a0Ohalo Academic Education College,\u00a0Israel<br \/>Beatriz\u00a0Carrasquer Alvarez,\u00a0Zaragoza University,\u00a0Spain<br \/>Begona Sampedro, University of Cordoba, Spain<br \/>Birgit\u00a0Schmiedl,\u00a0University College of Teacher Education Lower Austria,\u00a0Austria<br \/>Borja \u00a0Manzano V\u00e1zquez,\u00a0University of Granada,\u00a0Spain<br \/>Branka Zolak Poljasevic,\u00a0University of Banja Luka,\u00a0Bosnia and Herzegovina<br \/>Burcu Ko\u00e7,\u00a0Sakarya University,\u00a0T\u00fcrkiye<br \/>\u00c7a\u011fla Atmaca,\u00a0Pamukkale University, T\u00fcrkiye<br \/>Carolina\u00a0Bodea Hategan,\u00a0Babes-bolyai University,\u00a0Romania<br \/>Caroline\u00a0Akhras,\u00a0Notre Dame University,\u00a0Lebanon<br \/>Celia\u00a0MacDonnell,\u00a0University of Rhode Island and Brown University,\u00a0USA<br \/>Cezar\u00a0Scarlat,\u00a0University &#8220;Politehnica&#8221; of Bucharest,\u00a0Romania<br \/>Chantal\u00a0Ouellet,\u00a0Universite du Quebec a Montreal,\u00a0Canada<br \/>Charalampos\u00a0Karagiannidis,\u00a0University of Thessaly,\u00a0Greece<br \/>Cheng-Hsuan\u00a0Li,\u00a0National Taichung University of Education,\u00a0Taiwan<br \/>Chiara\u00a0Uliana,\u00a0University of Granada,\u00a0Spain<br \/>Chien-ming\u00a0Cheng,\u00a0National Academy for Educational Research,\u00a0Taiwan<br \/>Christian David\u00a0Quintero Guerrero,\u00a0Nueva Granada Militar University,\u00a0Colombia<br \/>Christos\u00a0Manassis,\u00a0National and Kapodistrian University of Athens,\u00a0Greece<br \/>Chuang\u00a0Wang,\u00a0University of Macau,\u00a0Macau<br \/>Colleen M.\u00a0Halupa,\u00a0East Texas Baptist University,\u00a0USA<br \/>Cory A.\u00a0Bennett,\u00a0Idaho State University,\u00a0USA<br \/>Cristiana\u00a0Pizarro Madureira,\u00a0ESECS &#8211; Instituto Polit\u00e9cnico de Leiria,\u00a0Portugal<br \/>Cristiano\u00a0Luchetti,\u00a0American University of Ras Al Khaimah,\u00a0United Arab Emirates<br \/>Dale Kirby,\u00a0Memorial University,\u00a0Canada<br \/>Dalia\u00a0Hanna,\u00a0Ryerson University,\u00a0Canada<br \/>Daniela\u00a0Pasnicu,\u00a0Spiru Haret University,\u00a0Romania<br \/>David\u00a0Aparisi,\u00a0University of Alicante,\u00a0Spain<br \/>David\u00a0Nocar,\u00a0Palacky University Olomouc,\u00a0Czech Republic<br \/>Devorah\u00a0Eden,\u00a0Western Galilee College,\u00a0Israel<br \/>Diana Maria\u00a0Cismaru,\u00a0National University of Political Studies and Public Administration (SNSPA Bucharest),\u00a0Romania<br \/>Diane\u00a0Boothe,\u00a0Boise State University,\u00a0USA<br \/>Dimitris\u00a0Dranidis,\u00a0The University of Sheffield International,\u00a0Greece<br \/>Dimitris\u00a0Kilakos,\u00a0National &amp; Kapodistrian University of Athens,\u00a0Greece<br \/>Donata\u00a0Puntil,\u00a0Kings College London,\u00a0UK<br \/>Dorina Anca\u00a0Talas,\u00a0Babe\u015f-Bolyai University,\u00a0Romania<br \/>Douglas\u00a0Baleshta,\u00a0Thompson Rivers University,\u00a0Canada<br \/>Ean Teng\u00a0Khor,\u00a0Nanyang Technological University,\u00a0Singapore<br \/>Elena\u00a0Baguzina,\u00a0Moscow State Institute of International Relations,\u00a0Russian Federation<br \/>Elena\u00a0Polyudova,\u00a0Peoples Friendship University of Russia,\u00a0Russian Federation<br \/>Elisa\u00a0Bertolotti,\u00a0University of Madeira; ID+; ITI \/ LARSyS,\u00a0Portugal<br \/>Elizabeth\u00a0Sandell,\u00a0Minnesota State University,\u00a0USA<br \/>Emel\u00a0Dikbas Torun,\u00a0Pamukkale University,\u00a0T\u00fcrkiye<br \/>Eva\u00a0Trnov\u00e1,\u00a0Masaryk University,\u00a0Czech Republic<br \/>Evangelina\u00a0Bonif\u00e1cio,\u00a0Polytechnic Institute of Bragan\u00e7a,\u00a0Portugal<br \/>Fausto\u00a0Brevi,\u00a0Politecnico di Milano,\u00a0Italy<br \/>Gabriella\u00a0Velics,\u00a0Eotvos Lorand University,\u00a0Hungary<br \/>Gina\u00a0Chianese,\u00a0University of Trieste,\u00a0Italy<br \/>Gina Aurora\u00a0Necula,\u00a0Dunarea de Jos University of Galati,\u00a0Romania<br \/>Gr\u00e1inne N\u00ed Dhomhnaill,\u00a0University College Dublin,\u00a0Ireland<br \/>Grischa\u00a0Schmiedl,\u00a0University of Applied Science St. P\u00f6lten,\u00a0Austria<br \/>Gyongyi\u00a0Bujdoso,\u00a0University of Debrecen,\u00a0Hungary<br \/>Hana\u00a0Vancova,\u00a0Trnava University,\u00a0Slovakia<br \/>H\u00e9ctor\u00a0Tronchoni,\u00a0Florida Universitaria in Catarroja,\u00a0Spain<br \/>Helena Skarupsk\u00e1,\u00a0Tomas Bata University,\u00a0Czech Republic<br \/>Helin Puksand, Tallinn University, Estonia<br \/>Henri\u00a0Jacobs,\u00a0Central University of Technology, Free State (CUT),\u00a0South Africa<br \/>Huseyin\u00a0Bicen,\u00a0Near East University, Nicosia,\u00a0Cyprus<br \/>Ilijana\u00a0Cutura,\u00a0University of Kragujevac,\u00a0Serbia<br \/>Ilona\u00a0Tandzegolskiene,\u00a0Vytautas Magnus University,\u00a0Latvia<br \/>Ina\u00a0Blau,\u00a0The Open University of Israel,\u00a0Israel<br \/>Ioana\u00a0Velica,\u00a0Babe\u015f-Bolyai University,\u00a0Romania<br \/>Ioana Leti\u021bia \u0218erban,\u00a0Babe\u015f-Bolyai University,\u00a0Romania<br \/>Jacquelyn\u00a0Baker-Sennett,\u00a0Western Washington University,\u00a0USA<br \/>Janaina\u00a0Cardoso,\u00a0Rio de Janeiro State University,\u00a0Brazil<br \/>Javier\u00a0Casanoves-Boix,\u00a0International University of Valencia,\u00a0Spain<br \/>Jeannette\u00a0Jones,\u00a0Texas Lutheran University,\u00a0USA<br \/>Jenni\u00a0Sanguiliano Lonski,\u00a0Rollins College,\u00a0USA<br \/>Jitka\u00a0Hlouskova,\u00a0Independent Education Professional,\u00a0Czech Republic<br \/>Joana\u00a0Romanowski,\u00a0UNINTER &#8211; Centro Universitario Internacional,\u00a0Brazil<br \/>Joanna\u00a0Paliszkiewicz ,\u00a0Warsaw University of Life Sciences,\u00a0Poland<br \/>Jose Augusto\u00a0Oliveira Huguenin,\u00a0Universidade Federal Fluminense ,\u00a0Brazil<br \/>Jos\u00e9 Luis\u00a0Ortega-Mart\u00edn,\u00a0University of Granada,\u00a0Spain<br \/>Juana Maria\u00a0Sancho Gil,\u00a0University of Barcelona,\u00a0Spain<br \/>Karel N\u011bmejc,\u00a0Czech University of Life Sciences Prague,\u00a0Czech Republic<br \/>Katerina\u00a0Vit\u00e1skov\u00e1,\u00a0Palacky University in Olomouc,\u00a0Czech Republic<br \/>Konstantinos\u00a0Kalemis,\u00a0National and Kapodistrian University of Athens,\u00a0Greece<br \/>Kyparisia\u00a0Papanikolaou,\u00a0School of Pedagogical and Technological Education,\u00a0Greece<br \/>Lad\u00e1rio da Silva,\u00a0Universidade Federal Fluminense (UFF),\u00a0Brazil<br \/>Laura\u00a0Rio,\u00a0University of Bologna,\u00a0Italy<br \/>Leela\u00a0Ramsook,\u00a0University of Trinidad and Tobago,\u00a0Trinidad and Tobago<br \/>Lefkothea\u00a0Kartasidou,\u00a0University of Macedonia,\u00a0Greece<br \/>Lefkothea-Vasiliki\u00a0Andreou,\u00a0University of Ioannina,\u00a0Greece<br \/>Leila\u00a0Kajee,\u00a0University of Johannesburg,\u00a0South Africa<br \/>Les\u00a0Sztandera,\u00a0Thomas Jefferson University,\u00a0USA<br \/>Loreta\u00a0Chodzkiene,\u00a0Vilnius University,\u00a0Lithuania<br \/>Lorna M.\u00a0Dreyer,\u00a0Stellenbosch University,\u00a0South Africa<br \/>Lucio G\u00a0Veraldo Jr.,\u00a0Infinity Academy 3d,\u00a0Brazil<br \/>Luis Gonzaga\u00a0Roger Castillo,\u00a0University of Granada (UGR),\u00a0Spain<br \/>\u0141ukasz Tomczyk,\u00a0Jagiellonian University,\u00a0Poland<br \/>Luminita\u00a0Cocarta,\u00a0Al. I. Cuza University of Iasi,\u00a0Romania<br \/>Lydia\u00a0Mavuru,\u00a0University of Johannesburg,\u00a0South Africa<br \/>Maciej\u00a0Debski,\u00a0University of Social Sciences,\u00a0Poland<br \/>Magdolna\u00a0Chrapp\u00e1n,\u00a0University of Debrecen,\u00a0Hungary<br \/>Maja\u00a0Seric,\u00a0University of Valencia,\u00a0Spain<br \/>Malgorzata\u00a0Cieciora,\u00a0Polish-Japanese Academy of Information Technology,\u00a0Poland<br \/>Manfred\u00a0Meyer,\u00a0Westf\u00e4lische Hochschule,\u00a0Germany<br \/>Manhong Lai,\u00a0The Chinese University of Hong Kong,\u00a0China<br \/>Marcin\u00a0Fojcik,\u00a0Western Norway University of Applied Sciences,\u00a0Norway<br \/>Marga\u00a0Vives Barcel\u00f3,\u00a0University of the Balearic Islands,\u00a0Spain<br \/>Maria\u00a0Lopes de Azevedo,\u00a0ESECS, Polytechnic Institute of Portalegre,\u00a0Portugal<br \/>Maria Carme\u00a0Boqu\u00e9 Torremorell,\u00a0Ramon Llull University,\u00a0Spain<br \/>Mar\u00eda Jos\u00e9\u00a0Latorre,\u00a0University of Granada,\u00a0Spain<br \/>Marko\u00a0Slavkovic,\u00a0University of Kragujevac,\u00a0Serbia<br \/>Marta Talavera, University of Valencia, Spain<br \/>Marzena W\u00f3jcik-Augustyniak,\u00a0Siedlce University of Natural Sciences and Humanities,\u00a0Poland<br \/>Maya\u00a0Wizel,\u00a0Middlebury College, USA \/ Kibbutzim College, Israel<br \/>Mayara de Carvalho\u00a0Santos,\u00a0Butantan Institute,\u00a0Brazil<br \/>Megan\u00a0Purcell,\u00a0Purdue University,\u00a0USA<br \/>Melissa\u00a0Caspary,\u00a0Georgia Gwinnett College,\u00a0USA<br \/>Michael\u00a0Reiner,\u00a0IMC University of Applied Sciences Krems,\u00a0Austria<br \/>Milan\u00a0Kubiatko,\u00a0Jan Evangelista Purkyn\u011b University,\u00a0Czech Republic<br \/>Mohammad Ahmad\u00a0Abdeldayem,\u00a0Zagazig University,\u00a0Egypt<br \/>Mohd Norazmi\u00a0Bin Nordin,\u00a0University Kebangsaan Malaysia,\u00a0Malaysia<br \/>Napak-on\u00a0Sritrakarn,\u00a0ILSC &amp; Greystone College,\u00a0Australia<br \/>Natalie\u00a0Lavoie,\u00a0University of Quebec in Rimousk,\u00a0Canada<br \/>Natasa\u00a0Vlah,\u00a0University of Rijeka,\u00a0Croatia<br \/>Nazario\u00a0Zambaldi,\u00a0Free University of Bolzano,\u00a0Italia<br \/>Omid\u00a0Noroozi,\u00a0Wageningen University &amp; Research,\u00a0The Netherlands<br \/>Onur\u00a0Erg\u00fcnay,\u00a0George Mason University,\u00a0USA<br \/>\u00d6zg\u00fcn Ko\u015faner,\u00a0Dokuz Eylul University,\u00a0T\u00fcrkiye<br \/>Paolo\u00a0Sorzio,\u00a0University of Trieste,\u00a0Italy<br \/>Pascal\u00a0Marquet,\u00a0University of Strasbourg,\u00a0France<br \/>Paula Miranda, Polytechnic Institute of Setubal, Portugal<br \/>Paul\u00a0Sage,\u00a0Queen&#8217;s University, Belfast,\u00a0UK<br \/>Pavel\u00a0Brebera,\u00a0University of Pardubice,\u00a0Czech Republic<br \/>Pawel\u00a0Pokutycki,\u00a0Royal Academy of Art (KABK), The Hague,\u00a0The Netherlands<br \/>Pawel\u00a0Topol,\u00a0Adam Mickiewicz University in Poznan,\u00a0Poland<br \/>Pule\u00a0Phindane,\u00a0Central University of Technology,\u00a0South Africa<br \/>Raluca\u00a0Trifu,\u00a0UMF Iuliu Hatieganu from Cluj Napoca,\u00a0Romania<br \/>Rasa Nedzinskait\u0117-Ma\u010di\u016bnien\u0117,\u00a0Vytautas Magnus University,\u00a0Lithuania<br \/>Remigijus\u00a0Bubnys,\u00a0Kaunas University of Technology,\u00a0Lithuania<br \/>Richard C.\u00a0Kalunga,\u00a0University of the District of Columbia,\u00a0USA<br \/>Rita\u00a0Franceschini,\u00a0University Vita Salute San Raffaele,\u00a0Italy<br \/>Rosanna\u00a0Tammaro,\u00a0University of Salerno,\u00a0Italy<br \/>Ryuichi\u00a0Matsuba,\u00a0Tokyo University of Technology,\u00a0Japan<br \/>Sam\u00a0Ramaila,\u00a0University of Johannesburg,\u00a0South Africa<br \/>Seppo\u00a0Sirkemaa,\u00a0University of Turku,\u00a0Finland<br \/>Sheryl\u00a0Williams,\u00a0Loughborough University,\u00a0UK<br \/>Silmar Jos\u00e9\u00a0Spinardi Franchi,\u00a0Federal University of Santa Catarina,\u00a0Brazil<br \/>Silvania\u00a0Alves de Carvalho,\u00a0Universidade Federal Fluminense,\u00a0Brazil<br \/>Simon\u00a0Richir,\u00a0Arts et Metiers (ENSAM),\u00a0France<br \/>Simone Brasili, University of Camerino, Italy<br \/>Soane Joyce Mohapi,\u00a0University of South Africa,\u00a0South Africa<br \/>Stefania\u00a0Pinnelli,\u00a0University of Salento,\u00a0Italy<br \/>Stephanie\u00a0Linek,\u00a0ZBW &#8211; Leibniz Information Centre for Economics,\u00a0Germany<br \/>Susan\u00a0Scott,\u00a0Lakehead University,\u00a0Canada<br \/>Susanne\u00a0Schumacher,\u00a0Free University of Bozen,\u00a0Italy<br \/>Suzie\u00a0Savvidou,\u00a0The University of Sheffield International Faculty, CITY College,\u00a0Greece<br \/>Syed Ziaur\u00a0Rahman,\u00a0Majan University College,\u00a0Oman<br \/>Tatjana\u00a0Portnova,\u00a0Russian Center of the University of Granada,\u00a0Spain<br \/>Temenujka\u00a0Zafirova Malcheva,\u00a0Sofia University &#8220;St. Kliment Ohridski&#8221;,\u00a0Bulgaria<br \/>Tena\u00a0Velki,\u00a0Josip Juraj Strossmayer University of Osijek,\u00a0Croatia<br \/>Th\u00e9odore\u00a0Njingang Mbadjoin,\u00a0University Lumi\u00e8re Lyon 2,\u00a0France<br \/>Ulrike\u00a0Stadler-Altmann,\u00a0Free University of Bozen-Bolzano,\u00a0Italy<br \/>Valentina\u00a0Vezzani,\u00a0University of Madeira,\u00a0Portugal<br \/>Vashti\u00a0Singh,\u00a0University of Guyana,\u00a0Guyana<br \/>Vassilios\u00a0Argyropoulos,\u00a0University of Thessaly,\u00a0Greece<br \/>Ver\u00f3nica\u00a0Yanez-Monje ,\u00a0University of Concepcion,\u00a0Chile<br \/>Vicente J.\u00a0Llorent,\u00a0University of Cordoba,\u00a0Spain<br \/>Victor\u00a0Fester,\u00a0University of Waikato,\u00a0New Zealand<br \/>Wendy\u00a0Setlalentoa,\u00a0Central University of Technology,\u00a0South Africa<br \/>Wiktor\u00a0Bolkunow,\u00a0Warsaw School of Economics,\u00a0Poland<br \/>X\u00e9nia\u00a0Liashuk,\u00a0Trnava University,\u00a0Slovakia<br \/>Yelkin Diker Co\u015fkun,\u00a0Yeditepe University,\u00a0T\u00fcrkiye<br \/>Yevgeniya\u00a0Daineko,\u00a0International IT University,\u00a0Kazakhstan<br \/>Yogesh Kumar\u00a0Sharma,\u00a0Former Vice Chancellor Singhania University,\u00a0India<br \/>Yonghuai\u00a0Liu,\u00a0Edge Hill University,\u00a0UK<br \/>Youngsoon\u00a0Kim,\u00a0Inha University,\u00a0South Korea<br \/>Zolt\u00e1n\u00a0R\u00f3nay,\u00a0E\u00f6tv\u00f6s Lor\u00e1nd University,\u00a0Hungary<\/p>\n\n\n<p><\/p>\n","protected":false},"excerpt":{"rendered":"<p>\u00a0 Conference and Program Chair Mafalda Carmo,World Institute for Advanced Research and Science (WIARS), Portugal \u00a0 International Scientific Committee Aaron R.\u00a0Deris,\u00a0Minnesota State University,\u00a0USAAbha\u00a0Gupta,\u00a0Old Dominion University,\u00a0USAAdrian\u00a0Ponz Miranda,\u00a0Zaragoza University,\u00a0SpainAhmad Razak,\u00a0University of Malaya,\u00a0MalaysiaAhmet\u00a0Ok,\u00a0Middle East Technical University,\u00a0T\u00fcrkiyeAlan\u00a0Singer,\u00a0Hofstra University,\u00a0USAAli\u00a0Baykal,\u00a0Bahcesehir University,\u00a0T\u00fcrkiyeAna\u00a0Conboy,\u00a0College of Saint Benedict and Saint John&#8217;s University,\u00a0USAAna Hern\u00e1ndez Espino, Autonomous University of Madrid, Spain \/ The Labor University of Uruguay, [&hellip;]<\/p>\n","protected":false},"author":1,"featured_media":0,"parent":0,"menu_order":0,"comment_status":"closed","ping_status":"closed","template":"","meta":{"jetpack_post_was_ever_published":false,"footnotes":""},"class_list":["post-36","page","type-page","status-publish","hentry"],"jetpack_sharing_enabled":true,"jetpack_likes_enabled":true,"jetpack_shortlink":"https:\/\/wp.me\/Pf9bmU-A","_links":{"self":[{"href":"https:\/\/end-educationconference.org\/2023\/wp-json\/wp\/v2\/pages\/36","targetHints":{"allow":["GET"]}}],"collection":[{"href":"https:\/\/end-educationconference.org\/2023\/wp-json\/wp\/v2\/pages"}],"about":[{"href":"https:\/\/end-educationconference.org\/2023\/wp-json\/wp\/v2\/types\/page"}],"author":[{"embeddable":true,"href":"https:\/\/end-educationconference.org\/2023\/wp-json\/wp\/v2\/users\/1"}],"replies":[{"embeddable":true,"href":"https:\/\/end-educationconference.org\/2023\/wp-json\/wp\/v2\/comments?post=36"}],"version-history":[{"count":286,"href":"https:\/\/end-educationconference.org\/2023\/wp-json\/wp\/v2\/pages\/36\/revisions"}],"predecessor-version":[{"id":20206,"href":"https:\/\/end-educationconference.org\/2023\/wp-json\/wp\/v2\/pages\/36\/revisions\/20206"}],"wp:attachment":[{"href":"https:\/\/end-educationconference.org\/2023\/wp-json\/wp\/v2\/media?parent=36"}],"curies":[{"name":"wp","href":"https:\/\/api.w.org\/{rel}","templated":true}]}}