{"id":36,"date":"2014-07-22T17:11:55","date_gmt":"2014-07-22T17:11:55","guid":{"rendered":"http:\/\/end-educationconference.org\/?page_id=36"},"modified":"2024-07-25T12:52:36","modified_gmt":"2024-07-25T12:52:36","slug":"scientific-committee","status":"publish","type":"page","link":"https:\/\/end-educationconference.org\/2024\/scientific-committee\/","title":{"rendered":"Scientific Committee"},"content":{"rendered":"<p style=\"text-align: left;\"><strong><span style=\"color: #ff6600;\">Conference and Program Chair<\/span><\/strong><\/p>\n<p style=\"text-align: left;\">Mafalda Carmo,<br \/>World Institute for Advanced Research and Science (WIARS), Portugal<\/p>\n<p style=\"text-align: left;\"><strong><span style=\"color: #ff6600;\">International Scientific Committee<br \/><\/span><\/strong>Aaron R.\u00a0Deris,\u00a0Minnesota State University,\u00a0USA\u00a0<br \/>Adanela\u00a0Musaraj,\u00a0Indiana Tech,\u00a0USA\u00a0<br \/>Adel\u00a0Jebali,\u00a0Concordia University,\u00a0Canada<br \/>Adri\u00e1n\u00a0Ponz Miranda,\u00a0Zaragoza University,\u00a0Spain<br \/>Ahmet\u00a0Ok,\u00a0Middle East Technical University,\u00a0Turkey<br \/>Alan\u00a0Singer,\u00a0Hofstra University,\u00a0USA \u00a0<br \/>Ali Ahmad\u00a0Al-barakat,\u00a0University of Sharjah,\u00a0United Arab Emirates<br \/>Ana\u00a0Conboy,\u00a0College of Saint Benedict and Saint Johns University,\u00a0USA<br \/>Ana-Maria Bercu, Alexandru Ioan Cuza University of Iasi, Romania\u00a0<br \/>Anca\u00a0Draghici,\u00a0Politehnica University of Timisoara,\u00a0Romania<br \/>Andis\u00a0Klegeris,\u00a0University of British Columbia Okanagan,\u00a0Canada<br \/>Andrea\u00a0Fiorucci,\u00a0University of Salento,\u00a0Italy<br \/>Andrea\u00a0Hathazi,\u00a0Babe\u015f-Bolyai University,\u00a0Romania\u00a0<br \/>Andrei\u00a0Nastas,\u00a0Lower Danube University,\u00a0Romania<br \/>Angela\u00a0Piu,\u00a0University of Valle d&#8217;Aosta,\u00a0Italy<br \/>Anja Mar\u00eda\u00a0Mackeldey,\u00a0Colegio Alem\u00e1n Medell\u00edn \/ Universidad de Antioquia,\u00a0Colombia<br \/>Anna Lazou, National &amp; Kapodistrian University of Athens, Greece<br \/>Antoni Kolek, Kozminski University, Poland<br \/>Aphrodite\u00a0Ktena,\u00a0National and Kapodistrian University of Athens,\u00a0Greece<br \/>Asta Vaitkeviciene,\u00a0Vilnius University,\u00a0Lithuania \u00a0<br \/>Aurelija Dauksaite-Kolpakoviene, Vytautas Magnus University, Lithuania<br \/>Awelani\u00a0Rambuda,\u00a0Central University of Technology,\u00a0South Africa\u00a0<br \/>Ayse Esra Aslan,\u00a0Istanbul University-Cerrahpasa,\u00a0Turkey<br \/>Beatriz Carrasquer \u00c1lvarez,\u00a0Zaragoza University,\u00a0Spain\u00a0<br \/>Begona Sampedro, University of Cordoba, Spain<br \/>Birgit Schmiedl, University College of Teacher Education Lower Austria, Austria<br \/>Borja Manzano V\u00e1zquez,\u00a0University of Granada,\u00a0Spain<br \/>Branka Zolak Polja\u0161evi\u0107,\u00a0University of Banja Luka,\u00a0Bosnia and Herzegovina<br \/>Cagla\u00a0Atmaca,\u00a0Pamukkale University,\u00a0Turkey\u00a0<br \/>Carla\u00a0Massoud,\u00a0Saint-Joseph University Beirut,\u00a0France<br \/>Carolina\u00a0Bodea Hategan,\u00a0Babe\u015f-Bolyai University,\u00a0Romania\u00a0<br \/>Caroline\u00a0Akhras,\u00a0Notre Dame University,\u00a0Lebanon <br \/>Celina da Silva, York University, Canada<br \/>Cezar\u00a0Scarlat,\u00a0University &#8220;Politehnica&#8221; of Bucharest,\u00a0Romania<br \/>Chantal\u00a0Ouellet,\u00a0Universite du Quebec a Montreal,\u00a0Canada<br \/>Charalampos\u00a0Karagiannidis,\u00a0University of Thessaly,\u00a0Greece<br \/>Chiara\u00a0Uliana,\u00a0University of Granada,\u00a0Spain<br \/>Cory A.\u00a0Bennett,\u00a0Idaho State University,\u00a0USA<br \/>Cristiana\u00a0 Pizarro Madureira,\u00a0ESECS &#8211; Instituto Polit\u00e9cnico de Leiria,\u00a0Portugal<br \/>Cristiano\u00a0Luchetti,\u00a0American University of Ras Al Khaimah,\u00a0United Arab Emirates<br \/>Dale Kirby,\u00a0Memorial University,\u00a0Canada<br \/>Daniela Pasnicu, Spiru Haret University, Romania \u00a0<br \/>David Aparisi, University of Alicante, Spain<br \/>David\u00a0Nocar,\u00a0Palacky University Olomouc,\u00a0Czech Republic<br \/>Diana Maria\u00a0Cismaru,\u00a0National University of Political Studies and Public Administration (SNSPA Bucharest),\u00a0Romania\u00a0<br \/>Dijana\u00a0Drandic,\u00a0Juraj Dobrila University of Pula,\u00a0Croatia<br \/>Dimitris Kilakos, National &amp; Kapodistrian University of Athens (NKUA), Greece\u00a0<br \/>Dina\u00a0Vyortkina,\u00a0Florida State University,\u00a0USA<br \/>Donata Puntil, Kings College London, United Kingdom<br \/>Dorina Anca Talas, Babe\u015f-Bolyai University, Romania \u00a0<br \/>Dorota\u00a0Gawryluk,\u00a0Bialystok University of Technology,\u00a0Poland<br \/>Douglas\u00a0Baleshta,\u00a0Thompson Rivers University,\u00a0Canada\u00a0<br \/>Dunja\u00a0Andic,\u00a0University of Rijeka,\u00a0Croatia\u00a0<br \/>Ekaterine\u00a0Pipia,\u00a0International Black Sea University,\u00a0Georgia<br \/>Elena\u00a0Baguzina,\u00a0Moscow State Institute of International Relations,\u00a0Russian Federation<br \/>Elena Garc\u00eda Guerrero, Universidad de Granada, Spain<br \/>Emel Dikbas Torun, Pamukkale University, Turkey<br \/>Eva\u00a0Trnov\u00e1,\u00a0Masaryk University,\u00a0Czech Republic<br \/>Evangelina\u00a0Bonif\u00e1cio,\u00a0Polytechnic Institute of Bragan\u00e7a,\u00a0Portugal \u00a0<br \/>Fabiana Rodrigues Leta, Universidade Federal Fluminense, Brazil<br \/>Fernando Martin Villena , Universitat Pompeu Fabra, Spain<br \/>Gabriella\u00a0Velics,\u00a0Eotvos Lorand University,\u00a0Hungary<br \/>Georgiana\u00a0Ciobotaru,\u00a0Dun\u0103rea de Jos University of Galati,\u00a0Romania<br \/>Gheorghe Brani\u0219te, Dun\u0103rea de Jos University of Galati,\u00a0Romania<br \/>Gina Aurora Necula, Dun\u0103rea de Jos University of Galati, Romania<br \/>Gr\u00e1inne N\u00ed Dhomhnaill, University College Dublin, Ireland<br \/>Gy\u00f6ngyi Bujdos\u00f3, Faculty of Informatics, University of Debrecen, Hungary<br \/>Hana Van\u010dov\u00e1,\u00a0Trnava University,\u00a0Slovakia<br \/>H\u00e9ctor Tronchoni, Florida Universitaria in Catarroja, Spain<br \/>Helin Puksand, Tallinn Univesity, Estonia<br \/>Henri\u00a0Jacobs,\u00a0Central University of Technology, Free State (CUT),\u00a0South Africa<br \/>Ilijana Cutura, University of Kragujevac, Serbia<br \/>Ilona Tandzegolskien\u0117,\u00a0Vytautas Magnus University,\u00a0Lithuania<br \/>Ina Blau, The Open University of Israel, Israel<br \/>Ioana Leti\u021bia \u0218erban, Babe\u015f-Bolyai University,\u00a0Romania<br \/>Ioannis\u00a0Makris,\u00a0State Special School \/ Directorate of Secondary Education West Athens,\u00a0Greece\u00a0<br \/>Irena Petrusic, University Adriatic, Montenegro\u00a0<br \/>Irine Pkhakadze, A.T. Still University (ATSU) of Health Sciences, Georgia<br \/>Janaina\u00a0Cardoso,\u00a0Rio de Janeiro State University,\u00a0Brazil\u00a0<br \/>Javier\u00a0Casanoves-boix,\u00a0International University of Valencia,\u00a0Spain<br \/>Jeannette\u00a0Jones,\u00a0Texas Lutheran University,\u00a0USA<br \/>Jenni\u00a0Sanguiliano Lonski,\u00a0Rollins College, USA<br \/>Jitka Hlou\u0161kov\u00e1,\u00a0Independent Education Professional,\u00a0Czech Republic<br \/>Joana\u00a0Romanowski,\u00a0Centro Universitario Interncacional UNINTER,\u00a0Brazil<br \/>Joanna\u00a0Paliszkiewicz,\u00a0Warsaw University of Life Sciences,\u00a0Poland<br \/>John Blake, University of Aizu, Japan\u00a0<br \/>Jorge Viguri Cordero, University Jaume I, Spain<br \/>Juana M. Ortega Tudela, Universidad de Ja\u00e9n, Spain\u00a0<br \/>Jurgita Lenkauskaite, Vilnius University, Siauliai Academy, Lithuania<br \/>Kalliopi Trouli,\u00a0University of Crete,\u00a0Greece<br \/>Karel N\u011bmejc,\u00a0Czech University of Life Sciences Prague, Czech Republic\u00a0<br \/>Katerina Kabassi, Technological Educational Institute of the Ionian , Greece<br \/>Konstantinos\u00a0Kalemis,\u00a0National and Kapodistrian University of Athens \/ National Centre for Local Government and Public Administration, Hellenic Ministry of Education,\u00a0Greece<br \/>Lad\u00e1rio da Silva,\u00a0Universidade Federal Fluminense (UFF),\u00a0Brazil<br \/>Laura\u00a0Rio,\u00a0University of Bologna,\u00a0Italy<br \/>Leela\u00a0Ramsook,\u00a0Independent Researcher,\u00a0Trinidad and Tobago<br \/>Lefkothea\u00a0Kartasidou,\u00a0University of Macedonia,\u00a0Greece<br \/>Lefkothea-Vasiliki\u00a0Andreou,\u00a0University of Ioannina,\u00a0Greece<br \/>Leila\u00a0Kajee,\u00a0University of Johannesburg,\u00a0South Africa<br \/>Les Sztandera, Thomas Jefferson University, USA<br \/>Lindokuhle\u00a0Ubisi,\u00a0University of South Africa,\u00a0South Africa<br \/>Luis Gonzaga\u00a0Roger Castillo,\u00a0Universidad de Granada (UGR) \/ Centro de Estudios Bizantinos, Neogriegos y Chipriotas,\u00a0Spain<br \/>Magdolna\u00a0Chrapp\u00e1n,\u00a0University of Debrecen,\u00a0Hungary\u00a0<br \/>Maia\u00a0Chkotua,\u00a0International Black Sea University,\u00a0Georgia\u00a0<br \/>Maja\u00a0Kerneza,\u00a0University of Maribor,\u00a0Slovenia<br \/>Maja\u00a0Seric,\u00a0University of Valencia,\u00a0Spain<br \/>Malgorzata\u00a0Cieciora,\u00a0Polish-Japanese Academy of Information Technology,\u00a0Poland<br \/>Manfred\u00a0Meyer,\u00a0Westf\u00e4lische Hochschule,\u00a0Germany<br \/>Manhong\u00a0Lai,\u00a0The Chinese University of Hong Kong,\u00a0China\u00a0<br \/>Manuel Fern\u00e1ndez-Alc\u00e1ntara, University of Alicante, Spain<br \/>Marcin\u00a0Fojcik,\u00a0Western Norway University of Applied Sciences,\u00a0Norway\u00a0<br \/>Maria Lopes de Azevedo, ESECS, Polytechnic Institute of Portalegre, Portugal\u00a0<br \/>Maria\u00a0Orfila,\u00a0Rey Juan Carlos University,\u00a0Spain<br \/>Maria Carme Boqu\u00e9 Torremorell,\u00a0Ramon Llull University,\u00a0Spain<br \/>Mar\u00eda Jos\u00e9 Latorre,\u00a0University of Granada,\u00a0Spain<br \/>Marko\u00a0Slavkovic,\u00a0University of Kragujevac,\u00a0Serbia<br \/>Marta Talavera, University of Valencia, Spain \u00a0<br \/>Martina Kosturkov\u00e1, University of Presov, Slovakia<br \/>Marzena Wojcik-Augustyniak, University of Siedlce, Poland \u00a0<br \/>Matthias\u00a0Baume,\u00a0Technical University of Munich,\u00a0Germany<br \/>Maya Wizel, Middlebury College, USA \/ Kibbutzim College, Israel\u00a0<br \/>Mayara de Carvalho Santos, State University of Campinas, Brazil<br \/>Melissa\u00a0Caspary,\u00a0Georgia Gwinnett College,\u00a0USA<br \/>Michail\u00a0Kalogiannakis,\u00a0University of Thessaly,\u00a0Greece\u00a0<br \/>Mike\u00a0Green,\u00a0University of Kent,\u00a0United Kingdom<br \/>Milan\u00a0Kubiatko,\u00a0J. E. Purkyn\u011b University,\u00a0Czech Republic<br \/>Mohammad Ahmad\u00a0Abdeldayem,\u00a0Zagazig University,\u00a0Egypt \u00a0<br \/>Monica\u00a0Maier,\u00a0Technical University of Cluj-Napoca,\u00a0Romania<br \/>Monika\u00a0Mladenovic,\u00a0University of Split,\u00a0Croatia<br \/>Mustafa\u00a0Ozmusul,\u00a0Harran University,\u00a0Turkey<br \/>Napak-on Sritrakarn, Acknowledge Education, Sydney, Australia <br \/>Natalia\u00a0Casado,\u00a0University King Juan Carlos,\u00a0Spain<br \/>Natalie Lavoie, University of Quebec in Rimousk, Canada\u00a0<br \/>Nicol\u00e1s Ruiz-Robledillo,\u00a0University of Alicante,\u00a0Spain\u00a0<br \/>Ognjen\u00a0Pantelic,\u00a0University of Belgrade,\u00a0Serbia<br \/>Olga Dorul, Dunarea De Jos University of Galati, Romania<br \/>Omid\u00a0Noroozi,\u00a0Wageningen University &amp; Research,\u00a0Netherlands<br \/>Onur Erg\u00fcnay, Izmir Democracy University, Turkey \u00a0<br \/>Patrik\u00a0Schulcz,\u00a0Esade Business School (Ramon Llull University),\u00a0Spain<br \/>Pavel\u00a0Brebera,\u00a0University of Pardubice,\u00a0Czech Republic \u00a0<br \/>Pavlina\u00a0Rackova,\u00a0University of Defence,\u00a0Czech Republic<br \/>Pawel\u00a0Topol,\u00a0Adam Mickiewicz University in Poznan,\u00a0Poland\u00a0<br \/>Petros\u00a0Kefalas,\u00a0University of York Europe Campus,\u00a0Greece\u00a0<br \/>Raluca\u00a0Trifu,\u00a0UMF Iuliu Hatieganu From Cluj Napoca,\u00a0Romania<br \/>Rasa Nedzinskait\u0117-Ma\u010di\u016bnien\u0117,\u00a0Vytautas Magnus University,\u00a0Lithuania\u00a0<br \/>Remigijus\u00a0Bubnys,\u00a0Kaunas University of Technology,\u00a0Lithuania\u00a0<br \/>Richard C. Kalunga, University of the District of Columbia, USA<br \/>Rosanna\u00a0Tammaro,\u00a0University of Salerno,\u00a0Italy\u00a0<br \/>R\u00fat\u00a0Lenkov\u00e1,\u00a0University of Presov,\u00a0Slovakia<br \/>Ryuichi\u00a0Matsuba,\u00a0Tokyo University of Technology,\u00a0Japan<br \/>Sam\u00a0Ramaila,\u00a0University of Johannesburg,\u00a0South Africa<br \/>Seppo\u00a0Sirkemaa,\u00a0University of Turku,\u00a0Finland<br \/>Serhat Bahadir Kert,\u00a0Yildiz Technical University,\u00a0Turkey<br \/>Sharon Jaggernauth, The University of the West Indies, Trinidad &amp; Tobago<br \/>Si Xiao, Columbia University, USA<br \/>Silvana\u00a0Watson,\u00a0Old Dominion University,\u00a0USA<br \/>Silv\u00e2nia Alves de Carvalho,\u00a0Universidade Federal Fluminense,\u00a0Brazil\u00a0<br \/>Silvia\u00a0Doncevova,\u00a0Comenius University in Bratislava,\u00a0Slovakia<br \/>Simon\u00a0Richir,\u00a0Arts et Metiers (ENSAM),\u00a0France<br \/>Simone\u00a0Brasili,\u00a0Univeristy of Camerino,\u00a0Italy<br \/>Stamatis Papadakis,\u00a0University of Crete,\u00a0Greece<br \/>Stephanie\u00a0Linek,\u00a0ZBW &#8211; Leibniz Information Centre for Economics,\u00a0Germany<br \/>Susan\u00a0Scott,\u00a0Lakehead University,\u00a0Canada<br \/>Syed Ziaur\u00a0Rahman,\u00a0Majan University College,\u00a0Oman<br \/>Tatjana\u00a0Portnova,\u00a0Russian Center of the University of Granada,\u00a0Spain<br \/>Temenujka\u00a0Zafirova Malcheva,\u00a0Sofia University &#8220;st. Kliment Ohridski&#8221;,\u00a0Bulgaria<br \/>Tena Velki, Josip Juraj Strossmayer University of Osijek, Croatia \u00a0<br \/>Tricia\u00a0Hudson Matthew,\u00a0Metropolitan State University of Denver,\u00a0USA<br \/>Valentina\u00a0Vezzani,\u00a0University of Madeira,\u00a0Portugal<br \/>Vashti\u00a0Singh,\u00a0University of Guyana,\u00a0Guyana<br \/>Vassilios\u00a0Argyropoulos,\u00a0University of Thessaly,\u00a0Greece<br \/>Ver\u00f3nica Mar\u00edn D\u00edaz,\u00a0University of Cordoba,\u00a0Spain\u00a0<br \/>Veronica\u00a0Violant Holz,\u00a0University of Barcelona,\u00a0Spain<br \/>Ver\u00f3nica\u00a0Yanez-Monje,\u00a0Universidad of Concepcion,\u00a0Chile \u00a0<br \/>Vesna\u00a0Dimitrova,\u00a0Ss. Cyril and Methodius University in Skopje,\u00a0Macedonia<br \/>Victor Fester, University of Waikato, New Zealand<br \/>Viorel Dorgan, Dun\u0103rea de Jos University of Galati, Romania\u00a0<br \/>Wendy\u00a0Setlalentoa,\u00a0Central University of Technology,\u00a0South Africa<br \/>Wiktor\u00a0Bolkunow,\u00a0Warsaw School of Economics,\u00a0Poland<br \/>X\u00e9nia\u00a0Liashuk,\u00a0Trnava University,\u00a0Slovakia<br \/>Zolt\u00e1n R\u00f3nay, E\u00f6tv\u00f6s Lor\u00e1nd University, Hungary<\/p>\n<div class=\"entry-content\">\u00a0<\/div>\n<footer class=\"entry-meta\"><\/footer>\n\n\n<p><\/p>\n","protected":false},"excerpt":{"rendered":"<p>Conference and Program Chair Mafalda Carmo,World Institute for Advanced Research and Science (WIARS), Portugal International Scientific CommitteeAaron R.\u00a0Deris,\u00a0Minnesota State University,\u00a0USA\u00a0Adanela\u00a0Musaraj,\u00a0Indiana Tech,\u00a0USA\u00a0Adel\u00a0Jebali,\u00a0Concordia University,\u00a0CanadaAdri\u00e1n\u00a0Ponz Miranda,\u00a0Zaragoza University,\u00a0SpainAhmet\u00a0Ok,\u00a0Middle East Technical University,\u00a0TurkeyAlan\u00a0Singer,\u00a0Hofstra University,\u00a0USA \u00a0Ali Ahmad\u00a0Al-barakat,\u00a0University of Sharjah,\u00a0United Arab EmiratesAna\u00a0Conboy,\u00a0College of Saint Benedict and Saint Johns University,\u00a0USAAna-Maria Bercu, Alexandru Ioan Cuza University of Iasi, Romania\u00a0Anca\u00a0Draghici,\u00a0Politehnica University of Timisoara,\u00a0RomaniaAndis\u00a0Klegeris,\u00a0University of British Columbia [&hellip;]<\/p>\n","protected":false},"author":1,"featured_media":0,"parent":0,"menu_order":0,"comment_status":"closed","ping_status":"closed","template":"","meta":{"jetpack_post_was_ever_published":false,"footnotes":""},"class_list":["post-36","page","type-page","status-publish","hentry"],"jetpack_sharing_enabled":true,"jetpack_likes_enabled":true,"jetpack_shortlink":"https:\/\/wp.me\/PefuXO-A","_links":{"self":[{"href":"https:\/\/end-educationconference.org\/2024\/wp-json\/wp\/v2\/pages\/36","targetHints":{"allow":["GET"]}}],"collection":[{"href":"https:\/\/end-educationconference.org\/2024\/wp-json\/wp\/v2\/pages"}],"about":[{"href":"https:\/\/end-educationconference.org\/2024\/wp-json\/wp\/v2\/types\/page"}],"author":[{"embeddable":true,"href":"https:\/\/end-educationconference.org\/2024\/wp-json\/wp\/v2\/users\/1"}],"replies":[{"embeddable":true,"href":"https:\/\/end-educationconference.org\/2024\/wp-json\/wp\/v2\/comments?post=36"}],"version-history":[{"count":320,"href":"https:\/\/end-educationconference.org\/2024\/wp-json\/wp\/v2\/pages\/36\/revisions"}],"predecessor-version":[{"id":32220,"href":"https:\/\/end-educationconference.org\/2024\/wp-json\/wp\/v2\/pages\/36\/revisions\/32220"}],"wp:attachment":[{"href":"https:\/\/end-educationconference.org\/2024\/wp-json\/wp\/v2\/media?parent=36"}],"curies":[{"name":"wp","href":"https:\/\/api.w.org\/{rel}","templated":true}]}}