{"id":5148,"date":"2018-02-27T16:30:24","date_gmt":"2018-02-27T16:30:24","guid":{"rendered":"http:\/\/end-educationconference.org\/?page_id=5148"},"modified":"2023-09-22T12:30:42","modified_gmt":"2023-09-22T12:30:42","slug":"practical-information","status":"publish","type":"page","link":"https:\/\/end-educationconference.org\/2024\/practical-information\/","title":{"rendered":"Practical Information"},"content":{"rendered":"<p style=\"text-align: justify;\">Porto is one of Europe\u2019s oldest tourist destinations. The city unfolds along the river bank and the sea shore, to reveal charming views, inviting esplanades, and all the pleasures of the outdoors, framed by its green spaces. But setting out to discover Porto means bumping into surprise after surprise. Whilst maintaining its welcoming and conservative nature, the city is, at the same time, contemporary and creative. This can be seen in its streets, its architecture, its museums, its leisure spaces, its esplanades, and its shopping areas which run from the traditional to the modern and exclusive. Porto\u2019s Historical Centre was designated World Cultural Heritage in 1996 and its natural setting and its meandering streets give it a unique charm.<\/p>\n<h5 style=\"text-align: justify;\"><b>Language<\/b><\/h5>\n<p style=\"text-align: justify;\">Although the official language is Portuguese, English, and French are two other languages \u200b\u200boften spoken in Porto.<\/p>\n<h5 style=\"text-align: justify;\"><b>Currency<\/b><\/h5>\n<p style=\"text-align: justify;\">As a member of the European Monetary System, the accepted currency is the Euro (\u20ac).<\/p>\n<h5 style=\"text-align: justify;\"><b>Time Zone<\/b><\/h5>\n<p style=\"text-align: justify;\">The official time in Portugal is the Greenwich Meridian.<\/p>\n<h5 style=\"text-align: justify;\"><b>Electric Current<\/b><\/h5>\n<p style=\"text-align: justify;\">European plugs are used with 2 pins with 220 volts AC at 50 cycles. Portugal uses the Europlug (CEE 7\/16). This is the plug used in most other European countries. Visitors from outside Europe will also need the appropriate adapters to use their electrical appliances in Porto.<\/p>\n<h5 style=\"text-align: justify;\"><b>Climate<\/b><\/h5>\n<p style=\"text-align: justify;\">Porto has a maritime climate and can be generally deemed an all-season tourist destination, given air temperatures and other climatic parameters rarely reach extreme values. Porto receives warm and dry summers and mild and rainy winters. The website of the Portuguese Meteorological Service is:\u00a0<a href=\"https:\/\/www.ipma.pt\/en\/index.html\" target=\"_blank\" rel=\"noopener\">https:\/\/www.ipma.pt\/en\/index.html<\/a><\/p>\n<h5 style=\"text-align: justify;\"><b>Public Transportation<\/b><\/h5>\n<p style=\"text-align: justify;\"><b>\u2013 Metro<br \/>\n<\/b>The metro in Porto is the best, easiest, and most common way to travel. It covers most of the city both under and overground, all the way to the surrounding suburbs. Trains run from 6 AM to 1 AM, and stations are marked with a wavy blue \u201cM\u201d. Tickets (or in Porto\u2019s case, cards) are bought at vending machines and must be validated before you board the train, even every time you switch lines. The very first time you use the metro when you arrive in Porto you must purchase the metro card called \u201cCart\u00e3o Andante\u201d at those vending machines. That card is your ticket that is recharged at those same vending machines in future journeys. Visit <a href=\"https:\/\/en.metrodoporto.pt\/\" target=\"_blank\" rel=\"noopener\">https:\/\/en.metrodoporto.pt\/<\/a>\u00a0for the map of the network and additional information.<\/p>\n<p style=\"text-align: justify;\"><b>\u2013<\/b>\u00a0<b>Buses<br \/>\n<\/b>Porto has an excellent and extensive bus service (called STCP) that operates from 6 AM to 9 PM. After 9 PM the service is less frequent and after 1 AM it is reduced to the principal routes. You may purchase tickets from the driver, which must then be validated on the machine behind him or her. Buses show their number and final destination on the front, as do the bus stops, where there are also details of the routes. <a href=\"http:\/\/www.stcp.pt\/en\/travel\/\" target=\"_blank\" rel=\"noopener\">http:\/\/www.stcp.pt\/en\/travel\/<\/a>\u00a0is the website for Porto bus information.<\/p>\n<p style=\"text-align: justify;\"><b>\u2013<\/b>\u00a0<b>Trams<br \/>\n<\/b>There are two short tram routes still in operation in Porto, No. 1 and No. 18. No.1 is a pleasant ride, as it goes through the riverfront all the way to Foz. Tickets are bought from the driver.<\/p>\n<p style=\"text-align: justify;\"><b>\u2013 Taxis<br \/>\n<\/b>Taxis in Portugal are inexpensive when compared to the rest of Europe. Most are beige, but there are also some older black and green ones. There are taxi stands by most of the main squares in Porto, or you may call the following numbers to have one pick you up at a certain location at a scheduled time:<br \/>\n\u2013 Raditaxis: +351 225 073 900<br \/>\n\u2013 Taxis Invicta: +351 225 076 400<br \/>\n\u2013 Taxis Unidos: + 351 225 029 898<\/p>\n<h5 style=\"text-align: justify;\"><b>Entertainment<\/b><\/h5>\n<p style=\"text-align: justify;\">Porto is a relaxed, artful city. With its dramatically hilly location on the Atlantic coast, Portugal\u2019s second city \u2013 best known as the historic home of port wine \u2013 has plenty it could shout about, not least an unrelentingly pretty old town with characterful winding streets, tiled churches, and World Heritage-protected status. Porto is one of the oldest cities in the country. Take the tram to the mouth of the river Douro and get to know the excellent beaches and the outdoor caf\u00e9s, visit admiring churches and monuments and encounter the non-conformist modernism of the new contemporary buildings of architects like Siza Vieira, Souto Moura, or Rem Koolhaas. Take the opportunity to admire the six bridges of the city, visit the Port Wine cellars and taste this characteristic wine in a cosy and refined atmosphere. Besides history and culture, Porto is also leisure, fun, and nightlife. The famous streets around the Galeria de Paris Street, the caf\u00e9s and its terraces, the Miguel Bombarda area, or the commercial Sta Catarina Street are reference points in arts, in culture, but also in leisure and shopping. Dont miss the Casa da Musica, the Historical Centre and the Ribeira Square, the Lello Bookshop, the Caf\u00e9 Majestic, the Port Wine Cellars and the Monastery of Nossa Senhora do Pilar, the Guindais Funicular, Miguel Bombarda Street, Galeria de Paris Street, C\u00e2ndido dos Reis Street, Serralves House, and Museum of Modern Art, the S\u00e3o Bento Train station, the Cathedral, the Cl\u00e9rigos Tower. And, of course, the contagious joy of the popular festivities, the excellent gastronomy, and the wine.<\/p>\n<h5 style=\"text-align: justify;\"><b>Exchange<\/b><\/h5>\n<p style=\"text-align: justify;\">Major credit cards are accepted in most hotels, shops, and restaurants. Travellers&#8217; cheques and currency can be changed at hotels or at a bank \u2013 these are open Monday to Friday from 08h30 to 15h00. Automatic changing and ATMs linked to international networks are also widely available.<\/p>\n<h5 style=\"text-align: justify;\"><b>Health Requirements<\/b><\/h5>\n<p style=\"text-align: justify;\">In fact, there are no special health requirements, with the exception of vaccination certificates for persons coming from areas where yellow fever is endemic.<\/p>\n<h5 style=\"text-align: justify;\"><b>Meals<\/b><\/h5>\n<p style=\"text-align: justify;\">There are a wide variety of restaurants and caf\u00e9s in Porto ranging from elegant and sophisticated to casual and inexpensive. Take-away and fast food are also available from many outlets. Restaurants, bars, some with live music, and discos, can be found in this link\u00a0<a href=\"http:\/\/www.lonelyplanet.com\/portugal\/the-north\/porto\/things-to-do\/top-things-to-do-in-porto\" target=\"_blank\" rel=\"noopener\">http:\/\/www.lonelyplanet.com\/portugal\/the-north\/porto\/things-to-do\/top-things-to-do-in-porto<\/a>. Breakfast is normally served between 07.30 and 10.00 hrs, lunch from 12.30 to 15.00 hrs, and dinner from 19.30 to 22.00 hrs.<\/p>\n<h5 style=\"text-align: justify;\"><b>Medical Care<\/b><\/h5>\n<p style=\"text-align: justify;\">Clinics and hospitals provide round-the-clock emergency services. The national emergency phone number is 112. Hotels have a doctor on call through reception. Reciprocal E.C. cover is available in outpatient departments, otherwise, private consultation fees are charged.<\/p>\n<h5 style=\"text-align: justify;\"><b>Smoking<\/b><\/h5>\n<p style=\"text-align: justify;\">Smoking is forbidden by law in public transportation and in closed public areas.<\/p>\n<h5 style=\"text-align: justify;\"><b>Tipping<\/b><\/h5>\n<p style=\"text-align: justify;\">Tipping is optional, but normally 10% is customary in taxis, restaurants, and bars.<\/p>\n<h5 style=\"text-align: justify;\"><b>Sales Tax<\/b><\/h5>\n<p style=\"text-align: justify;\">Sales tax (VAT) is included in the prices quoted. For non-E.U. residents, tax-free shopping schemes are available in many shops, which give substantial savings to visitors.<\/p>\n<h5 style=\"text-align: justify;\"><b>Security<\/b><\/h5>\n<p style=\"text-align: justify;\">Crime rates in Portugal are among the lowest in the world. Hotels have their own security staff, which is sufficient for most events. Specialist firms are also available if necessary, and the police provide special protection for visiting dignitaries and high-risk individuals.<\/p>\n<p style=\"text-align: justify;\"><strong>Important Phone Numbers:<br \/>\n<\/strong>Telephone access code: Portugal + 351<br \/>\nEmergency (Police, Ambulance, Fire Service): 112<br \/>\nTourism Police: +351 222 081 833<br \/>\nDr. Francisco S\u00e1 Carneiro Airport: +351 229 432 400<br \/>\nTourism Office: +351 223 393 472<br \/>\nDirectory Enquiries: 118<br \/>\nInternational Directory Inquiries: 177<br \/>\nLost Credit Cards (VISA\/MasterCard): 800 811 272<br \/>\nInternational Operator: 179<br \/>\nOperator Assisted International Calls: 171<\/p>\n<h5 style=\"text-align: justify;\"><strong>Porto Tourism<\/strong><\/h5>\n<p style=\"text-align: justify;\">For further information about the city of Porto, please visit the website\u00a0<a href=\"http:\/\/visitportoandnorth.travel\/\" target=\"_blank\" rel=\"noopener\">Visit Porto &amp; the North<\/a>.<\/p>\n","protected":false},"excerpt":{"rendered":"<p>Porto is one of Europe\u2019s oldest tourist destinations. The city unfolds along the river bank and the sea shore, to reveal charming views, inviting esplanades, and all the pleasures of the outdoors, framed by its green spaces. But setting out to discover Porto means bumping into surprise after surprise. Whilst maintaining its welcoming and conservative [&hellip;]<\/p>\n","protected":false},"author":1,"featured_media":0,"parent":0,"menu_order":0,"comment_status":"closed","ping_status":"closed","template":"","meta":{"jetpack_post_was_ever_published":false,"footnotes":""},"class_list":["post-5148","page","type-page","status-publish","hentry"],"jetpack_sharing_enabled":true,"jetpack_likes_enabled":true,"jetpack_shortlink":"https:\/\/wp.me\/PefuXO-1l2","_links":{"self":[{"href":"https:\/\/end-educationconference.org\/2024\/wp-json\/wp\/v2\/pages\/5148","targetHints":{"allow":["GET"]}}],"collection":[{"href":"https:\/\/end-educationconference.org\/2024\/wp-json\/wp\/v2\/pages"}],"about":[{"href":"https:\/\/end-educationconference.org\/2024\/wp-json\/wp\/v2\/types\/page"}],"author":[{"embeddable":true,"href":"https:\/\/end-educationconference.org\/2024\/wp-json\/wp\/v2\/users\/1"}],"replies":[{"embeddable":true,"href":"https:\/\/end-educationconference.org\/2024\/wp-json\/wp\/v2\/comments?post=5148"}],"version-history":[{"count":25,"href":"https:\/\/end-educationconference.org\/2024\/wp-json\/wp\/v2\/pages\/5148\/revisions"}],"predecessor-version":[{"id":22714,"href":"https:\/\/end-educationconference.org\/2024\/wp-json\/wp\/v2\/pages\/5148\/revisions\/22714"}],"wp:attachment":[{"href":"https:\/\/end-educationconference.org\/2024\/wp-json\/wp\/v2\/media?parent=5148"}],"curies":[{"name":"wp","href":"https:\/\/api.w.org\/{rel}","templated":true}]}}