{"id":36,"date":"2014-07-22T17:11:55","date_gmt":"2014-07-22T17:11:55","guid":{"rendered":"http:\/\/end-educationconference.org\/?page_id=36"},"modified":"2025-06-02T17:04:18","modified_gmt":"2025-06-02T17:04:18","slug":"scientific-committee","status":"publish","type":"page","link":"https:\/\/end-educationconference.org\/2025\/scientific-committee\/","title":{"rendered":"Scientific Committee"},"content":{"rendered":"\n<p class=\"has-text-align-left\"><strong><span style=\"color: #ff6600;\">Conference and Program Chair<\/span><\/strong><\/p>\n\n\n\n<p class=\"has-text-align-left\">Mafalda Carmo,<br>World Institute for Advanced Research and Science (WIARS), Portugal<\/p>\n\n\n\n<p class=\"has-text-align-left\"><strong><span style=\"color: #ff6600;\">International Scientific Committee<br><\/span><\/strong><br>Aaron R. Deris, Minnesota State University, USA<br>Abha Gupta, Old Dominion University, USA<br>Adanela Musaraj, Indiana Tech, USA<br>Adel Jebali, Concordia University, Canada<br>Adrian Ponz Miranda, Zaragoza University, Spain<br>Ahmet Ok, Middle East Technical University, Turkey<br>Alan Singer, Hofstra University, USA<br>Ali Ahmad Al-Barakat, University of Sharjah, United Arab Emirates<br>Ana Conboy, College of Saint Benedict and Saint Johns University, USA<br>Ana Elizabeth Hern\u00e1ndez Espino, National University of Entre R\u00edos, Argentina<br>Ana Pongrac Pavlina, University of Zagreb, Croatia<br>Ana-Maria Bercu, Alexandru Ioan Cuza University of Iasi, Romania<br>Andis Klegeris, University of British Columbia Okanagan, Canada<br>Andrea\u00a0Bencsik,\u00a0University of Pannonia Veszprem,\u00a0Hungary<br>Andrea\u00a0Fiorucci,\u00a0University of Salento,\u00a0Italy<br>Andreas\u00a0Zehetner,\u00a0University of Applied Sciences Upper Austria,\u00a0Austria<br>Andrei\u00a0Nastas,\u00a0Lower Danube University,\u00a0Romania<br>Angela Piu, University of Valle D\u2019 Aosta, Italy<br>Angelica-Lizeth Sanchez-Lopez,\u00a0Tecnol\u00f3gico de Monterrey,\u00a0Mexico\u00a0<br>Anja Mar\u00eda\u00a0Mackeldey,\u00a0Colegio Alem\u00e1n Medell\u00edn \/ Universidad de Antioquia,\u00a0Colombia<br>Antoni Kolek, Kozminski University , Poland<br>Antonija Huljev, University of Osijek, Croatia<br>Aphrodite Ktena, National and Kapodistrian University of Athens, Greece<br>Asta Vaitkevi\u010dien\u0117, Vilnius University, Lithuania<br>Aurelija Dauksaite-Kolpakoviene, Vytautas Magnus University, Lithuania<br>Barba Aldis Patton, University of Houston-Victoria, USA<br>Beata\u00a0Maslanka-Wieczorek,\u00a0Polish-Japanese Academy of Information Technology,\u00a0Poland<br>Beatriz\u00a0Carrasquer Alvarez,\u00a0Zaragoza University,\u00a0Spain<br>Begona Sampedro, Univesity of Cordoba, Spain<br>Binshan Lin, Louisiana State University Shreveport, USA<br>Birgit\u00a0Schmiedl,\u00a0University College of Teacher Education Lower Austria,\u00a0Austria<br>Bojana\u00a0Culum Ilic,\u00a0University of Rijeka,\u00a0Croatia<br>Borislava\u00a0Kirilova,\u00a0Sofia University,\u00a0Bulgaria<br>Borja Manzano V\u00e1zquez, University of Granada, Spain<br>Burcu Koc, Sakarya University, Turkey<br>Carola\u00a0Hernandez,\u00a0Universidad de los Andes,\u00a0Colombia<br>Carolina Bodea Hategan, Babes-bolyai University, Romania<br>Celina da Silva, York University, Canada<br>Cezar Scarlat, University \u201cPolitehnica\u201d of Bucharest, Romania<br>Chantal Ouellet, Universite du Quebec a Montreal, Canada<br>Charalampos Karagiannidis, University of Thessaly, Greece<br>Chiara Uliana, University of Granada, Spain<br>Chien-Ming Cheng, National Academy for Educational Research, Taiwan<br>Cory A. Bennett, Idaho State University, USA<br>Cristiana\u00a0Pizarro Madureira,\u00a0ESECS &#8211; Instituto Polit\u00e9cnico de Leiria,\u00a0Portugal<br>Cristiano Luchetti, American University of Ras Al Khaimah, United Arab Emirates<br>Dale Kirby, Memorial University, Canada<br>Dalia\u00a0Hanna,\u00a0Sheridan College,\u00a0Canada<br>Damijana\u00a0Kerzic,\u00a0University of Ljubljana,\u00a0Slovenia<br>David Aparisi, University of Alicante, Spain<br>David\u00a0Cline,\u00a0Saginaw Valley State University,\u00a0USA<br>David Nocar, Palacky University Olomouc, Czech Republic<br>Diana\u00a0Straksiene,\u00a0Vilnius University, Siauliai Academy,\u00a0Lithuania<br>Diana Maria Cismaru, National University of Political Studies and Public Administration, Romania<br>Diane Boothe, Boise State University, USA<br>Dijana Drandic, Juraj Dobrila University of Pula, Croatia<br>Dijana\u00a0Ore\u0161ki,\u00a0University of Zagreb,\u00a0Croatia<br>Dimitris Kilakos, National &amp; Kapodistrian University of Athens, Greece<br>Dorina Anca Talas, Babes-Bolyai University, Romania<br>Dorota Gawryluk, Bialystok University of Technology, Poland<br>Elena Baguzina, Moscow State Institute of International Relations, Russian Federation<br>Elena Garcia Guerrero, University of Granada, Spain<br>Elena Seghedin, Alexandru Ioan Cuza University From Iasi, Romania<br>Emmanouil\u00a0Choustoulakis,\u00a0University of Peloponnese,\u00a0Greece<br>Eva Patrikakou, Depaul University, USA<br>Eva Trnov\u00e1, Masaryk University, Czech Republic<br>Evangelina Bonif\u00e1cio, Polytechnic Institute of Bragan\u00e7a, Portugal<br>Fabiana Leta, Universidade Federal Fluminense, Brazil<br>Fernando Martin Villena, Universitat Pompeu Fabra, Spain<br>Gabriella Velics, Eotvos Lorand University, Hungary<br>Georgiana Ciobotaru, Dunarea de Jos University of Galati, Romania<br>Gianluca Carella, Politecnico di Milano, Italy<br>Gibr\u00e1n Aguilar Rangel,\u00a0Autonomous University of Queretaro,\u00a0Mexico<br>Gina Aurora Necula, Dunarea de Jos University of Galati, Romania<br>Grainne Ni Dhomhnaill, University College Dublin, Ireland<br>Gyongyi Bujdoso, University of Debrecen, Hungary<br>Hana Vancova, Trnava University, Slovakia<br>Hashini\u00a0Mohottala,\u00a0University of Hartford,\u00a0USA<br>H\u00e9ctor Tronchoni, Florida Universitaria in Catarroja, Spain<br>Helin Puksand, Tallinn Univesity, Estonia<br>Henri Jacobs, Central University of Technology, Free State (CUT), South Africa<br>Igor\u00a0Miladinovic,\u00a0University of Applied Sciences Campus Vienna,\u00a0Austria<br>Ilijana Cutura, University of Kragujevac, Serbia<br>Ina Blau, The Open University of Israel, Israel<br>Ioana Letitia\u00a0Serban,\u00a0Babes-Bolyai University,\u00a0Romania<br>Ioannis Makris, State Special School \/ Directorate of Secondary Education West Athens, Greece<br>Irena Petrusic, University Adriatic, Montenegro<br>Janaina Cardoso, Rio de Janeiro State University, Brazil<br>Javier Casanoves-Boix, University of Valencia, Spain<br>Jeannette Jones, Texas Lutheran University, USA<br>Jenni Sanguiliano Lonski, Rollins College, USA<br>Jitka Hlouskova, Independent Education Professional, Czech Republic<br>Joanna Paliszkiewicz, Warsaw University of Life Sciences, Poland<br>John Blake, University of Aizu, Japan<br>John\u00a0Smallwood,\u00a0Nelson Mandela University,\u00a0South Africa<br>Jorge Viguri Cordero, Universitat Jaume I, Spain<br>Jose Augusto Oliveira Huguenin, Universidade Federal Fluminense, Brazil<br>Juana M. Ortega Tudela, University of Ja\u00e9n, Spain<br>Juana Maria Sancho Gil, University of Barcelona, Spain<br>Jurgita Lenkauskait\u0117, Siauliai University, Lithuania<br>Kadi Lukanenok, Tallinn University, Estonia<br>Kalliopi Trouli, University of Crete, Greece<br>Karel N\u011bmejc, Czech University of Life Sciences Prague, Czech Republic<br>Katerina Vit\u00e1skov\u00e1, Palacky University in Olomouc, Czech Republic<br>Kavita\u00a0Karan,\u00a0Southern Illinois University Carbondale,\u00a0USA<br>Kresimir Pavlina, University of Zagreb, Croatia<br>Kyparisia Papanikolaou, School of Pedagogical and Technological Education, Greece<br>Ladario da Silva, Universidade Federal Fluminense (UFF), Brazil<br>Laura Rio, University of Bologna, Italy<br>Lee Ann Rawlins Williams,\u00a0University of North Dakota,\u00a0USA<br>Leela Ramsook, University of Trinidad and Tobago, Trinidad and Tobago<br>Lefkothea Kartasidou, University of Macedonia, Greece<br>Lefkothea-Vasiliki Andreou, University of Ioannina, Greece<br>Leila Kajee, University of Johannesburg, South Africa<br>Lela\u00a0Abdushelishvili,\u00a0International Black Sea University,\u00a0Georgia<br>Les Sztandera, Thomas Jefferson University, USA<br>Liga\u00a0Paula,\u00a0Latvia University of Life Sciences and Technologies,\u00a0Latvia<br>Lisa\u00a0Winstead,\u00a0California State University,\u00a0USA<br>Loredana\u00a0Terec-Vlad,\u00a0Stefan cel Mare University from Suceava and Lumen,\u00a0Romania<br>Loreta Chodzkiene, Vilnius University, Lithuania<br>Lucia\u00a0Dancisinova,\u00a0University of Presov,\u00a0Slovakia<br>Luis Gonzaga Roger Castillo, Universidad de Granada (UGR) \/ Centro de Estudios, Spain<br>Magdolna Chrapp\u00e1n, University of Debrecen, Hungary<br>Magne V. \u00a0Aarset,\u00a0NLA University College,\u00a0Norway<br>Maia Chkotua, International Black Sea University, Georgia<br>Maira\u00a0Lescevica,\u00a0Vidzeme University of Applied Sciences,\u00a0Latvia<br>Maja Kerneza, University of Maribor, Slovenia<br>Malgorzata Cieciora, Polish-Japanese Academy of Information Technology, Poland<br>Manfred Meyer, Westfalische Hochschule, Germany<br>Manuel Fern\u00e1ndez-Alc\u00e1ntara, University of Alicante, Spain<br>Marcin Fojcik, Western Norway University of Applied Sciences, Norway<br>Maria\u00a0Gonzalez Alriols,\u00a0University of the Basque Country,\u00a0Spain<br>Maria Lopes de Azevedo, Polytechnic Institute of Portalegre, Portugal<br>Maria\u00a0Orfila,\u00a0Rey Juan Carlos University,\u00a0Spain<br>Maria Carme Boqu\u00e9 Torremorell, Ramon Llull University, Spain<br>Mar\u00eda Jos\u00e9 Latorre, University of Granada, Spain<br>Marko Slavkovic, University of Kragujevac, Serbia<br>Marta Talavera, University of Valencia, Spain<br>Marzena\u00a0Wojcik-Augustyniak,\u00a0University of Siedlce,\u00a0Poland<br>Matthias Baume, Technical University of Munich, Germany<br>Mayara de Carvalho Santos, State University of Campinas, Brazil<br>Melissa Caspary, Georgia Gwinnett College, USA<br>Michael Reiner, IMC University of Applied Sciences Krems, Austria<br>Michael Wagner, Drexel University, USA<br>Michail Kalogiannakis, University of Thessaly, Greece<br>Mike Green, University of Kent, United Kingdom<br>Milan Kubiatko, J. E. Purkyne University, Czech Republic<br>Mohammad Ahmad Abdeldayem, Zagazig University, Egypt<br>Monica Maier, Technical University of Cluj-napoca, Romania<br>Monika Mladenovic, University of Split, Croatia<br>Nadja\u00a0Cekolj,\u00a0University of Rijeka,\u00a0Croatia<br>Napak-On Sritrakarn, Acknowledge Education, Australia<br>Natalia Casado, University King Juan Carlos, Spain<br>Natalie Lavoie, University of Quebec in Rimousk, Canada<br>Natasa Vlah, University of Rijeka, Croatia<br>Nazario Zambaldi, Free University of Bolzano, Italy<br>Ned\u00a0Ladd,\u00a0Bucknell University,\u00a0USA<br>Nicol\u00e1s Ruiz-Robledillo, University of Alicante, Spain<br>Noam\u00a0Topelberg,\u00a0Bar Ilan University,\u00a0Israel<br>Nora\u00a0Gavira-Dur\u00f3n,\u00a0Universidad de las Americas Puebla,\u00a0Mexico<br>Olga Dorul, Dunarea De Jos University of Galati, Romania<br>Omid Noroozi, Wageningen University &amp; Research, The Netherlands<br>Onur Erg\u00fcnay, Izmir Democracy University, Turkey<br>Patrik Schulcz, Esade Business School (Ramon Llull University), Spain<br>Pavel Brebera, University of Pardubice, Czech Republic<br>Pavlina Rackova, University of Defence, Czech Republic<br>Pawel Pokutycki, Royal Academy of Art (KABK), The Hague, The Netherlands<br>Petros Kefalas, University of York Europe Campus, Greece<br>Pule Phindane, Central University of Technology, South Africa<br>Raluca Trifu, UMF Iuli Hatieganu from Cluj Napoca, Romania<br>Rasa Nedzinskaite-Maciuniene, Vytautas Magnus University, Lithuania<br>Remigijus Bubnys, Kaunas University of Technology, Lithuania<br>Richard C. Kalunga, University of the District of Columbia, USA<br>Ronghuai Huang, Institute of Beijing Normal University, China<br>Rosanna Tammaro, University of Salerno, Italy<br>Rusul\u00a0Alabada,\u00a0Al-Muthanna University,\u00a0Iraq<br>R\u00fat Lenkov\u00e1, University of Presov, Slovakia<br>Ryuichi Matsuba, Kumamoto University, Japan<br>Sam Ramaila, University of Johannesburg, South Africa<br>Seppo Sirkemaa, University of Turku, Finland<br>Sercan\u00a0Saglam,\u00a0American University of the Middle East,\u00a0Kuwait<br>Shin Lan, School of Education, Shanghai Normal University, China<br>Si Xiao,Columbia University, USA<br>Sigrid\u00a0Schefer-Wenzl,\u00a0University of Applied Sciences Campus Vienna,\u00a0Austria<br>Silvania Alves de Carvalho, Universidade Federal Fluminense, Brazil<br>Silvia Doncevova, Comenius University in Bratislava, Slovakia<br>Silvia\u00a0Pokrivcakova,\u00a0Trnava University,\u00a0Slovakia<br>Simon Richir, Arts et Metiers (ENSAM), France<br>Simone Brasili, University of Camerino, Italy<br>Sinan Olkun, Ankara University, Turkey<br>Sonia\u00a0Morante-Zarcero,\u00a0Rey Juan Carlos University,\u00a0Spain<br>Stamatis Papadakis, University of Crete, Greece<br>Stathis\u00a0Konstantinidis,\u00a0University of Nottingham,\u00a0UK<br>Stefan\u00a0Kubica,\u00a0Technical University of Applied Sciences Wildau,\u00a0Germany<br>Stefania Pinnelli, University of Salento, Italy<br>Stephanie Linek, ZBW \u2013 Leibniz Information Centre for Economics, Germany<br>Susan Scott, Lakehead University, Canada<br>Susanne Schumacher, Free University of Bozen, Italy<br>Suzie Savvidou, The University of Sheffield International Faculty, Greece<br>Syed Ziaur Rahman, University of Kalba, United Arab Emirates<br>Taina\u00a0Lintil\u00e4,\u00a0Haaga-helia University of Applied Sciences,\u00a0Finland<br>Tatjana Portnova, Russian Center of the University of Granada, Spain<br>Temenujka Zafirova Malcheva, Sofia University, Bulgaria<br>Tena Velki, Josip Juraj Strossmayer University of Osijek, Croatia<br>Tricia Hudson Matthew, Metropolitan State University of Denver, USA<br>Turan\u00a0Paker,\u00a0Pamukkale University,\u00a0Turkey<br>Valeria\u00a0Di Martino,\u00a0University of Palermo,\u00a0Italy<br>Vashti Singh, University of Guyana, Guyana<br>Veronica Marin Diaz, University of Cordoba, Spain<br>Veronica Violant Holz, University of Barcelona, Spain<br>Ver\u00f3nica Yanez- Monje, Universidad of Concepcion, Chile<br>Victor Fester, University of Waikato, New Zealand<br>Wendy Setlalentoa, Central University of Technology, South Africa<br>Wiktor Bolkunow, Warsaw School of Economics, Poland<br>Wilton Jos\u00e9 Diolindo Nascimento J\u00fanior, University of Campinas, Brazil<br>X\u00e9nia Liashuk, Trnava University, Slovakia<br>Xiaoyuan Suo, Webster University, USA<br>Xiaozhu\u00a0Lin,\u00a0Politecnico di Milano,\u00a0Italy<br>Yevgeniya\u00a0Daineko,\u00a0International It University ,\u00a0Kazakhstan<br>Youngsoon Kim, Inha University, South Korea<br>Zolt\u00e1n R\u00f3nay, Eotvos Lor\u00e1nd University, Hungary<\/p>\n","protected":false},"excerpt":{"rendered":"<p>Conference and Program Chair Mafalda Carmo,World Institute for Advanced Research and Science (WIARS), Portugal International Scientific CommitteeAaron R. Deris, Minnesota State University, USAAbha Gupta, Old Dominion University, USAAdanela Musaraj, Indiana Tech, USAAdel Jebali, Concordia University, CanadaAdrian Ponz Miranda, Zaragoza University, SpainAhmet Ok, Middle East Technical University, TurkeyAlan Singer, Hofstra University, USAAli Ahmad Al-Barakat, University of [&hellip;]<\/p>\n","protected":false},"author":1,"featured_media":0,"parent":0,"menu_order":0,"comment_status":"closed","ping_status":"closed","template":"","meta":{"jetpack_post_was_ever_published":false,"footnotes":""},"class_list":["post-36","page","type-page","status-publish","hentry"],"jetpack_sharing_enabled":true,"jetpack_likes_enabled":true,"jetpack_shortlink":"https:\/\/wp.me\/PefuXO-A","_links":{"self":[{"href":"https:\/\/end-educationconference.org\/2025\/wp-json\/wp\/v2\/pages\/36","targetHints":{"allow":["GET"]}}],"collection":[{"href":"https:\/\/end-educationconference.org\/2025\/wp-json\/wp\/v2\/pages"}],"about":[{"href":"https:\/\/end-educationconference.org\/2025\/wp-json\/wp\/v2\/types\/page"}],"author":[{"embeddable":true,"href":"https:\/\/end-educationconference.org\/2025\/wp-json\/wp\/v2\/users\/1"}],"replies":[{"embeddable":true,"href":"https:\/\/end-educationconference.org\/2025\/wp-json\/wp\/v2\/comments?post=36"}],"version-history":[{"count":384,"href":"https:\/\/end-educationconference.org\/2025\/wp-json\/wp\/v2\/pages\/36\/revisions"}],"predecessor-version":[{"id":36244,"href":"https:\/\/end-educationconference.org\/2025\/wp-json\/wp\/v2\/pages\/36\/revisions\/36244"}],"wp:attachment":[{"href":"https:\/\/end-educationconference.org\/2025\/wp-json\/wp\/v2\/media?parent=36"}],"curies":[{"name":"wp","href":"https:\/\/api.w.org\/{rel}","templated":true}]}}