{"id":42,"date":"2014-07-22T17:12:38","date_gmt":"2014-07-22T17:12:38","guid":{"rendered":"http:\/\/end-educationconference.org\/?page_id=42"},"modified":"2024-12-16T11:56:15","modified_gmt":"2024-12-16T11:56:15","slug":"venuehotel-information","status":"publish","type":"page","link":"https:\/\/end-educationconference.org\/2025\/venuehotel-information\/","title":{"rendered":"Venue\/Hotel Information"},"content":{"rendered":"\n<p>END 2025 will take place in hotel <strong><u>Danubius Hotel Helia, Budapest.<\/u><\/strong> It is located in Budapest\u2019s dynamic 8th district, on the bank of the Danube. The city centre is just 15 minutes away.&nbsp;Situated on the Pest side of the city, this 4 star hotel offers spectacular views of the Danube River and the urban landscape. Not only this hotel offers a variety of comfortable and well-equipped rooms and suites, but also features an extensive wellness and leisure facilities, namely spa, fitness center, and indoor swimming pool.<\/p>\n\n\n<div class=\"wp-block-image\">\n<figure class=\"aligncenter\"><img decoding=\"async\" src=\"https:\/\/inpact-psychologyconference.org\/wp-content\/uploads\/2024\/09\/helia_885x480.avif\" alt=\"\" class=\"wp-image-37356\"\/><\/figure>\n<\/div>\n\n\n<p><\/p>\n\n\n\n<p class=\"has-text-align-center\"><strong>How to reserve a room:<\/strong><\/p>\n\n\n\n<p><strong>To make your reservation directly with the hotel, please access<a href=\"https:\/\/www.danubiushotels.com\/en\/end-2025\" target=\"_blank\" rel=\"noreferrer noopener\"> here<\/a>.<\/strong><\/p>\n\n\n\n<p><strong>Prices per night:<\/strong><br><strong>Premium Double Room with City View: 1 pax \u2013 168 EUR* \/ 2 pax \u2013 188 EUR*<br>Premium Twin Room with City View: 1 pax \u2013 168 EUR* \/ 2 pax \u2013 188 EUR*<\/strong><\/p>\n\n\n\n<p><strong>*Note: <\/strong>Rate includes accommodation, buffet breakfast, Wifi, use of the fitness gym, the hotel sauna and swimming pool and applicable taxes.<\/p>\n\n\n\n<p><strong>Cancellations Policy: <\/strong>The booking cannot be cancelled or modified without penalty. Cancellation penalty: 100% of the reservation amount.<\/p>\n\n\n\n<p class=\"has-text-align-center\"><strong>Hotel Address and Map:<\/strong><\/p>\n\n\n\n<p class=\"has-text-align-center\">Danubius Hotel Helia,<br>K\u00e1rp\u00e1t u. 62-64<br>1133 Budapest, Hungary<\/p>\n\n\n\n<p class=\"has-text-align-center\"><iframe loading=\"lazy\" style=\"border: 0;\" src=\"https:\/\/www.google.com\/maps\/embed?pb=!1m14!1m8!1m3!1d336.77333072757347!2d19.055151585142116!3d47.52522913650074!3m2!1i1024!2i768!4f13.1!3m3!1m2!1s0x4741dbf08ac7204b%3A0x2ab72353d08ffad5!2sDanubius%20Hotel%20Helia!5e0!3m2!1spt-PT!2spt!4v1726498294066!5m2!1spt-PT!2spt\" width=\"600\" height=\"450\" allowfullscreen=\"allowfullscreen\" data-mce-fragment=\"1\"><\/iframe><\/p>\n\n\n\n<p><\/p>\n\n\n\n<p><strong>&nbsp;<\/strong><\/p>\n\n\n\n<p><strong>&nbsp;<\/strong><strong>How to get to conference venue from the airport<\/strong><\/p>\n\n\n\n<p><strong>&nbsp;<\/strong>These are a few options how to get to the conference hotel departing from the airport:<\/p>\n\n\n\n<p><strong>\u2013 By metro:<\/strong><\/p>\n\n\n\n<p><strong>First you need to take bus&nbsp;200E&nbsp;from the airport to the&nbsp;<\/strong>K\u0151b\u00e1nya-Kispest&nbsp;<strong>Metro Station (this is the final stop for bus 200E). From&nbsp;<\/strong>K\u0151b\u00e1nya-Kispest metro station, take Metro Line 3 (Blue Line) towards \u00dajpest K\u00f6zpont. Ride the metro until you reach the station \u201cD\u00f3zsa Gy\u00f6rgy \u00fat.\u201d, which is relatively close to Danubius Hotel Helia. From the metro station it\u2019s a short walk to Danubius Hotel Helia (650m).<br>Alternatively, you could take bus&nbsp;<strong>100E<\/strong>&nbsp;from the airport to De\u00e1k Ferenc t\u00e9r. This is a direct bus line connecting the airport to the city center. At De\u00e1k Ferenc t\u00e9r., transfer to Metro Line 3 (Blue Line) and the rest of the trajectory is the same as mentioned above.<\/p>\n\n\n\n<p><strong>\u2013 By bus:<\/strong><\/p>\n\n\n\n<p>Take bus <strong>100E<\/strong> towards De\u00e1k Ferenc t\u00e9r M (terminal) and exit in K\u00e1lvin T\u00e9r M bus stop. At K\u00e1lvin T\u00e9r M, transfer to bus line 15 towards Gy\u00f6ngy\u00f6si utca M and exit at Dr\u00e1va utca bus stop. From the bus stop it\u2019s a short walk to Danubius Hotel Helia (230m). Bus stop Dr\u00e1va utca \u2013 lines 15\/115<\/p>\n\n\n\n<p>The buses operate every 6-10 minutes during the day, every 10-15 minutes in the morning and evening, and every 20-40 minutes on average at night.Please always check the up-to-date schedules and routes on the official website of the Budapest Public Transportation Company (BKK) \u2013&nbsp;<a href=\"https:\/\/bkk.hu\/en\/\">https:\/\/bkk.hu\/en\/<\/a><\/p>\n\n\n\n<p><strong>\u2013 By train:<\/strong><\/p>\n\n\n\n<p><strong>Take bus 200E towards&nbsp;<\/strong>K\u0151b\u00e1nya-Kispest M until you reach Ferihegy Vas\u00fat\u00e1llom\u00e1s. At Ferihegy Vas\u00fat\u00e1llom\u00e1s change station and take the train line RE towards BUDAPEST-NYUGATI in Ferihegy until you reach<br>Budapest-Nyugati stop. Walk 130m to change to the Nyugati Railway Station (Nyugati P\u00e1lyaudvar) and take the M3 metro line towards \u00dajpest-k\u00f6zpont until D\u00f3zsa Gy\u00f6rgy \u00dat. From D\u00f3zsa Gy\u00f6rgy \u00dat it\u2019s a short walk to Danubius Hotel Helia (780m).<\/p>\n\n\n\n<p><strong>\u2013 By Taxi:<\/strong><\/p>\n\n\n\n<p>Taxi stands are located in front of both Terminal 2A and 2B. Only&nbsp;one company \u2013 <em>F\u0151taxi &#8211;<\/em> is authorized to provide taxi rides. <em>F\u0151taxi<\/em> guarantees regulated rates with prepaid tickets available at taxi stands. It transports passengers between Terminal 2 and the capital. Passengers arriving at the airport can make their reservations at the booths set up at the entrance to Terminals 2A and 2B. Taxis are readily available at the airport. A trip to the city center costs approximately HUF 10,800 (EUR 28) and takes approximately 30-40 minutes, depending on traffic.<\/p>\n\n\n\n<p>In addition to public transport, passengers can reach&nbsp;Budapest city center from the airport&nbsp;by using a shuttle service. The company&nbsp;MiniBUD&nbsp;provides a number of modern shuttle buses offering shared rides to small group of passengers&nbsp;traveling to the same area of the city. <strong>Shuttle service:&nbsp;<\/strong><a href=\"https:\/\/www.minibud.hu\/\">https:\/\/www.minibud.hu\/<\/a><\/p>\n\n\n\n<p>You can book these in advance or find them at the airport.<\/p>\n\n\n\n<p>Contact information:<br>Email:&nbsp;<a href=\"mailto:info@minibud.hu\">info@minibud.hu<\/a><br>miniBUD telephone costumer service: +36 1&nbsp;550 0000<\/p>\n\n\n\n<p><strong>If you are at downtown these are a few options to reach the conference\u2019s hotel:<\/strong><\/p>\n\n\n\n<p><strong>\u2013 By metro:<\/strong><\/p>\n\n\n\n<p><strong>Starting from&nbsp;<\/strong>De\u00e1k Ferenc t\u00e9r, a central point in Budapest. Go to the De\u00e1k Ferenc t\u00e9r Station and take the M3 metro line towards \u00dajpest-k\u00f6zpont until D\u00f3zsa Gy\u00f6rgy \u00da. From D\u00f3zsa Gy\u00f6rgy \u00dat it\u2019s a short walk to Danubius Hotel Helia (780m).<\/p>\n\n\n\n<p><strong>\u2013 By bus:<\/strong><\/p>\n\n\n\n<p><strong>Starting from&nbsp;<\/strong>De\u00e1k Ferenc t\u00e9r, a central point in Budapest. Walk to the bus stop Erzs\u00e9bet T\u00e9r and take the bus 15 towards Gy\u00f6ngy\u00f6si utca M until you reach the bus stop Dr\u00e1va Utca. From Dr\u00e1va Utca walk 340m to Danubius Hotel Helia.<\/p>\n\n\n\n<p><strong>\u2013 By car:<\/strong><\/p>\n\n\n\n<p><strong>Leaving from<\/strong>&nbsp;De\u00e1k Ferenc t\u00e9r, take Erzs\u00e9bet t\u00e9r to J\u00f3zsef Attila u. Continue on J\u00f3zsef Attila u.. Take Bajcsy-Zsilinszky \u00fat and V\u00e1ci \u00fat following straight to Victor Hugo u. Follow Victor Hugo u. and K\u00e1rp\u00e1t u. for 1.3 km to Danubius Hotel Helia.<\/p>\n\n\n\n<p><strong>Useful links:<\/strong><\/p>\n\n\n\n<p><a href=\"https:\/\/www.budapest.org\/en\/budapest-airport\/\">https:\/\/www.budapest.org\/en\/budapest-airport\/<\/a><br><a href=\"https:\/\/www.bud.hu\/en\/passengers\/transport\">https:\/\/www.bud.hu\/en\/passengers\/transport<\/a><br><a href=\"https:\/\/bkk.hu\/en\/\">https:\/\/bkk.hu\/en\/<\/a><br><a href=\"https:\/\/www.bud.hu\/en\/passengers\/transport\/public_transportation\/budapest_public_transportation\">https:\/\/www.bud.hu\/en\/passengers\/transport\/public_transportation\/budapest_public_transportation<\/a><br><a href=\"https:\/\/www.budapestinfo.hu\/en\">https:\/\/www.budapestinfo.hu\/en<\/a><\/p>\n\n\n\n<p><strong>&nbsp;<\/strong><\/p>\n","protected":false},"excerpt":{"rendered":"<p>END 2025 will take place in hotel Danubius Hotel Helia, Budapest. It is located in Budapest\u2019s dynamic 8th district, on the bank of the Danube. The city centre is just 15 minutes away.&nbsp;Situated on the Pest side of the city, this 4 star hotel offers spectacular views of the Danube River and the urban landscape. [&hellip;]<\/p>\n","protected":false},"author":1,"featured_media":0,"parent":0,"menu_order":0,"comment_status":"closed","ping_status":"closed","template":"","meta":{"jetpack_post_was_ever_published":false,"footnotes":""},"class_list":["post-42","page","type-page","status-publish","hentry"],"jetpack_sharing_enabled":true,"jetpack_likes_enabled":true,"jetpack_shortlink":"https:\/\/wp.me\/PefuXO-G","_links":{"self":[{"href":"https:\/\/end-educationconference.org\/2025\/wp-json\/wp\/v2\/pages\/42","targetHints":{"allow":["GET"]}}],"collection":[{"href":"https:\/\/end-educationconference.org\/2025\/wp-json\/wp\/v2\/pages"}],"about":[{"href":"https:\/\/end-educationconference.org\/2025\/wp-json\/wp\/v2\/types\/page"}],"author":[{"embeddable":true,"href":"https:\/\/end-educationconference.org\/2025\/wp-json\/wp\/v2\/users\/1"}],"replies":[{"embeddable":true,"href":"https:\/\/end-educationconference.org\/2025\/wp-json\/wp\/v2\/comments?post=42"}],"version-history":[{"count":72,"href":"https:\/\/end-educationconference.org\/2025\/wp-json\/wp\/v2\/pages\/42\/revisions"}],"predecessor-version":[{"id":34082,"href":"https:\/\/end-educationconference.org\/2025\/wp-json\/wp\/v2\/pages\/42\/revisions\/34082"}],"wp:attachment":[{"href":"https:\/\/end-educationconference.org\/2025\/wp-json\/wp\/v2\/media?parent=42"}],"curies":[{"name":"wp","href":"https:\/\/api.w.org\/{rel}","templated":true}]}}