{"id":5148,"date":"2018-02-27T16:30:24","date_gmt":"2018-02-27T16:30:24","guid":{"rendered":"http:\/\/end-educationconference.org\/?page_id=5148"},"modified":"2024-10-04T14:59:24","modified_gmt":"2024-10-04T14:59:24","slug":"practical-information","status":"publish","type":"page","link":"https:\/\/end-educationconference.org\/2025\/practical-information\/","title":{"rendered":"Practical Information"},"content":{"rendered":"<p style=\"text-align: justify;\"><strong>Budapest<\/strong> is the capital of Hungary and situated in\u00a0Central Europe, embracing the two sides of the river Danube. With nearly 1,8 million citizens it\u2019s by far the largest city in the country. You almost can explore\u00a0two cities\u00a0in one, since Budapest is made up of Buda and Pest, with the Danube flowing between them, along a stretch of 28 kilometers. Buda\u00a0is built on a hill, on the Western bank of the river and forms the historical part of the city.\u00a0Pest\u00a0stands on a plain and it\u2019s more business-like with its shops and boulevards. You can walk between the two connected, but still very different parts of the city on its magnificent bridges.<\/p>\n<p><strong>Language: <\/strong><\/p>\n<p>Hungarian\u00a0is the official language of Hungary and Budapest. English is widely spoken in Budapest.<\/p>\n<p><strong>Visa:<\/strong><\/p>\n<p style=\"text-align: justify;\">Hungary is a Member of the Schengen Area, a group of 26 European countries that allow free movement of people between each of them. Therefore, citizens from any of these countries do not need a visa to visit Hungary. European Union, European Economic Area (Norway, Iceland, and Lichtenstein in addition to the EU states), and Switzerland citizens are qualified for a visa-free entry to Hungary. Given that they do not take up employment and their stay is limited to a maximum of 90 days per 180 days. All international nationals must possess valid identification and travel documents before entering Hungary. For detailed information and to verify if a visa is needed for your country check the following pages:<\/p>\n<p><a href=\"https:\/\/konzinfo.mfa.gov.hu\/en\">https:\/\/konzinfo.mfa.gov.hu\/en<\/a><br \/>\n<a href=\"https:\/\/www.flypgs.com\/en\/visa-information\/hungary#HungaryVisa\">https:\/\/www.flypgs.com\/en\/visa-information\/hungary#HungaryVisa<\/a><br \/>\n<a href=\"https:\/\/www.ivisa.com\/hungary\/schengen-visa\">https:\/\/www.ivisa.com\/hungary\/schengen-visa<\/a><br \/>\n<a href=\"https:\/\/www.vfsglobal.com\/en\/individuals\/index.html\">https:\/\/www.vfsglobal.com\/en\/individuals\/index.html<\/a><\/p>\n<p><strong>Currency:<\/strong><\/p>\n<p style=\"text-align: justify;\">Even if Hungary is part of the European Union, it is not part of the euro zone. The local currency is the\u00a0Hungarian Forint, but\u00a0you will often find prices written in euro. The Forint (HUF). 1 \u20ac = 393 HUF (the rate is variable). There are notes of 500, 1000, 2000, 5000, 10000, and 20000 forints, and coins of 5, 10, 20, 50 and 100 forints.<\/p>\n<p><strong>Time Zone:<\/strong><\/p>\n<p>The official time in Budapest is the UTC\/GMT +1 hour. In summer is UTC\/GMT +2 hours.<\/p>\n<p><strong>Climate:<\/strong><\/p>\n<p style=\"text-align: justify;\">Protected from the Siberian cold by the Carpathian mountains, Budapest has a temperate continental climate. Winters are long and cold (\u2013 1 \u00b0C \/ 30.2 \u00b0F on average). Summers are humid and warm. Budapest is one of the sunniest cities in Europe.<\/p>\n<p><strong>Electric Current:<\/strong><\/p>\n<p style=\"text-align: justify;\">European plugs are used with 2 pins with 220 volts AC at 50 cycles.<br \/>\nHungary uses the Europlug (CEE7\/16). This is the plug used in most other European countries. Visitors from outside Europe will also need the appropriate adapters to use their electrical appliances in Budapest.<\/p>\n<p><strong>Useful Telephone Numbers:<\/strong><\/p>\n<p>Country code: 36<br \/>\nEmergency call: 112<br \/>\nAmbulance service phone: 104<br \/>\nPolice phone: 107<br \/>\nFire emergency phone: 105<\/p>\n<p><strong>Getting Around Budapest:<\/strong><\/p>\n<p style=\"text-align: justify;\">The public transport network is dense in Budapest. Metros, trams and buses have the advantage of being rapid and inexpensive. Public transport is supervised by Budapesti K\u00f6zleked\u00e9si K\u00f6zpont (Centre for Budapest Transport). Transportation tickets should be purchased before boarding the bus, tram or entering the subway and need to be validated upon entry. Tickets are often checked while riding the vehicles or at the subway exits by controllers wearing arm-band and a photo-ID. You should always keep your ticket at all times till you exit the station or leave the vehicle. Check prices and timetables at <a href=\"https:\/\/bkk.hu\/en\/\">https:\/\/bkk.hu\/en\/<\/a><\/p>\n<p style=\"text-align: justify;\"><em>Car <\/em>&#8211; The road network is of excellent quality throughout the main routes. Car parks are generally very full.<\/p>\n<p style=\"text-align: justify;\"><em>Bus &#8211;<\/em> The bus network has variable frequencies depending on the bus line (from 15 to 90 minutes).<\/p>\n<p style=\"text-align: justify;\"><em>Tramway &#8211; <\/em>there are over 40 tramway lines. Very practical, the yellow tramways run regularly. The tramway uses the same tickets as the buses.<\/p>\n<p><em>Trolleybus<\/em> <strong>&#8211; <\/strong>there are 15 Trolleybus lines in the city. Lines 78 and 79 are particularly interesting for tourists in the centre of Budapest.<\/p>\n<p style=\"text-align: justify;\"><em>Metro<\/em> <strong>&#8211; <\/strong>four metro lines that run from 4:30 a.m. to 11 pm with a frequency of every 2 to 15 minutes.<\/p>\n<p style=\"text-align: justify;\"><em>Taxi <\/em>&#8211; the official taxis are yellow with the words &#8220;qualified Budapest taxi\/min\u0151s\u00edtett budapesti taxi&#8221; on the<br \/>\nleft-side front door, the number plates are yellow, and the dashboard and the two rear doors display a table of fixed official taxi fares. Not all taxis accept payment of the fare by credit card, so check with the driver before you get in.<\/p>\n<p style=\"text-align: justify;\"><em>Train<\/em> &#8211; The HEV train connects Budapest to the metropolitan areas.<\/p>\n<p style=\"text-align: justify;\"><strong>Tipping:<\/strong><\/p>\n<p style=\"text-align: justify;\">Tipping\u00a0is an important part of the Hungarian culture, and it is required by waiters, taxi drivers, hair dressers, and even gas station attendants.<\/p>\n<p style=\"text-align: justify;\"><strong>Smoking:<\/strong><\/p>\n<p style=\"text-align: justify;\">Smoking is strictly forbidden in all public facilities. A distance of 5 meters from the entrance must also be maintained. It is not permitted in public transport stops or in pedestrian underpasses. At the train stations only at the places marked for this purpose.<\/p>\n<p style=\"text-align: justify;\"><strong>Security:<\/strong><\/p>\n<p style=\"text-align: justify;\">Hungary is generally a safe country to visit. However, as with any travel destination, it\u2019s essential to stay aware of your surroundings, especially in crowded areas, and keep an eye on your belongings to prevent theft. Be wary of anyone trying to distract you, as this can be a common tactic used by pickpockets. Popular tourist attractions like\u00a0Fisherman\u2019s Bastion, and\u00a0Great Market Hall\u00a0can be attractive to pickpockets due to the large crowds. Be cautious on trams, buses, and the metro, especially during rush hours when it\u2019s crowded. Pay extra attention when getting on and off vehicles.<\/p>\n<p style=\"text-align: justify;\"><strong>Some useful links:<\/strong><\/p>\n<p><a href=\"https:\/\/www.budapestbylocals.com\/basic-budapest-facts\/\">https:\/\/www.budapestbylocals.com\/basic-budapest-facts\/<\/a><br \/>\n<a href=\"https:\/\/www.budapest.org\/en\/travel-tips\/\">https:\/\/www.budapest.org\/en\/travel-tips\/<\/a><\/p>\n","protected":false},"excerpt":{"rendered":"<p>Budapest is the capital of Hungary and situated in\u00a0Central Europe, embracing the two sides of the river Danube. With nearly 1,8 million citizens it\u2019s by far the largest city in the country. You almost can explore\u00a0two cities\u00a0in one, since Budapest is made up of Buda and Pest, with the Danube flowing between them, along a [&hellip;]<\/p>\n","protected":false},"author":1,"featured_media":0,"parent":0,"menu_order":0,"comment_status":"closed","ping_status":"closed","template":"","meta":{"jetpack_post_was_ever_published":false,"footnotes":""},"class_list":["post-5148","page","type-page","status-publish","hentry"],"jetpack_sharing_enabled":true,"jetpack_likes_enabled":true,"jetpack_shortlink":"https:\/\/wp.me\/PefuXO-1l2","_links":{"self":[{"href":"https:\/\/end-educationconference.org\/2025\/wp-json\/wp\/v2\/pages\/5148","targetHints":{"allow":["GET"]}}],"collection":[{"href":"https:\/\/end-educationconference.org\/2025\/wp-json\/wp\/v2\/pages"}],"about":[{"href":"https:\/\/end-educationconference.org\/2025\/wp-json\/wp\/v2\/types\/page"}],"author":[{"embeddable":true,"href":"https:\/\/end-educationconference.org\/2025\/wp-json\/wp\/v2\/users\/1"}],"replies":[{"embeddable":true,"href":"https:\/\/end-educationconference.org\/2025\/wp-json\/wp\/v2\/comments?post=5148"}],"version-history":[{"count":27,"href":"https:\/\/end-educationconference.org\/2025\/wp-json\/wp\/v2\/pages\/5148\/revisions"}],"predecessor-version":[{"id":33192,"href":"https:\/\/end-educationconference.org\/2025\/wp-json\/wp\/v2\/pages\/5148\/revisions\/33192"}],"wp:attachment":[{"href":"https:\/\/end-educationconference.org\/2025\/wp-json\/wp\/v2\/media?parent=5148"}],"curies":[{"name":"wp","href":"https:\/\/api.w.org\/{rel}","templated":true}]}}